{"id":114,"date":"2013-08-19T16:27:07","date_gmt":"2013-08-19T14:27:07","guid":{"rendered":"http:\/\/mauritius.evolutiontravel.it\/infovacanze\/?page_id=114"},"modified":"2018-01-17T11:31:22","modified_gmt":"2018-01-17T10:31:22","slug":"flotte-air-mauritius","status":"publish","type":"page","link":"https:\/\/mauritius.evolutiontravel.it\/infovacanze\/flotte-air-mauritius\/","title":{"rendered":"Flotte Air Mauritius"},"content":{"rendered":"<p>L&#8217;<strong>Air Mauritius, <\/strong>compagnia di bandiera dell&#8217;isola di Mauritius, ad oggi si occupa di circa <strong>venticinque\u00a0destinazioni<\/strong>\u00a0tra Europa, Asia, Australia ed Africa. Nonostante la sua giovane et\u00e0 (1967), vanta\u00a0<strong>flotte\u00a0di tutto rispetto<\/strong>, <strong>12 gli aerei<\/strong> che ne fanno parte.<\/p>\n<p>La compagnia possiede due\u00a0<strong>Airbus A340-300E <\/strong>chiamati\u00a0<strong>Le Flamboyant<\/strong>\u00a0e\u00a0<strong>Le Chamarel<\/strong>: entrambi garantiscono\u00a034 posti\u00a0in Businness Class e\u00a0<strong>266\u00a0in Economy<\/strong>. Nella prima potrete viaggiare comodamente su sedili di ultima generazione completamente reclinabili.<\/p>\n<p><img loading=\"lazy\" decoding=\"async\" class=\"alignright wp-image-267 size-medium\" src=\"https:\/\/mauritius.evolutiontravel.it\/infovacanze\/wp-content\/uploads\/sites\/15\/2014\/01\/mauritius-flights-300x207.jpg\" alt=\"Uno degli aeroplani dell'Air Mauritius\" width=\"300\" height=\"207\" srcset=\"https:\/\/mauritius.evolutiontravel.it\/infovacanze\/wp-content\/uploads\/sites\/15\/2014\/01\/mauritius-flights-300x207.jpg 300w, https:\/\/mauritius.evolutiontravel.it\/infovacanze\/wp-content\/uploads\/sites\/15\/2014\/01\/mauritius-flights-432x300.jpg 432w, https:\/\/mauritius.evolutiontravel.it\/infovacanze\/wp-content\/uploads\/sites\/15\/2014\/01\/mauritius-flights.jpg 479w\" sizes=\"(max-width: 300px) 100vw, 300px\" \/>Ci sono infatti anche quattro\u00a0<strong>Airbus A340-300<\/strong>\u00a0i cui nomi rendono omaggio agli uccelli endemici che vivono sull&#8217;isola di Mauritius:\u00a0<strong>Pink Pigeon<\/strong>,\u00a0<strong>Cardinal<\/strong>,\u00a0<strong>Parakeet<\/strong>\u00a0e\u00a0<strong>Paille-en-Queue<\/strong>.<\/p>\n<p>Questi velivoli sono utilizzati per i\u00a0<strong>viaggi a lungo raggio<\/strong>\u00a0e comprendono una Businness Class di 34 poltrone reclinabili e una Economy di 264. Ci sono poi due\u00a0<strong>ATR72-500\u00a0<\/strong>chiamati\u00a0<strong>Port Mathurin<\/strong>\u00a0e\u00a0<strong>Ile aux Aigrettes<\/strong>.<\/p>\n<p>L&#8217;Air mauritius non ha nulla da inviadiare ale flotte delle altre compagnie aeree. In suo possesso anche due\u00a0<strong>Airbus A319-100<\/strong>:\u00a0<strong>Mon Choisy<\/strong>\u00a0e\u00a0<strong>Blue Bay<\/strong>.<\/p>\n<p>Entrambi sono stati progettati per <strong>elevare il grado di\u00a0comfort\u00a0dei passeggeri<\/strong>: corridoi pi\u00f9 larghi, scomparti portaoggetti pi\u00f9 capienti e distanza tra i sedili maggiore per permettere facilit\u00e0 di movimento.<\/p>\n<p>Dal dicembre del 2007 c&#8217;\u00e8 anche un\u00a0<strong>A330-200 <\/strong>che si chiama\u00a0<strong>Trochetia<\/strong>, come il fiore endemico dell&#8217;isola, mentre dall&#8217;ottobre del 2009 opera anche un altro A330-200 chiamato\u00a0<strong>N\u00e9nuphar<\/strong>, in onore della pianta acquatica che cresce nel\u00a0<strong>Giardino Botanico di Pamplemousses<\/strong>. Entrambi i velivoli posseggono una Business Class di 24 poltrone e una Economy di 251 posti a sedere.<\/p>\n<p>Nella prima potrete viaggiare su\u00a0<strong>poltrone confortevoli reclinabili<\/strong>\u00a0con controllo a sfioramento, per un <strong>viaggio all&#8217;insegna del\u00a0relax<\/strong>. Anche per i passeggeri in Economy \u00e8 prevista la possibilit\u00e0 di un ottimo\u00a0<strong>intrattenimento a bordo<\/strong>: si pu\u00f2 infatti scegliere tra sessanta\u00a0<strong>CD<\/strong>\u00a0musicali ed un fornito database di\u00a0<strong>video-on-demand<\/strong>.<\/p>\n<p><strong>Leggi anche:<\/strong><\/p>\n<ul>\n<li><span style=\"text-decoration: underline\"><a href=\"https:\/\/mauritius.evolutiontravel.it\/infovacanze\/air-mauritius\/peso-bagagli\/\">Il peso dei bagali &#8211; Air Mauritius<\/a><\/span><\/li>\n<li><span style=\"text-decoration: underline\"><a href=\"https:\/\/mauritius.evolutiontravel.it\/infovacanze\/informazioni\/aeroporto\/\">Aeroporto dell&#8217;isola<\/a><\/span><\/li>\n<li><span style=\"text-decoration: underline\"><a href=\"https:\/\/mauritius.evolutiontravel.it\/infovacanze\/informazioni\/quando-andare\/\">Quando andare in vacanza a Mauritius?<\/a><\/span><\/li>\n<\/ul>\n<h3 style=\"text-align: center\">Mauritius a <span style=\"color: #008000\">MENO DI 1000 EURO<\/span>!<\/h3>\n<p style=\"text-align: center\"><strong><span style=\"color: #008000\">CLICCA SUBITO E SCOPRI<\/span><\/strong>: <strong>programma<\/strong>, <strong>destinazioni<\/strong>, <strong>attivit\u00e0<\/strong>, <strong>foto<\/strong>, <strong>commenti<\/strong> del tuo prossimo viaggio!<\/p>\n<div class=\"feedzy-64eedd4eb63a9459dfee5f3d53e5f0bc feedzy-rss\">\n\t\t<ul class=\"feedzy-style2\">\n\t\t\t\t\t<li  style=\"padding: 23px 0 38px\" class=\"rss_item feedzy-rss-col-3\" >\n\t\t\t\t\t\t\t\t\t<div class=\"rss_image\" style=\"width:225px; height:225px;\">\n\t\t\t\t\t\t<a href=\"https:\/\/mauritius.evolutiontravel.it\/it_IT\/900\/tab\/36789_una-notte-sotto-le-stelle-soggiorna-in-un-bubble-lodge.html\" target=\"_blank\" \n\t\t\t\t\t\t\trel=\"noopener \"\n\t\t\t\t\t\t\ttitle=\"Una notte sotto le stelle: soggiorna in un Bubble Lodge\"\n\t\t\t\t\t\t\tstyle=\"width:225px; height:225px;\">\n\t\t\t\t\t\t\t<span class=\"fetched\" style=\"background-image:  url('http:\/\/etcdn.net\/thumbnails\/36789\/it-isola-dei-cervi-una-notte-sotto-le-stelle-soggiorna-in-una-bubble-lodge-67f0f.jpg');\" title=\"Una notte sotto le stelle: soggiorna in un Bubble Lodge\"><\/span><amp-img width=\"225\" height=\"225\" src=\"http:\/\/etcdn.net\/thumbnails\/36789\/it-isola-dei-cervi-una-notte-sotto-le-stelle-soggiorna-in-una-bubble-lodge-67f0f.jpg\">\t\t\t\t\t\t<\/a>\n\t\t\t\t\t<\/div>\n\t\t\t\t\t\t\t\t<div class=\"rss_content_wrap\">\n\t\t\t\t\t<span class=\"title\">\n\t\t\t\t\t\t<a href=\"https:\/\/mauritius.evolutiontravel.it\/it_IT\/900\/tab\/36789_una-notte-sotto-le-stelle-soggiorna-in-un-bubble-lodge.html\" target=\"_blank\"  rel=\"noopener \">\n\t\t\t\t\t\t\tUna notte sotto le stelle: soggiorna in un Bubble Lodge\t\t\t\t\t\t<\/a>\n\t\t\t\t\t<\/span>\n\t\t\t\t\t<div class=\"rss_content\"\n\t\t\t\t\t\t\tstyle=\"\">\n\t\t\t\t\t\t\n\t\t\t\t\t\t\t\t\t\t\t\t<p class=\"description\">Un'esperienza indimenticabile: soggiornare in un bubble lodge da dove potrete ammirare una natura meravigliosa e splendidi cieli [&hellip;]<\/p>\n\t\t\t\t\t\t\n\t\t\t\t\t\t\t\t\t\t\t\t\t\t\t\t\t\t\t<div class=\"price-wrap\">\n\t\t\t\t\t\t\t\t<a href=\"https:\/\/mauritius.evolutiontravel.it\/it_IT\/900\/tab\/36789_una-notte-sotto-le-stelle-soggiorna-in-un-bubble-lodge.html\" target=\"_blank\" rel=\"noopener\"><button class=\"price\"> 650<\/button><\/a>\n\t\t\t\t\t\t\t<\/div>\n\t\t\t\t\t\t\t\t\t\t\t<\/div>\n\t\t\t\t<\/div>\n\t\t\t<\/li>\n\t\t\t\t\t\t<li  style=\"padding: 23px 0 38px\" class=\"rss_item feedzy-rss-col-3\" >\n\t\t\t\t\t\t\t\t\t<div class=\"rss_image\" style=\"width:225px; height:225px;\">\n\t\t\t\t\t\t<a href=\"https:\/\/mauritius.evolutiontravel.it\/it_IT\/900\/tab\/41623_vacanza-in-residence-a-pochi-passi-dalla-spiaggia.html\" target=\"_blank\" \n\t\t\t\t\t\t\trel=\"noopener \"\n\t\t\t\t\t\t\ttitle=\"Vacanza in Residence a pochi passi dalla spiaggia\"\n\t\t\t\t\t\t\tstyle=\"width:225px; height:225px;\">\n\t\t\t\t\t\t\t<span class=\"fetched\" style=\"background-image:  url('http:\/\/etcdn.net\/thumbnails\/41623\/it-trou-aux-biches-vacanza-in-residence-a-pochi-passi-dalla-spiaggia-87b5f.jpg');\" title=\"Vacanza in Residence a pochi passi dalla spiaggia\"><\/span><amp-img width=\"225\" height=\"225\" src=\"http:\/\/etcdn.net\/thumbnails\/41623\/it-trou-aux-biches-vacanza-in-residence-a-pochi-passi-dalla-spiaggia-87b5f.jpg\">\t\t\t\t\t\t<\/a>\n\t\t\t\t\t<\/div>\n\t\t\t\t\t\t\t\t<div class=\"rss_content_wrap\">\n\t\t\t\t\t<span class=\"title\">\n\t\t\t\t\t\t<a href=\"https:\/\/mauritius.evolutiontravel.it\/it_IT\/900\/tab\/41623_vacanza-in-residence-a-pochi-passi-dalla-spiaggia.html\" target=\"_blank\"  rel=\"noopener \">\n\t\t\t\t\t\t\tVacanza in Residence a pochi passi dalla spiaggia\t\t\t\t\t\t<\/a>\n\t\t\t\t\t<\/span>\n\t\t\t\t\t<div class=\"rss_content\"\n\t\t\t\t\t\t\tstyle=\"\">\n\t\t\t\t\t\t\n\t\t\t\t\t\t\t\t\t\t\t\t<p class=\"description\">Moderni appartamenti che si trovano ad un minuto dalla spiaggia, con piscina riscaldata e accesso ai servizi del vicino Le [&hellip;]<\/p>\n\t\t\t\t\t\t\n\t\t\t\t\t\t\t\t\t\t\t\t\t\t\t\t\t\t\t<div class=\"price-wrap\">\n\t\t\t\t\t\t\t\t<a href=\"https:\/\/mauritius.evolutiontravel.it\/it_IT\/900\/tab\/41623_vacanza-in-residence-a-pochi-passi-dalla-spiaggia.html\" target=\"_blank\" rel=\"noopener\"><button class=\"price\"> 960<\/button><\/a>\n\t\t\t\t\t\t\t<\/div>\n\t\t\t\t\t\t\t\t\t\t\t<\/div>\n\t\t\t\t<\/div>\n\t\t\t<\/li>\n\t\t\t\t\t\t<li  style=\"padding: 23px 0 38px\" class=\"rss_item feedzy-rss-col-3\" >\n\t\t\t\t\t\t\t\t\t<div class=\"rss_image\" style=\"width:225px; height:225px;\">\n\t\t\t\t\t\t<a href=\"https:\/\/mauritius.evolutiontravel.it\/it_IT\/900\/tab\/31984_lodge-la-vieille-cheminee-chamarel.html\" target=\"_blank\" \n\t\t\t\t\t\t\trel=\"noopener \"\n\t\t\t\t\t\t\ttitle=\"Lodge la Vieille Chemin\u00e9e Chamarel\"\n\t\t\t\t\t\t\tstyle=\"width:225px; height:225px;\">\n\t\t\t\t\t\t\t<span class=\"fetched\" style=\"background-image:  url('http:\/\/etcdn.net\/thumbnails\/31984\/it-chamarel-lodge-la-vieille-cheminee-chamarel-7575f.jpg');\" title=\"Lodge la Vieille Chemin\u00e9e Chamarel\"><\/span><amp-img width=\"225\" height=\"225\" src=\"http:\/\/etcdn.net\/thumbnails\/31984\/it-chamarel-lodge-la-vieille-cheminee-chamarel-7575f.jpg\">\t\t\t\t\t\t<\/a>\n\t\t\t\t\t<\/div>\n\t\t\t\t\t\t\t\t<div class=\"rss_content_wrap\">\n\t\t\t\t\t<span class=\"title\">\n\t\t\t\t\t\t<a href=\"https:\/\/mauritius.evolutiontravel.it\/it_IT\/900\/tab\/31984_lodge-la-vieille-cheminee-chamarel.html\" target=\"_blank\"  rel=\"noopener \">\n\t\t\t\t\t\t\tLodge la Vieille Chemin\u00e9e Chamarel\t\t\t\t\t\t<\/a>\n\t\t\t\t\t<\/span>\n\t\t\t\t\t<div class=\"rss_content\"\n\t\t\t\t\t\t\tstyle=\"\">\n\t\t\t\t\t\t\n\t\t\t\t\t\t\t\t\t\t\t\t<p class=\"description\">Questi deliziosi cottage sul versante sud-ovest della costa sono l'ideale\u00a0per vivere in modo diverso il soggiorno a Mauritius. [&hellip;]<\/p>\n\t\t\t\t\t\t\n\t\t\t\t\t\t\t\t\t\t\t\t\t\t\t\t\t\t\t<div class=\"price-wrap\">\n\t\t\t\t\t\t\t\t<a href=\"https:\/\/mauritius.evolutiontravel.it\/it_IT\/900\/tab\/31984_lodge-la-vieille-cheminee-chamarel.html\" target=\"_blank\" rel=\"noopener\"><button class=\"price\"> 590<\/button><\/a>\n\t\t\t\t\t\t\t<\/div>\n\t\t\t\t\t\t\t\t\t\t\t<\/div>\n\t\t\t\t<\/div>\n\t\t\t<\/li>\n\t\t\t\t\t\t<li  style=\"padding: 23px 0 38px\" class=\"rss_item feedzy-rss-col-3\" >\n\t\t\t\t\t\t\t\t\t<div class=\"rss_image\" style=\"width:225px; height:225px;\">\n\t\t\t\t\t\t<a href=\"https:\/\/mauritius.evolutiontravel.it\/it_IT\/900\/tab\/38586_chalets-chamarel.html\" target=\"_blank\" \n\t\t\t\t\t\t\trel=\"noopener \"\n\t\t\t\t\t\t\ttitle=\"Chalets Chamarel\"\n\t\t\t\t\t\t\tstyle=\"width:225px; height:225px;\">\n\t\t\t\t\t\t\t<span class=\"fetched\" style=\"background-image:  url('http:\/\/etcdn.net\/thumbnails\/38586\/it-chamarel-chalets-chamarel-7579f.jpg');\" title=\"Chalets Chamarel\"><\/span><amp-img width=\"225\" height=\"225\" src=\"http:\/\/etcdn.net\/thumbnails\/38586\/it-chamarel-chalets-chamarel-7579f.jpg\">\t\t\t\t\t\t<\/a>\n\t\t\t\t\t<\/div>\n\t\t\t\t\t\t\t\t<div class=\"rss_content_wrap\">\n\t\t\t\t\t<span class=\"title\">\n\t\t\t\t\t\t<a href=\"https:\/\/mauritius.evolutiontravel.it\/it_IT\/900\/tab\/38586_chalets-chamarel.html\" target=\"_blank\"  rel=\"noopener \">\n\t\t\t\t\t\t\tChalets Chamarel\t\t\t\t\t\t<\/a>\n\t\t\t\t\t<\/span>\n\t\t\t\t\t<div class=\"rss_content\"\n\t\t\t\t\t\t\tstyle=\"\">\n\t\t\t\t\t\t\n\t\t\t\t\t\t\t\t\t\t\t\t<p class=\"description\">Prenditi una pausa dal trambusto e immergiti nella natura di uno Chalet a Chamarel. Una fuga tra panorami spettacolari, dall'alba [&hellip;]<\/p>\n\t\t\t\t\t\t\n\t\t\t\t\t\t\t\t\t\t\t\t\t\t\t\t\t\t\t<div class=\"price-wrap\">\n\t\t\t\t\t\t\t\t<a href=\"https:\/\/mauritius.evolutiontravel.it\/it_IT\/900\/tab\/38586_chalets-chamarel.html\" target=\"_blank\" rel=\"noopener\"><button class=\"price\"> 560<\/button><\/a>\n\t\t\t\t\t\t\t<\/div>\n\t\t\t\t\t\t\t\t\t\t\t<\/div>\n\t\t\t\t<\/div>\n\t\t\t<\/li>\n\t\t\t\t<\/ul>\n<\/div>\n<style type=\"text\/css\" media=\"all\">.feedzy-rss .rss_item .rss_image{float:left;position:relative;border:none;text-decoration:none;max-width:100%}.feedzy-rss .rss_item .rss_image span{display:inline-block;position:absolute;width:100%;height:100%;background-position:50%;background-size:cover}.feedzy-rss .rss_item .rss_image{margin:.3em 1em 0 0;content-visibility:auto}.feedzy-rss ul{list-style:none}.feedzy-rss ul li{display:inline-block}<\/style>\n","protected":false},"excerpt":{"rendered":"<p>L&#8217;Air Mauritius, compagnia di bandiera dell&#8217;isola di Mauritius, ad oggi si occupa di circa venticinque\u00a0destinazioni\u00a0tra Europa, Asia, Australia ed Africa. Nonostante la sua giovane et\u00e0 (1967), vanta\u00a0flotte\u00a0di tutto rispetto, 12 gli aerei che ne fanno parte. La compagnia possiede due\u00a0Airbus A340-300E chiamati\u00a0Le Flamboyant\u00a0e\u00a0Le Chamarel: entrambi garantiscono\u00a034 posti\u00a0in Businness Class e\u00a0266\u00a0in Economy. Nella prima potrete viaggiare <a class=\"moretag\" href=\"https:\/\/mauritius.evolutiontravel.it\/infovacanze\/flotte-air-mauritius\/\">[&#8230;]<\/a><\/p>\n","protected":false},"author":1,"featured_media":0,"parent":0,"menu_order":0,"comment_status":"closed","ping_status":"open","template":"templates\/template-with-right-sidebar.php","meta":{"footnotes":""},"yoast_head":"<!-- This site is optimized with the Yoast SEO plugin v21.9.1 - https:\/\/yoast.com\/wordpress\/plugins\/seo\/ -->\n<title>Flotte Air Mauritius, comfort e relax a bord degli aerei<\/title>\n<meta name=\"description\" content=\"Informazioni sulle flotte dell&#039;Air Mauritius: comfort e servizi a bordo per un viaggio in aereo all&#039;insegna del relax. Leggi il nostro articolo!\" \/>\n<meta name=\"robots\" content=\"index, follow, max-snippet:-1, max-image-preview:large, max-video-preview:-1\" \/>\n<link rel=\"canonical\" href=\"https:\/\/mauritius.evolutiontravel.it\/infovacanze\/air-mauritius__trashed\/flotte-air-mauritius\/\" \/>\n<meta name=\"twitter:label1\" content=\"Tempo di lettura stimato\" \/>\n\t<meta name=\"twitter:data1\" content=\"2 minuti\" \/>\n<script type=\"application\/ld+json\" class=\"yoast-schema-graph\">{\"@context\":\"https:\/\/schema.org\",\"@graph\":[{\"@type\":\"WebPage\",\"@id\":\"https:\/\/mauritius.evolutiontravel.it\/infovacanze\/air-mauritius__trashed\/flotte-air-mauritius\/\",\"url\":\"https:\/\/mauritius.evolutiontravel.it\/infovacanze\/air-mauritius__trashed\/flotte-air-mauritius\/\",\"name\":\"Flotte Air Mauritius, comfort e relax a bord degli aerei\",\"isPartOf\":{\"@id\":\"https:\/\/mauritius.evolutiontravel.it\/infovacanze\/#website\"},\"datePublished\":\"2013-08-19T14:27:07+00:00\",\"dateModified\":\"2018-01-17T10:31:22+00:00\",\"description\":\"Informazioni sulle flotte dell'Air Mauritius: comfort e servizi a bordo per un viaggio in aereo all'insegna del relax. Leggi il nostro articolo!\",\"inLanguage\":\"it-IT\",\"potentialAction\":[{\"@type\":\"ReadAction\",\"target\":[\"https:\/\/mauritius.evolutiontravel.it\/infovacanze\/air-mauritius__trashed\/flotte-air-mauritius\/\"]}]},{\"@type\":\"WebSite\",\"@id\":\"https:\/\/mauritius.evolutiontravel.it\/infovacanze\/#website\",\"url\":\"https:\/\/mauritius.evolutiontravel.it\/infovacanze\/\",\"name\":\"Mauritius\",\"description\":\"\",\"potentialAction\":[{\"@type\":\"SearchAction\",\"target\":{\"@type\":\"EntryPoint\",\"urlTemplate\":\"https:\/\/mauritius.evolutiontravel.it\/infovacanze\/?s={search_term_string}\"},\"query-input\":\"required name=search_term_string\"}],\"inLanguage\":\"it-IT\"}]}<\/script>\n<!-- \/ Yoast SEO plugin. -->","yoast_head_json":{"title":"Flotte Air Mauritius, comfort e relax a bord degli aerei","description":"Informazioni sulle flotte dell'Air Mauritius: comfort e servizi a bordo per un viaggio in aereo all'insegna del relax. Leggi il nostro articolo!","robots":{"index":"index","follow":"follow","max-snippet":"max-snippet:-1","max-image-preview":"max-image-preview:large","max-video-preview":"max-video-preview:-1"},"canonical":"https:\/\/mauritius.evolutiontravel.it\/infovacanze\/air-mauritius__trashed\/flotte-air-mauritius\/","twitter_misc":{"Tempo di lettura stimato":"2 minuti"},"schema":{"@context":"https:\/\/schema.org","@graph":[{"@type":"WebPage","@id":"https:\/\/mauritius.evolutiontravel.it\/infovacanze\/air-mauritius__trashed\/flotte-air-mauritius\/","url":"https:\/\/mauritius.evolutiontravel.it\/infovacanze\/air-mauritius__trashed\/flotte-air-mauritius\/","name":"Flotte Air Mauritius, comfort e relax a bord degli aerei","isPartOf":{"@id":"https:\/\/mauritius.evolutiontravel.it\/infovacanze\/#website"},"datePublished":"2013-08-19T14:27:07+00:00","dateModified":"2018-01-17T10:31:22+00:00","description":"Informazioni sulle flotte dell'Air Mauritius: comfort e servizi a bordo per un viaggio in aereo all'insegna del relax. Leggi il nostro articolo!","inLanguage":"it-IT","potentialAction":[{"@type":"ReadAction","target":["https:\/\/mauritius.evolutiontravel.it\/infovacanze\/air-mauritius__trashed\/flotte-air-mauritius\/"]}]},{"@type":"WebSite","@id":"https:\/\/mauritius.evolutiontravel.it\/infovacanze\/#website","url":"https:\/\/mauritius.evolutiontravel.it\/infovacanze\/","name":"Mauritius","description":"","potentialAction":[{"@type":"SearchAction","target":{"@type":"EntryPoint","urlTemplate":"https:\/\/mauritius.evolutiontravel.it\/infovacanze\/?s={search_term_string}"},"query-input":"required name=search_term_string"}],"inLanguage":"it-IT"}]}},"_links":{"self":[{"href":"https:\/\/mauritius.evolutiontravel.it\/infovacanze\/wp-json\/wp\/v2\/pages\/114"}],"collection":[{"href":"https:\/\/mauritius.evolutiontravel.it\/infovacanze\/wp-json\/wp\/v2\/pages"}],"about":[{"href":"https:\/\/mauritius.evolutiontravel.it\/infovacanze\/wp-json\/wp\/v2\/types\/page"}],"author":[{"embeddable":true,"href":"https:\/\/mauritius.evolutiontravel.it\/infovacanze\/wp-json\/wp\/v2\/users\/1"}],"replies":[{"embeddable":true,"href":"https:\/\/mauritius.evolutiontravel.it\/infovacanze\/wp-json\/wp\/v2\/comments?post=114"}],"version-history":[{"count":9,"href":"https:\/\/mauritius.evolutiontravel.it\/infovacanze\/wp-json\/wp\/v2\/pages\/114\/revisions"}],"predecessor-version":[{"id":894,"href":"https:\/\/mauritius.evolutiontravel.it\/infovacanze\/wp-json\/wp\/v2\/pages\/114\/revisions\/894"}],"wp:attachment":[{"href":"https:\/\/mauritius.evolutiontravel.it\/infovacanze\/wp-json\/wp\/v2\/media?parent=114"}],"curies":[{"name":"wp","href":"https:\/\/api.w.org\/{rel}","templated":true}]}}