{"id":134,"date":"2013-08-19T16:51:59","date_gmt":"2013-08-19T14:51:59","guid":{"rendered":"http:\/\/mauritius.evolutiontravel.it\/infovacanze\/?page_id=134"},"modified":"2019-03-20T10:47:43","modified_gmt":"2019-03-20T09:47:43","slug":"spiagge","status":"publish","type":"page","link":"https:\/\/mauritius.evolutiontravel.it\/infovacanze\/spiagge\/","title":{"rendered":"Spiagge a Mauritius"},"content":{"rendered":"<p><strong>Le spiagge di Mauritius<\/strong> sono la <strong>maggiore attrazione<\/strong> di questa meta di vacanze, decidere qual sia la pi\u00f9 bella \u00e8 difficile, come mostra <a title=\"mappa mauritius\" href=\"https:\/\/mauritius.evolutiontravel.it\/infovacanze\/informazioni\/mappa-isole\/\">la mappa<\/a> l\u2019isola \u00e8 essa stessa un <strong>susseguirsi di coste e litorali <\/strong>meravigliosi,<strong>\u00a0pi\u00f9 di 300 chilometri di spiagge e<\/strong> circondata dalla barriera corallina.<\/p>\n<p>In questo articolo elenchiamo i principali lidi suddivisi <strong>per costa, da nord a sud<\/strong>, da poter raggiungere per stendersi sulla sabbia bianca anche quando in Italia \u00e8 pieno inverno.<\/p>\n<h2>Spiagge a nord di Mauritius<\/h2>\n<p><strong>Mont Choisy<\/strong> \u00e8 uno dei litorali pi\u00f9 noti. Nella parte meridionale sono molti i complessi residenziali, mentre la spiaggia si presenta certamente <strong>pi\u00f9 selvaggia nella parte settentrionale<\/strong>.<\/p>\n<p>Sempre nella costa nord troviamo Grand Baie,\u00a0Pereyb\u00e8re\u00a0e\u00a0Cap Malheureux.<\/p>\n<p><a title=\"grand baie\" href=\"https:\/\/mauritius.evolutiontravel.it\/infovacanze\/racconti-di-viaggio\/grand-baie\/\"><strong>Grand Baie<\/strong><\/a> \u00e8 una baia molto estesa e riparata dalle correnti oceaniche, dove sorge un <strong>porto turistico<\/strong>. E&#8217;\u00a0 il luogo ideale per praticare <strong>sci nautico, vela, windsurf e <a title=\"pesca mauritius\" href=\"https:\/\/mauritius.evolutiontravel.it\/infovacanze\/pesca\/\">pesca in alto mare<\/a><\/strong>, ma anche per fare acquisti in uno dei <strong>tanti negozi<\/strong> o ascoltare un concerto in uno dei molti club di musica dal vivo.<\/p>\n<p><strong>Pereyb\u00e8re \u00e8 una spiaggia all&#8217;interno di una piccola insenatura,<\/strong> famosa per il colore turchese intenso dell\u2019acqua, dovuto a una maggiore profondit\u00e0 dei fondali, \u00e8 uno dei posti ideali <a href=\"https:\/\/mauritius.evolutiontravel.it\/infovacanze\/snorkeling\/\"><strong>dove fare snorkeling<\/strong><\/a>.<\/p>\n<p><strong>Cap Malheureux<\/strong> \u00e8 <strong>meta di turismo giovanile<\/strong>, ed \u00e8 caratterizzata da bagnasciuga non molto estesi.\u00a0Al largo affiora l\u2019<strong>isolotto disabitato di\u00a0Coin de Mire<\/strong>, raggiungibile in barca e frequentato da chi fa birdwatchig.<\/p>\n<p><strong>Pointe aux Canonnier<\/strong>, vicino Mont Choisy, \u00e8 una spettacolare lingua di sabbia situata fra le acque cristalline di una laguna, da qui \u00e8 possibile ammirare <strong>il vecchio faro<\/strong>.<br \/>\n<img loading=\"lazy\" decoding=\"async\" class=\"alignright wp-image-320 size-full\" src=\"https:\/\/mauritius.evolutiontravel.it\/infovacanze\/wp-content\/uploads\/sites\/15\/2014\/01\/beaurivage-mauritius.jpg\" alt=\"spiaggia di Mauritius\" width=\"580\" height=\"481\" srcset=\"https:\/\/mauritius.evolutiontravel.it\/infovacanze\/wp-content\/uploads\/sites\/15\/2014\/01\/beaurivage-mauritius.jpg 580w, https:\/\/mauritius.evolutiontravel.it\/infovacanze\/wp-content\/uploads\/sites\/15\/2014\/01\/beaurivage-mauritius-300x248.jpg 300w, https:\/\/mauritius.evolutiontravel.it\/infovacanze\/wp-content\/uploads\/sites\/15\/2014\/01\/beaurivage-mauritius-361x300.jpg 361w\" sizes=\"(max-width: 580px) 100vw, 580px\" \/><\/p>\n<h2>Spiagge costa est di Mauritius<\/h2>\n<p>Proseguendo verso la\u00a0costa est troviamo\u00a0<strong>Roches Noires<\/strong>, accarezzata tutto l\u2019anno dai venti del sudest, che la rende una delle mete preferite da chi ama il<strong> windsurf<\/strong> o da chi cerca un po\u2019 di fresco durante i mesi pi\u00f9 caldi.<\/p>\n<p>E poi <strong>Trou d\u2019Eau Douce<\/strong>\u00a0(letteralmente \u201c<em>buco d\u2019acqua dolce<\/em>\u201d, per la presenza di una sorgente), un <strong>piccolo, tranquillo villaggio di pescatori.<\/strong><\/p>\n<p>Da qui \u00e8 possibile raggiungere in barca l\u2019<a title=\"isola dei cervi\" href=\"https:\/\/mauritius.evolutiontravel.it\/infovacanze\/racconti-di-viaggio\/isola-dei-cervi\/\"><strong>Ile aux Cerfs<\/strong>\u00a0(isola dei cervi)<\/a>, dove si possono ammirare <strong>i cervi di Giava<\/strong> che vivono in libert\u00e0 sull\u2019isola e i cui lidi sono famosi per la presenza di alberi di casuarina.<\/p>\n<p>Suggestivi i lungomari e lidi di <strong>Palmar<\/strong> e <a title=\"belle mare\" href=\"https:\/\/mauritius.evolutiontravel.it\/infovacanze\/racconti-di-viaggio\/belle-mare\/\"><strong>Belle Mare<\/strong><\/a>, che si estendono per tutta la costa e delimitate da un lato dalle foreste e dall\u2019altro dalla laguna.<\/p>\n<h2>Spiagge a sud di Mauritius<\/h2>\n<p><strong>Blue Bay<\/strong>, splendida insenatura incorniciata da alberi di filaos dove \u00e8 possibile praticare vari sport acquatici. Spostandosi verso\u00a0ovest\u00a0ci si imbatte in <a href=\"https:\/\/mauritius.evolutiontravel.it\/infovacanze\/racconti-di-viaggio\/flic-en-flac\/\"><strong>una delle pi\u00f9 incantevoli spiagge di Mauritius<\/strong>,\u00a0<strong>Flic en Flac<\/strong><\/a>, da molti considerata <strong>una delle pi\u00f9 belle di tutto l\u2019Oceano Indiano<\/strong>. Il suo nome deriva da una antica frase olandese \u201cFried Landt Flaak\u201d, la cui traduzione \u00e8 \u201c<em>terra libera e piatta<\/em>\u201d.<\/p>\n<p><strong>Tre chilometri di sabbia bianca e acque trasparenti<\/strong> circondate dalla barriera corallina sono i punti di forza di questo luogo che offre anche strutture dotate di moderni centri commerciali, bar, ristoranti e locali per il divertimento notturno.<\/p>\n<p>Mauritius \u00e8 una vera e propria &#8220;perla vulcanica&#8221; che affiora dall\u2019Oceano Indiano. Quest\u2019isola, insieme a <a title=\"rodrigues mauritius\" href=\"https:\/\/mauritius.evolutiontravel.it\/infovacanze\/racconti-di-viaggio\/isola-rodrigues\/\"><strong>Rodrigues<\/strong><\/a> e ad alcuni isolotti corallini, fa parte delle Mascarene.<\/p>\n<h3 style=\"text-align: center\">Mauritius a <span style=\"color: #008000\">MENO DI 1000 EURO<\/span>!<\/h3>\n<p style=\"text-align: center\"><strong><span style=\"color: #008000\">SCOPRI SUBITO TUTTI I DETTAGLI DEL VIAGGIO:<\/span><\/strong><\/p>\n<p style=\"text-align: center\"><strong>programma<\/strong>, <strong>destinazioni<\/strong>, <strong>attivit\u00e0<\/strong>, <strong>foto<\/strong>, <strong>commenti<\/strong>!<\/p>\n<div class=\"feedzy-64eedd4eb63a9459dfee5f3d53e5f0bc feedzy-rss\">\n\t\t<ul class=\"feedzy-style2\">\n\t\t\t\t\t<li  style=\"padding: 23px 0 38px\" class=\"rss_item feedzy-rss-col-3\" >\n\t\t\t\t\t\t\t\t\t<div class=\"rss_image\" style=\"width:225px; height:225px;\">\n\t\t\t\t\t\t<a href=\"https:\/\/mauritius.evolutiontravel.it\/it_IT\/900\/tab\/36789_una-notte-sotto-le-stelle-soggiorna-in-un-bubble-lodge.html\" target=\"_blank\" \n\t\t\t\t\t\t\trel=\"noopener \"\n\t\t\t\t\t\t\ttitle=\"Una notte sotto le stelle: soggiorna in un Bubble Lodge\"\n\t\t\t\t\t\t\tstyle=\"width:225px; height:225px;\">\n\t\t\t\t\t\t\t<span class=\"fetched\" style=\"background-image:  url('http:\/\/etcdn.net\/thumbnails\/36789\/it-isola-dei-cervi-una-notte-sotto-le-stelle-soggiorna-in-una-bubble-lodge-67f0f.jpg');\" title=\"Una notte sotto le stelle: soggiorna in un Bubble Lodge\"><\/span><amp-img width=\"225\" height=\"225\" src=\"http:\/\/etcdn.net\/thumbnails\/36789\/it-isola-dei-cervi-una-notte-sotto-le-stelle-soggiorna-in-una-bubble-lodge-67f0f.jpg\">\t\t\t\t\t\t<\/a>\n\t\t\t\t\t<\/div>\n\t\t\t\t\t\t\t\t<div class=\"rss_content_wrap\">\n\t\t\t\t\t<span class=\"title\">\n\t\t\t\t\t\t<a href=\"https:\/\/mauritius.evolutiontravel.it\/it_IT\/900\/tab\/36789_una-notte-sotto-le-stelle-soggiorna-in-un-bubble-lodge.html\" target=\"_blank\"  rel=\"noopener \">\n\t\t\t\t\t\t\tUna notte sotto le stelle: soggiorna in un Bubble Lodge\t\t\t\t\t\t<\/a>\n\t\t\t\t\t<\/span>\n\t\t\t\t\t<div class=\"rss_content\"\n\t\t\t\t\t\t\tstyle=\"\">\n\t\t\t\t\t\t\n\t\t\t\t\t\t\t\t\t\t\t\t<p class=\"description\">Un'esperienza indimenticabile: soggiornare in un bubble lodge da dove potrete ammirare una natura meravigliosa e splendidi cieli [&hellip;]<\/p>\n\t\t\t\t\t\t\n\t\t\t\t\t\t\t\t\t\t\t\t\t\t\t\t\t\t\t<div class=\"price-wrap\">\n\t\t\t\t\t\t\t\t<a href=\"https:\/\/mauritius.evolutiontravel.it\/it_IT\/900\/tab\/36789_una-notte-sotto-le-stelle-soggiorna-in-un-bubble-lodge.html\" target=\"_blank\" rel=\"noopener\"><button class=\"price\"> 650<\/button><\/a>\n\t\t\t\t\t\t\t<\/div>\n\t\t\t\t\t\t\t\t\t\t\t<\/div>\n\t\t\t\t<\/div>\n\t\t\t<\/li>\n\t\t\t\t\t\t<li  style=\"padding: 23px 0 38px\" class=\"rss_item feedzy-rss-col-3\" >\n\t\t\t\t\t\t\t\t\t<div class=\"rss_image\" style=\"width:225px; height:225px;\">\n\t\t\t\t\t\t<a href=\"https:\/\/mauritius.evolutiontravel.it\/it_IT\/900\/tab\/41623_vacanza-in-residence-a-pochi-passi-dalla-spiaggia.html\" target=\"_blank\" \n\t\t\t\t\t\t\trel=\"noopener \"\n\t\t\t\t\t\t\ttitle=\"Vacanza in Residence a pochi passi dalla spiaggia\"\n\t\t\t\t\t\t\tstyle=\"width:225px; height:225px;\">\n\t\t\t\t\t\t\t<span class=\"fetched\" style=\"background-image:  url('http:\/\/etcdn.net\/thumbnails\/41623\/it-trou-aux-biches-vacanza-in-residence-a-pochi-passi-dalla-spiaggia-87b5f.jpg');\" title=\"Vacanza in Residence a pochi passi dalla spiaggia\"><\/span><amp-img width=\"225\" height=\"225\" src=\"http:\/\/etcdn.net\/thumbnails\/41623\/it-trou-aux-biches-vacanza-in-residence-a-pochi-passi-dalla-spiaggia-87b5f.jpg\">\t\t\t\t\t\t<\/a>\n\t\t\t\t\t<\/div>\n\t\t\t\t\t\t\t\t<div class=\"rss_content_wrap\">\n\t\t\t\t\t<span class=\"title\">\n\t\t\t\t\t\t<a href=\"https:\/\/mauritius.evolutiontravel.it\/it_IT\/900\/tab\/41623_vacanza-in-residence-a-pochi-passi-dalla-spiaggia.html\" target=\"_blank\"  rel=\"noopener \">\n\t\t\t\t\t\t\tVacanza in Residence a pochi passi dalla spiaggia\t\t\t\t\t\t<\/a>\n\t\t\t\t\t<\/span>\n\t\t\t\t\t<div class=\"rss_content\"\n\t\t\t\t\t\t\tstyle=\"\">\n\t\t\t\t\t\t\n\t\t\t\t\t\t\t\t\t\t\t\t<p class=\"description\">Moderni appartamenti che si trovano ad un minuto dalla spiaggia, con piscina riscaldata e accesso ai servizi del vicino Le [&hellip;]<\/p>\n\t\t\t\t\t\t\n\t\t\t\t\t\t\t\t\t\t\t\t\t\t\t\t\t\t\t<div class=\"price-wrap\">\n\t\t\t\t\t\t\t\t<a href=\"https:\/\/mauritius.evolutiontravel.it\/it_IT\/900\/tab\/41623_vacanza-in-residence-a-pochi-passi-dalla-spiaggia.html\" target=\"_blank\" rel=\"noopener\"><button class=\"price\"> 960<\/button><\/a>\n\t\t\t\t\t\t\t<\/div>\n\t\t\t\t\t\t\t\t\t\t\t<\/div>\n\t\t\t\t<\/div>\n\t\t\t<\/li>\n\t\t\t\t\t\t<li  style=\"padding: 23px 0 38px\" class=\"rss_item feedzy-rss-col-3\" >\n\t\t\t\t\t\t\t\t\t<div class=\"rss_image\" style=\"width:225px; height:225px;\">\n\t\t\t\t\t\t<a href=\"https:\/\/mauritius.evolutiontravel.it\/it_IT\/900\/tab\/31984_lodge-la-vieille-cheminee-chamarel.html\" target=\"_blank\" \n\t\t\t\t\t\t\trel=\"noopener \"\n\t\t\t\t\t\t\ttitle=\"Lodge la Vieille Chemin\u00e9e Chamarel\"\n\t\t\t\t\t\t\tstyle=\"width:225px; height:225px;\">\n\t\t\t\t\t\t\t<span class=\"fetched\" style=\"background-image:  url('http:\/\/etcdn.net\/thumbnails\/31984\/it-chamarel-lodge-la-vieille-cheminee-chamarel-7575f.jpg');\" title=\"Lodge la Vieille Chemin\u00e9e Chamarel\"><\/span><amp-img width=\"225\" height=\"225\" src=\"http:\/\/etcdn.net\/thumbnails\/31984\/it-chamarel-lodge-la-vieille-cheminee-chamarel-7575f.jpg\">\t\t\t\t\t\t<\/a>\n\t\t\t\t\t<\/div>\n\t\t\t\t\t\t\t\t<div class=\"rss_content_wrap\">\n\t\t\t\t\t<span class=\"title\">\n\t\t\t\t\t\t<a href=\"https:\/\/mauritius.evolutiontravel.it\/it_IT\/900\/tab\/31984_lodge-la-vieille-cheminee-chamarel.html\" target=\"_blank\"  rel=\"noopener \">\n\t\t\t\t\t\t\tLodge la Vieille Chemin\u00e9e Chamarel\t\t\t\t\t\t<\/a>\n\t\t\t\t\t<\/span>\n\t\t\t\t\t<div class=\"rss_content\"\n\t\t\t\t\t\t\tstyle=\"\">\n\t\t\t\t\t\t\n\t\t\t\t\t\t\t\t\t\t\t\t<p class=\"description\">Questi deliziosi cottage sul versante sud-ovest della costa sono l'ideale\u00a0per vivere in modo diverso il soggiorno a Mauritius. [&hellip;]<\/p>\n\t\t\t\t\t\t\n\t\t\t\t\t\t\t\t\t\t\t\t\t\t\t\t\t\t\t<div class=\"price-wrap\">\n\t\t\t\t\t\t\t\t<a href=\"https:\/\/mauritius.evolutiontravel.it\/it_IT\/900\/tab\/31984_lodge-la-vieille-cheminee-chamarel.html\" target=\"_blank\" rel=\"noopener\"><button class=\"price\"> 590<\/button><\/a>\n\t\t\t\t\t\t\t<\/div>\n\t\t\t\t\t\t\t\t\t\t\t<\/div>\n\t\t\t\t<\/div>\n\t\t\t<\/li>\n\t\t\t\t\t\t<li  style=\"padding: 23px 0 38px\" class=\"rss_item feedzy-rss-col-3\" >\n\t\t\t\t\t\t\t\t\t<div class=\"rss_image\" style=\"width:225px; height:225px;\">\n\t\t\t\t\t\t<a href=\"https:\/\/mauritius.evolutiontravel.it\/it_IT\/900\/tab\/38586_chalets-chamarel.html\" target=\"_blank\" \n\t\t\t\t\t\t\trel=\"noopener \"\n\t\t\t\t\t\t\ttitle=\"Chalets Chamarel\"\n\t\t\t\t\t\t\tstyle=\"width:225px; height:225px;\">\n\t\t\t\t\t\t\t<span class=\"fetched\" style=\"background-image:  url('http:\/\/etcdn.net\/thumbnails\/38586\/it-chamarel-chalets-chamarel-7579f.jpg');\" title=\"Chalets Chamarel\"><\/span><amp-img width=\"225\" height=\"225\" src=\"http:\/\/etcdn.net\/thumbnails\/38586\/it-chamarel-chalets-chamarel-7579f.jpg\">\t\t\t\t\t\t<\/a>\n\t\t\t\t\t<\/div>\n\t\t\t\t\t\t\t\t<div class=\"rss_content_wrap\">\n\t\t\t\t\t<span class=\"title\">\n\t\t\t\t\t\t<a href=\"https:\/\/mauritius.evolutiontravel.it\/it_IT\/900\/tab\/38586_chalets-chamarel.html\" target=\"_blank\"  rel=\"noopener \">\n\t\t\t\t\t\t\tChalets Chamarel\t\t\t\t\t\t<\/a>\n\t\t\t\t\t<\/span>\n\t\t\t\t\t<div class=\"rss_content\"\n\t\t\t\t\t\t\tstyle=\"\">\n\t\t\t\t\t\t\n\t\t\t\t\t\t\t\t\t\t\t\t<p class=\"description\">Prenditi una pausa dal trambusto e immergiti nella natura di uno Chalet a Chamarel. Una fuga tra panorami spettacolari, dall'alba [&hellip;]<\/p>\n\t\t\t\t\t\t\n\t\t\t\t\t\t\t\t\t\t\t\t\t\t\t\t\t\t\t<div class=\"price-wrap\">\n\t\t\t\t\t\t\t\t<a href=\"https:\/\/mauritius.evolutiontravel.it\/it_IT\/900\/tab\/38586_chalets-chamarel.html\" target=\"_blank\" rel=\"noopener\"><button class=\"price\"> 560<\/button><\/a>\n\t\t\t\t\t\t\t<\/div>\n\t\t\t\t\t\t\t\t\t\t\t<\/div>\n\t\t\t\t<\/div>\n\t\t\t<\/li>\n\t\t\t\t<\/ul>\n<\/div>\n<style type=\"text\/css\" media=\"all\">.feedzy-rss .rss_item .rss_image{float:left;position:relative;border:none;text-decoration:none;max-width:100%}.feedzy-rss .rss_item .rss_image span{display:inline-block;position:absolute;width:100%;height:100%;background-position:50%;background-size:cover}.feedzy-rss .rss_item .rss_image{margin:.3em 1em 0 0;content-visibility:auto}.feedzy-rss ul{list-style:none}.feedzy-rss ul li{display:inline-block}<\/style>\n","protected":false},"excerpt":{"rendered":"<p>Le spiagge di Mauritius sono la maggiore attrazione di questa meta di vacanze, decidere qual sia la pi\u00f9 bella \u00e8 difficile, come mostra la mappa l\u2019isola \u00e8 essa stessa un susseguirsi di coste e litorali meravigliosi,\u00a0pi\u00f9 di 300 chilometri di spiagge e circondata dalla barriera corallina. In questo articolo elenchiamo i principali lidi suddivisi per <a class=\"moretag\" href=\"https:\/\/mauritius.evolutiontravel.it\/infovacanze\/spiagge\/\">[&#8230;]<\/a><\/p>\n","protected":false},"author":6,"featured_media":0,"parent":0,"menu_order":0,"comment_status":"closed","ping_status":"open","template":"templates\/template-with-right-sidebar.php","meta":{"footnotes":""},"yoast_head":"<!-- This site is optimized with the Yoast SEO plugin v21.9.1 - https:\/\/yoast.com\/wordpress\/plugins\/seo\/ -->\n<title>Spiagge a Mauritius: le coste pi\u00f9 belle da nord a sud, anche in inverno<\/title>\n<meta name=\"description\" content=\"Ami trascorrere le vacanze al mare? Mauritius \u00e8 la meta di vacanza ideale anche in inverno: scopri le sue spiagge e parti con le nostre ultime offerte!\" \/>\n<meta name=\"robots\" content=\"index, follow, max-snippet:-1, max-image-preview:large, max-video-preview:-1\" \/>\n<link rel=\"canonical\" href=\"https:\/\/mauritius.evolutiontravel.it\/infovacanze\/racconti-di-viaggio__trashed\/spiagge\/\" \/>\n<meta name=\"twitter:label1\" content=\"Tempo di lettura stimato\" \/>\n\t<meta name=\"twitter:data1\" content=\"3 minuti\" \/>\n<script type=\"application\/ld+json\" class=\"yoast-schema-graph\">{\"@context\":\"https:\/\/schema.org\",\"@graph\":[{\"@type\":\"WebPage\",\"@id\":\"https:\/\/mauritius.evolutiontravel.it\/infovacanze\/racconti-di-viaggio__trashed\/spiagge\/\",\"url\":\"https:\/\/mauritius.evolutiontravel.it\/infovacanze\/racconti-di-viaggio__trashed\/spiagge\/\",\"name\":\"Spiagge a Mauritius: le coste pi\u00f9 belle da nord a sud, anche in inverno\",\"isPartOf\":{\"@id\":\"https:\/\/mauritius.evolutiontravel.it\/infovacanze\/#website\"},\"datePublished\":\"2013-08-19T14:51:59+00:00\",\"dateModified\":\"2019-03-20T09:47:43+00:00\",\"description\":\"Ami trascorrere le vacanze al mare? Mauritius \u00e8 la meta di vacanza ideale anche in inverno: scopri le sue spiagge e parti con le nostre ultime offerte!\",\"inLanguage\":\"it-IT\",\"potentialAction\":[{\"@type\":\"ReadAction\",\"target\":[\"https:\/\/mauritius.evolutiontravel.it\/infovacanze\/racconti-di-viaggio__trashed\/spiagge\/\"]}]},{\"@type\":\"WebSite\",\"@id\":\"https:\/\/mauritius.evolutiontravel.it\/infovacanze\/#website\",\"url\":\"https:\/\/mauritius.evolutiontravel.it\/infovacanze\/\",\"name\":\"Mauritius\",\"description\":\"\",\"potentialAction\":[{\"@type\":\"SearchAction\",\"target\":{\"@type\":\"EntryPoint\",\"urlTemplate\":\"https:\/\/mauritius.evolutiontravel.it\/infovacanze\/?s={search_term_string}\"},\"query-input\":\"required name=search_term_string\"}],\"inLanguage\":\"it-IT\"}]}<\/script>\n<!-- \/ Yoast SEO plugin. -->","yoast_head_json":{"title":"Spiagge a Mauritius: le coste pi\u00f9 belle da nord a sud, anche in inverno","description":"Ami trascorrere le vacanze al mare? Mauritius \u00e8 la meta di vacanza ideale anche in inverno: scopri le sue spiagge e parti con le nostre ultime offerte!","robots":{"index":"index","follow":"follow","max-snippet":"max-snippet:-1","max-image-preview":"max-image-preview:large","max-video-preview":"max-video-preview:-1"},"canonical":"https:\/\/mauritius.evolutiontravel.it\/infovacanze\/racconti-di-viaggio__trashed\/spiagge\/","twitter_misc":{"Tempo di lettura stimato":"3 minuti"},"schema":{"@context":"https:\/\/schema.org","@graph":[{"@type":"WebPage","@id":"https:\/\/mauritius.evolutiontravel.it\/infovacanze\/racconti-di-viaggio__trashed\/spiagge\/","url":"https:\/\/mauritius.evolutiontravel.it\/infovacanze\/racconti-di-viaggio__trashed\/spiagge\/","name":"Spiagge a Mauritius: le coste pi\u00f9 belle da nord a sud, anche in inverno","isPartOf":{"@id":"https:\/\/mauritius.evolutiontravel.it\/infovacanze\/#website"},"datePublished":"2013-08-19T14:51:59+00:00","dateModified":"2019-03-20T09:47:43+00:00","description":"Ami trascorrere le vacanze al mare? Mauritius \u00e8 la meta di vacanza ideale anche in inverno: scopri le sue spiagge e parti con le nostre ultime offerte!","inLanguage":"it-IT","potentialAction":[{"@type":"ReadAction","target":["https:\/\/mauritius.evolutiontravel.it\/infovacanze\/racconti-di-viaggio__trashed\/spiagge\/"]}]},{"@type":"WebSite","@id":"https:\/\/mauritius.evolutiontravel.it\/infovacanze\/#website","url":"https:\/\/mauritius.evolutiontravel.it\/infovacanze\/","name":"Mauritius","description":"","potentialAction":[{"@type":"SearchAction","target":{"@type":"EntryPoint","urlTemplate":"https:\/\/mauritius.evolutiontravel.it\/infovacanze\/?s={search_term_string}"},"query-input":"required name=search_term_string"}],"inLanguage":"it-IT"}]}},"_links":{"self":[{"href":"https:\/\/mauritius.evolutiontravel.it\/infovacanze\/wp-json\/wp\/v2\/pages\/134"}],"collection":[{"href":"https:\/\/mauritius.evolutiontravel.it\/infovacanze\/wp-json\/wp\/v2\/pages"}],"about":[{"href":"https:\/\/mauritius.evolutiontravel.it\/infovacanze\/wp-json\/wp\/v2\/types\/page"}],"author":[{"embeddable":true,"href":"https:\/\/mauritius.evolutiontravel.it\/infovacanze\/wp-json\/wp\/v2\/users\/6"}],"replies":[{"embeddable":true,"href":"https:\/\/mauritius.evolutiontravel.it\/infovacanze\/wp-json\/wp\/v2\/comments?post=134"}],"version-history":[{"count":20,"href":"https:\/\/mauritius.evolutiontravel.it\/infovacanze\/wp-json\/wp\/v2\/pages\/134\/revisions"}],"predecessor-version":[{"id":1112,"href":"https:\/\/mauritius.evolutiontravel.it\/infovacanze\/wp-json\/wp\/v2\/pages\/134\/revisions\/1112"}],"wp:attachment":[{"href":"https:\/\/mauritius.evolutiontravel.it\/infovacanze\/wp-json\/wp\/v2\/media?parent=134"}],"curies":[{"name":"wp","href":"https:\/\/api.w.org\/{rel}","templated":true}]}}