{"id":138,"date":"2013-08-19T16:54:34","date_gmt":"2013-08-19T14:54:34","guid":{"rendered":"http:\/\/mauritius.evolutiontravel.it\/infovacanze\/?page_id=138"},"modified":"2018-11-26T16:03:55","modified_gmt":"2018-11-26T15:03:55","slug":"pamplemousses","status":"publish","type":"page","link":"https:\/\/mauritius.evolutiontravel.it\/infovacanze\/pamplemousses\/","title":{"rendered":"Giardini botanici di Pamplemousses"},"content":{"rendered":"<p>Ad appena 11 km da Port Louis ecco i <strong>giardini di Pamplemousses<\/strong>, un&#8217;altra attrazione di Mauritius: un giardino botanico detto anche &#8220;orto botanico&#8221;.<\/p>\n<p>Possono essere<strong> visitati da luned\u00ec a domenica<\/strong>, inclusi i festivi, dalle ore\u00a0 08.30 alle ore 17.30\u00a0 e i <strong>costi del biglietto<\/strong> variano a seconda se si \u00e8 residenti a Mauritius o meno, e in base all&#8217;et\u00e0.<\/p>\n<p style=\"text-align: justify\">Il nome &#8220;Pamplemousses&#8221; deriva dalla<strong> parola\u00a0\u201cpompelmo\u201d\u00a0<\/strong>ed \u00e8 legato al periodo della colonizazione francese dell&#8217;isola. I giardini venner\u00f2\u00a0inaugurati nel 1767\u00a0e ospitano oggi tantissime <strong>specie esotiche<\/strong>, alcune in via di estinzione.<\/p>\n<p>Oltre alle <strong>tartarughe giganti<\/strong>, immortalate negli scatti fotografici di migliaia di visitatori, potrete apprezzare anche <strong>piante e flora introvabili nel nostro paese<\/strong>. Per esempio le\u00a0<strong>gigantesche ninfee Victoria Regine<\/strong>, un\u00a0<strong>ficus religiosa di circa 200 anni <\/strong>con le sue foglie dalla forma a croce. La\u00a0principale attrazione \u00e8 costituita dal\u00a0<strong>Giardino di Sir Seewoosagur Ramgoolam <\/strong>con oltre 500 tipi di piante.<\/p>\n<p style=\"text-align: justify\">La cittadina di Pamplemousses \u00e8 poi ricca di\u00a0<strong>edifici di interesse storico<\/strong>\u00a0e ci sono piccoli negozi caratteristici con tanti souvenir e prodotti locali.<\/p>\n<div id=\"attachment_657\" style=\"width: 460px\" class=\"wp-caption alignright\"><img loading=\"lazy\" decoding=\"async\" aria-describedby=\"caption-attachment-657\" class=\"wp-image-657\" src=\"http:\/\/mauritius.evolutiontravel.it\/infovacanze\/wp-content\/uploads\/sites\/15\/2013\/08\/Pamplemousses-300x225.jpg\" alt=\"Le ninfee dei Giardini di Pamplemousses\" width=\"450\" height=\"338\" srcset=\"https:\/\/mauritius.evolutiontravel.it\/infovacanze\/wp-content\/uploads\/sites\/15\/2013\/08\/Pamplemousses-300x225.jpg 300w, https:\/\/mauritius.evolutiontravel.it\/infovacanze\/wp-content\/uploads\/sites\/15\/2013\/08\/Pamplemousses-768x576.jpg 768w, https:\/\/mauritius.evolutiontravel.it\/infovacanze\/wp-content\/uploads\/sites\/15\/2013\/08\/Pamplemousses.jpg 1000w\" sizes=\"(max-width: 450px) 100vw, 450px\" \/><p id=\"caption-attachment-657\" class=\"wp-caption-text\">Le ninfee dei Giardini di Pamplemousses<\/p><\/div>\n<h2>Visite guidate ai Giardini di Pamplemousses<\/h2>\n<p>Il famoso orto botanico di Mauritius pu\u00f2 essere tranquillamente<strong> visitato a piedi in autonomia<\/strong>, non \u00e8 obbligatoria la visita guidata, ovviamente come tutte le attrazioni anche in questo caso il valore aggiunto che pu\u00f2 darvi un botanico o esperto del luogo arricchir\u00e0 la vostra visita.<\/p>\n<p>Puoi chiedere direttamente al nostro consulente di viaggio di organizzare gi\u00e0 <strong>una visita guidata ai Giardini di Pamplemousses<\/strong>.<\/p>\n<p><strong>In alcuni pacchetti includiamo gi\u00e0 la visita<\/strong>, per esempio nell&#8217;offerta <em><a title=\"offerta viaggio con visita ai giardini\" href=\"https:\/\/mauritius.evolutiontravel.it\/it_IT\/tab\/23350_il-meglio-dellisola-da-nord-a-sud.html\"><u>Il meglio di Mauritius da Nord a Sud<\/u><\/a><\/em> puoi leggere, nella descrizione dell&#8217;itinerario, che il 5\u00b0 giorno \u00e8 prevista proprio una visita guidata ai giardini e a seguire la visita della capitale, Port Louise che dista dall&#8217;orto circa 10 km.<\/p>\n<p>Quando arriverai l\u00ec ti verr\u00e0 chiesto anche dagli operatori se vuoi fare una visita privata o in gruppo, in questo secondo caso il costo \u00e8 ovviamente inferiore. Per <strong>informazioni pi\u00f9 dettagliate<\/strong> sui Giardini dai un&#8217;occhiata la <strong><a title=\"sito web giardini di Pamplemousses\" href=\"http:\/\/ssrbg.govmu.org\/English\/Pages\/default.aspx\" target=\"_blank\" rel=\"noopener\">sito web ufficiale<\/a><\/strong>, c&#8217;\u00e8 anche la mappa del giardino, inizierai gi\u00e0 a farti un&#8217;idea di quanto grande sia e di quante piante ci sono da vedere!<\/p>\n<p>Infine se dopo aver passeggiato per l&#8217;orto non sarai stanco, nei dintorni dell&#8217;orto botanico, a meno di un km, ti consigliamo di andare a vedere <a title=\"sito web ufficiale Aventure du Sucre\" href=\"http:\/\/www.aventuredusucre.com\/en\" target=\"_blank\" rel=\"noopener\"><u><em>L&#8217;Aventure du Sucre<\/em><\/u><\/a> (B18 Pamplemousses): scoprirai ancora di pi\u00f9 su Mauritius, la sua storia e la coltivazione della famosa <strong>canna da zucchero<\/strong>.<\/p>\n<p>&nbsp;<\/p>\n<h3 style=\"text-align: center\">&#8220;Speciale Mauritius&#8221; &#8211; Offerte imperdibili di Evolution Travel!<\/h3>\n<p style=\"text-align: center\"><strong><span style=\"color: #008000\">CLICCA e scopri subito<\/span><\/strong>: <strong>programma<\/strong>, <strong>comment<\/strong>i, <strong>foto<\/strong>,<strong> itineari<\/strong> e altro ancora!<\/p>\n<div class=\"feedzy-c9d2493fd93cfd26dd02dc6413f610d6 feedzy-rss\">\n\t\t<ul class=\"feedzy-style2\">\n\t\t\t\t\t<li  style=\"padding: 23px 0 38px\" class=\"rss_item feedzy-rss-col-3\" >\n\t\t\t\t\t\t\t\t\t<div class=\"rss_image\" style=\"width:225px; height:225px;\">\n\t\t\t\t\t\t<a href=\"https:\/\/mauritius.evolutiontravel.it\/it_IT\/900\/tab\/36789_una-notte-sotto-le-stelle-soggiorna-in-un-bubble-lodge.html\" target=\"_blank\" \n\t\t\t\t\t\t\trel=\"noopener \"\n\t\t\t\t\t\t\ttitle=\"Una notte sotto le stelle: soggiorna in un Bubble Lodge\"\n\t\t\t\t\t\t\tstyle=\"width:225px; height:225px;\">\n\t\t\t\t\t\t\t<span class=\"fetched\" style=\"background-image:  url('http:\/\/etcdn.net\/thumbnails\/36789\/it-isola-dei-cervi-una-notte-sotto-le-stelle-soggiorna-in-una-bubble-lodge-67f0f.jpg');\" title=\"Una notte sotto le stelle: soggiorna in un Bubble Lodge\"><\/span><amp-img width=\"225\" height=\"225\" src=\"http:\/\/etcdn.net\/thumbnails\/36789\/it-isola-dei-cervi-una-notte-sotto-le-stelle-soggiorna-in-una-bubble-lodge-67f0f.jpg\">\t\t\t\t\t\t<\/a>\n\t\t\t\t\t<\/div>\n\t\t\t\t\t\t\t\t<div class=\"rss_content_wrap\">\n\t\t\t\t\t<span class=\"title\">\n\t\t\t\t\t\t<a href=\"https:\/\/mauritius.evolutiontravel.it\/it_IT\/900\/tab\/36789_una-notte-sotto-le-stelle-soggiorna-in-un-bubble-lodge.html\" target=\"_blank\"  rel=\"noopener \">\n\t\t\t\t\t\t\tUna notte sotto le stelle: soggiorna in un Bubble Lodge\t\t\t\t\t\t<\/a>\n\t\t\t\t\t<\/span>\n\t\t\t\t\t<div class=\"rss_content\"\n\t\t\t\t\t\t\tstyle=\"\">\n\t\t\t\t\t\t\n\t\t\t\t\t\t\t\t\t\t\t\t<p class=\"description\">Un'esperienza indimenticabile: soggiornare in un bubble lodge da dove potrete ammirare una natura meravigliosa e splendidi cieli [&hellip;]<\/p>\n\t\t\t\t\t\t\n\t\t\t\t\t\t\t\t\t\t\t\t\t\t\t\t\t\t\t<div class=\"price-wrap\">\n\t\t\t\t\t\t\t\t<a href=\"https:\/\/mauritius.evolutiontravel.it\/it_IT\/900\/tab\/36789_una-notte-sotto-le-stelle-soggiorna-in-un-bubble-lodge.html\" target=\"_blank\" rel=\"noopener\"><button class=\"price\"> 650<\/button><\/a>\n\t\t\t\t\t\t\t<\/div>\n\t\t\t\t\t\t\t\t\t\t\t<\/div>\n\t\t\t\t<\/div>\n\t\t\t<\/li>\n\t\t\t\t\t\t<li  style=\"padding: 23px 0 38px\" class=\"rss_item feedzy-rss-col-3\" >\n\t\t\t\t\t\t\t\t\t<div class=\"rss_image\" style=\"width:225px; height:225px;\">\n\t\t\t\t\t\t<a href=\"https:\/\/mauritius.evolutiontravel.it\/it_IT\/900\/tab\/31984_lodge-la-vieille-cheminee-chamarel.html\" target=\"_blank\" \n\t\t\t\t\t\t\trel=\"noopener \"\n\t\t\t\t\t\t\ttitle=\"Lodge la Vieille Chemin\u00e9e Chamarel\"\n\t\t\t\t\t\t\tstyle=\"width:225px; height:225px;\">\n\t\t\t\t\t\t\t<span class=\"fetched\" style=\"background-image:  url('http:\/\/etcdn.net\/thumbnails\/31984\/it-chamarel-lodge-la-vieille-cheminee-chamarel-7575f.jpg');\" title=\"Lodge la Vieille Chemin\u00e9e Chamarel\"><\/span><amp-img width=\"225\" height=\"225\" src=\"http:\/\/etcdn.net\/thumbnails\/31984\/it-chamarel-lodge-la-vieille-cheminee-chamarel-7575f.jpg\">\t\t\t\t\t\t<\/a>\n\t\t\t\t\t<\/div>\n\t\t\t\t\t\t\t\t<div class=\"rss_content_wrap\">\n\t\t\t\t\t<span class=\"title\">\n\t\t\t\t\t\t<a href=\"https:\/\/mauritius.evolutiontravel.it\/it_IT\/900\/tab\/31984_lodge-la-vieille-cheminee-chamarel.html\" target=\"_blank\"  rel=\"noopener \">\n\t\t\t\t\t\t\tLodge la Vieille Chemin\u00e9e Chamarel\t\t\t\t\t\t<\/a>\n\t\t\t\t\t<\/span>\n\t\t\t\t\t<div class=\"rss_content\"\n\t\t\t\t\t\t\tstyle=\"\">\n\t\t\t\t\t\t\n\t\t\t\t\t\t\t\t\t\t\t\t<p class=\"description\">Questi deliziosi cottage sul versante sud-ovest della costa sono l'ideale\u00a0per vivere in modo diverso il soggiorno a Mauritius. [&hellip;]<\/p>\n\t\t\t\t\t\t\n\t\t\t\t\t\t\t\t\t\t\t\t\t\t\t\t\t\t\t<div class=\"price-wrap\">\n\t\t\t\t\t\t\t\t<a href=\"https:\/\/mauritius.evolutiontravel.it\/it_IT\/900\/tab\/31984_lodge-la-vieille-cheminee-chamarel.html\" target=\"_blank\" rel=\"noopener\"><button class=\"price\"> 590<\/button><\/a>\n\t\t\t\t\t\t\t<\/div>\n\t\t\t\t\t\t\t\t\t\t\t<\/div>\n\t\t\t\t<\/div>\n\t\t\t<\/li>\n\t\t\t\t\t\t<li  style=\"padding: 23px 0 38px\" class=\"rss_item feedzy-rss-col-3\" >\n\t\t\t\t\t\t\t\t\t<div class=\"rss_image\" style=\"width:225px; height:225px;\">\n\t\t\t\t\t\t<a href=\"https:\/\/mauritius.evolutiontravel.it\/it_IT\/900\/tab\/38586_chalets-chamarel.html\" target=\"_blank\" \n\t\t\t\t\t\t\trel=\"noopener \"\n\t\t\t\t\t\t\ttitle=\"Chalets Chamarel\"\n\t\t\t\t\t\t\tstyle=\"width:225px; height:225px;\">\n\t\t\t\t\t\t\t<span class=\"fetched\" style=\"background-image:  url('http:\/\/etcdn.net\/thumbnails\/38586\/it-chamarel-chalets-chamarel-7579f.jpg');\" title=\"Chalets Chamarel\"><\/span><amp-img width=\"225\" height=\"225\" src=\"http:\/\/etcdn.net\/thumbnails\/38586\/it-chamarel-chalets-chamarel-7579f.jpg\">\t\t\t\t\t\t<\/a>\n\t\t\t\t\t<\/div>\n\t\t\t\t\t\t\t\t<div class=\"rss_content_wrap\">\n\t\t\t\t\t<span class=\"title\">\n\t\t\t\t\t\t<a href=\"https:\/\/mauritius.evolutiontravel.it\/it_IT\/900\/tab\/38586_chalets-chamarel.html\" target=\"_blank\"  rel=\"noopener \">\n\t\t\t\t\t\t\tChalets Chamarel\t\t\t\t\t\t<\/a>\n\t\t\t\t\t<\/span>\n\t\t\t\t\t<div class=\"rss_content\"\n\t\t\t\t\t\t\tstyle=\"\">\n\t\t\t\t\t\t\n\t\t\t\t\t\t\t\t\t\t\t\t<p class=\"description\">Prenditi una pausa dal trambusto e immergiti nella natura di uno Chalet a Chamarel. Una fuga tra panorami spettacolari, dall'alba [&hellip;]<\/p>\n\t\t\t\t\t\t\n\t\t\t\t\t\t\t\t\t\t\t\t\t\t\t\t\t\t\t<div class=\"price-wrap\">\n\t\t\t\t\t\t\t\t<a href=\"https:\/\/mauritius.evolutiontravel.it\/it_IT\/900\/tab\/38586_chalets-chamarel.html\" target=\"_blank\" rel=\"noopener\"><button class=\"price\"> 560<\/button><\/a>\n\t\t\t\t\t\t\t<\/div>\n\t\t\t\t\t\t\t\t\t\t\t<\/div>\n\t\t\t\t<\/div>\n\t\t\t<\/li>\n\t\t\t\t<\/ul>\n<\/div>\n<style type=\"text\/css\" media=\"all\">.feedzy-rss .rss_item .rss_image{float:left;position:relative;border:none;text-decoration:none;max-width:100%}.feedzy-rss .rss_item .rss_image span{display:inline-block;position:absolute;width:100%;height:100%;background-position:50%;background-size:cover}.feedzy-rss .rss_item .rss_image{margin:.3em 1em 0 0;content-visibility:auto}.feedzy-rss ul{list-style:none}.feedzy-rss ul li{display:inline-block}<\/style>\n","protected":false},"excerpt":{"rendered":"<p>Ad appena 11 km da Port Louis ecco i giardini di Pamplemousses, un&#8217;altra attrazione di Mauritius: un giardino botanico detto anche &#8220;orto botanico&#8221;. Possono essere visitati da luned\u00ec a domenica, inclusi i festivi, dalle ore\u00a0 08.30 alle ore 17.30\u00a0 e i costi del biglietto variano a seconda se si \u00e8 residenti a Mauritius o meno, <a class=\"moretag\" href=\"https:\/\/mauritius.evolutiontravel.it\/infovacanze\/pamplemousses\/\">[&#8230;]<\/a><\/p>\n","protected":false},"author":6,"featured_media":0,"parent":0,"menu_order":0,"comment_status":"closed","ping_status":"open","template":"templates\/template-with-right-sidebar.php","meta":{"footnotes":""},"yoast_head":"<!-- This site is optimized with the Yoast SEO plugin v21.9.1 - https:\/\/yoast.com\/wordpress\/plugins\/seo\/ -->\n<title>Giardini di Pamplemousses, Mauritius: non solo mare - Evolution Travel<\/title>\n<meta name=\"description\" content=\"Scopri con noi il giardino di Pamplemousses a Mauritius: un giardino botanico ricco di sorprese! Mauritius non \u00e8 solo mare!\" \/>\n<meta name=\"robots\" content=\"index, follow, max-snippet:-1, max-image-preview:large, max-video-preview:-1\" \/>\n<link rel=\"canonical\" href=\"https:\/\/mauritius.evolutiontravel.it\/infovacanze\/racconti-di-viaggio__trashed\/pamplemousses\/\" \/>\n<meta name=\"twitter:label1\" content=\"Tempo di lettura stimato\" \/>\n\t<meta name=\"twitter:data1\" content=\"2 minuti\" \/>\n<script type=\"application\/ld+json\" class=\"yoast-schema-graph\">{\"@context\":\"https:\/\/schema.org\",\"@graph\":[{\"@type\":\"WebPage\",\"@id\":\"https:\/\/mauritius.evolutiontravel.it\/infovacanze\/racconti-di-viaggio__trashed\/pamplemousses\/\",\"url\":\"https:\/\/mauritius.evolutiontravel.it\/infovacanze\/racconti-di-viaggio__trashed\/pamplemousses\/\",\"name\":\"Giardini di Pamplemousses, Mauritius: non solo mare - Evolution Travel\",\"isPartOf\":{\"@id\":\"https:\/\/mauritius.evolutiontravel.it\/infovacanze\/#website\"},\"datePublished\":\"2013-08-19T14:54:34+00:00\",\"dateModified\":\"2018-11-26T15:03:55+00:00\",\"description\":\"Scopri con noi il giardino di Pamplemousses a Mauritius: un giardino botanico ricco di sorprese! Mauritius non \u00e8 solo mare!\",\"inLanguage\":\"it-IT\",\"potentialAction\":[{\"@type\":\"ReadAction\",\"target\":[\"https:\/\/mauritius.evolutiontravel.it\/infovacanze\/racconti-di-viaggio__trashed\/pamplemousses\/\"]}]},{\"@type\":\"WebSite\",\"@id\":\"https:\/\/mauritius.evolutiontravel.it\/infovacanze\/#website\",\"url\":\"https:\/\/mauritius.evolutiontravel.it\/infovacanze\/\",\"name\":\"Mauritius\",\"description\":\"\",\"potentialAction\":[{\"@type\":\"SearchAction\",\"target\":{\"@type\":\"EntryPoint\",\"urlTemplate\":\"https:\/\/mauritius.evolutiontravel.it\/infovacanze\/?s={search_term_string}\"},\"query-input\":\"required name=search_term_string\"}],\"inLanguage\":\"it-IT\"}]}<\/script>\n<!-- \/ Yoast SEO plugin. -->","yoast_head_json":{"title":"Giardini di Pamplemousses, Mauritius: non solo mare - Evolution Travel","description":"Scopri con noi il giardino di Pamplemousses a Mauritius: un giardino botanico ricco di sorprese! Mauritius non \u00e8 solo mare!","robots":{"index":"index","follow":"follow","max-snippet":"max-snippet:-1","max-image-preview":"max-image-preview:large","max-video-preview":"max-video-preview:-1"},"canonical":"https:\/\/mauritius.evolutiontravel.it\/infovacanze\/racconti-di-viaggio__trashed\/pamplemousses\/","twitter_misc":{"Tempo di lettura stimato":"2 minuti"},"schema":{"@context":"https:\/\/schema.org","@graph":[{"@type":"WebPage","@id":"https:\/\/mauritius.evolutiontravel.it\/infovacanze\/racconti-di-viaggio__trashed\/pamplemousses\/","url":"https:\/\/mauritius.evolutiontravel.it\/infovacanze\/racconti-di-viaggio__trashed\/pamplemousses\/","name":"Giardini di Pamplemousses, Mauritius: non solo mare - Evolution Travel","isPartOf":{"@id":"https:\/\/mauritius.evolutiontravel.it\/infovacanze\/#website"},"datePublished":"2013-08-19T14:54:34+00:00","dateModified":"2018-11-26T15:03:55+00:00","description":"Scopri con noi il giardino di Pamplemousses a Mauritius: un giardino botanico ricco di sorprese! Mauritius non \u00e8 solo mare!","inLanguage":"it-IT","potentialAction":[{"@type":"ReadAction","target":["https:\/\/mauritius.evolutiontravel.it\/infovacanze\/racconti-di-viaggio__trashed\/pamplemousses\/"]}]},{"@type":"WebSite","@id":"https:\/\/mauritius.evolutiontravel.it\/infovacanze\/#website","url":"https:\/\/mauritius.evolutiontravel.it\/infovacanze\/","name":"Mauritius","description":"","potentialAction":[{"@type":"SearchAction","target":{"@type":"EntryPoint","urlTemplate":"https:\/\/mauritius.evolutiontravel.it\/infovacanze\/?s={search_term_string}"},"query-input":"required name=search_term_string"}],"inLanguage":"it-IT"}]}},"_links":{"self":[{"href":"https:\/\/mauritius.evolutiontravel.it\/infovacanze\/wp-json\/wp\/v2\/pages\/138"}],"collection":[{"href":"https:\/\/mauritius.evolutiontravel.it\/infovacanze\/wp-json\/wp\/v2\/pages"}],"about":[{"href":"https:\/\/mauritius.evolutiontravel.it\/infovacanze\/wp-json\/wp\/v2\/types\/page"}],"author":[{"embeddable":true,"href":"https:\/\/mauritius.evolutiontravel.it\/infovacanze\/wp-json\/wp\/v2\/users\/6"}],"replies":[{"embeddable":true,"href":"https:\/\/mauritius.evolutiontravel.it\/infovacanze\/wp-json\/wp\/v2\/comments?post=138"}],"version-history":[{"count":14,"href":"https:\/\/mauritius.evolutiontravel.it\/infovacanze\/wp-json\/wp\/v2\/pages\/138\/revisions"}],"predecessor-version":[{"id":1027,"href":"https:\/\/mauritius.evolutiontravel.it\/infovacanze\/wp-json\/wp\/v2\/pages\/138\/revisions\/1027"}],"wp:attachment":[{"href":"https:\/\/mauritius.evolutiontravel.it\/infovacanze\/wp-json\/wp\/v2\/media?parent=138"}],"curies":[{"name":"wp","href":"https:\/\/api.w.org\/{rel}","templated":true}]}}