{"id":142,"date":"2013-08-19T16:57:48","date_gmt":"2013-08-19T14:57:48","guid":{"rendered":"http:\/\/mauritius.evolutiontravel.it\/infovacanze\/?page_id=142"},"modified":"2018-01-18T17:56:57","modified_gmt":"2018-01-18T16:56:57","slug":"savanne","status":"publish","type":"page","link":"https:\/\/mauritius.evolutiontravel.it\/infovacanze\/savanne\/","title":{"rendered":"Savanne, distretto di Mauritius"},"content":{"rendered":"<p style=\"text-align: justify\"><strong>Savanne,<\/strong> a <strong>Mauritius<\/strong>,<strong>\u00a0<\/strong> \u00e8 una delle zone<strong> pi\u00f9 pittoresche dell&#8217;isola<\/strong> infatti grazie al suo clima umido \u00e8 <strong>ricca di foreste<\/strong>.<\/p>\n<p style=\"text-align: justify\">Piccolo distretto di 243 chilometri quadrati deve il suo nome a Fran\u00e7ois visconte di Souillac, governatore dell&#8217;isola dal 1779 al 1787.\u00a0 <strong>L&#8217;estate \u00e8 il periodo migliore<\/strong> per visitare il quartiere perch\u00e8 l&#8217;inverno \u00e8 generalmente caratterizzato da forti venti.<\/p>\n<p>Tra le cose da non perdere qui:<\/p>\n<ul>\n<li style=\"text-align: justify\">la <strong>capitale di Savanne<\/strong>, <strong>Souillac<\/strong>, che ospita anche alcuni <strong>resti storici<\/strong>.<\/li>\n<li style=\"text-align: justify\">la <strong>casa di\u00a0Mauritius Robert Edward Hatt<\/strong>. La sua casa chiamata <em>La Nef<\/em> \u00e8 stata trasformata in un museo che mostra alcuni importanti reperti storici di Savanne.<\/li>\n<li style=\"text-align: justify\">il\u00a0<strong>Souillac La Vanille Crocodile Farm<\/strong> dove si allevano <strong>coccodrilli.<\/strong><\/li>\n<li style=\"text-align: justify\">il\u00a0<strong>Giardino Telfair<\/strong>.<\/li>\n<\/ul>\n<h3 style=\"text-align: center\">Speciale &#8220;Mauritius a <span style=\"color: #008000\">MENO DI 1000 EURO<\/span>!&#8221;<\/h3>\n<p style=\"text-align: center\"><strong><span style=\"color: #008000\">CLICCA E SCOPRI SUBITO<\/span><\/strong>: <strong>programma<\/strong>, <strong>destinazioni<\/strong>, <strong>attivit\u00e0<\/strong>, <strong>foto<\/strong>, <strong>commenti<\/strong> del tuo prossimo viaggio!<\/p>\n<div class=\"feedzy-64eedd4eb63a9459dfee5f3d53e5f0bc feedzy-rss\">\n\t\t<ul class=\"feedzy-style2\">\n\t\t\t\t\t<li  style=\"padding: 23px 0 38px\" class=\"rss_item feedzy-rss-col-3\" >\n\t\t\t\t\t\t\t\t\t<div class=\"rss_image\" style=\"width:225px; height:225px;\">\n\t\t\t\t\t\t<a href=\"https:\/\/mauritius.evolutiontravel.it\/it_IT\/900\/tab\/36789_una-notte-sotto-le-stelle-soggiorna-in-un-bubble-lodge.html\" target=\"_blank\" \n\t\t\t\t\t\t\trel=\"noopener \"\n\t\t\t\t\t\t\ttitle=\"Una notte sotto le stelle: soggiorna in un Bubble Lodge\"\n\t\t\t\t\t\t\tstyle=\"width:225px; height:225px;\">\n\t\t\t\t\t\t\t<span class=\"fetched\" style=\"background-image:  url('http:\/\/etcdn.net\/thumbnails\/36789\/it-isola-dei-cervi-una-notte-sotto-le-stelle-soggiorna-in-una-bubble-lodge-67f0f.jpg');\" title=\"Una notte sotto le stelle: soggiorna in un Bubble Lodge\"><\/span><amp-img width=\"225\" height=\"225\" src=\"http:\/\/etcdn.net\/thumbnails\/36789\/it-isola-dei-cervi-una-notte-sotto-le-stelle-soggiorna-in-una-bubble-lodge-67f0f.jpg\">\t\t\t\t\t\t<\/a>\n\t\t\t\t\t<\/div>\n\t\t\t\t\t\t\t\t<div class=\"rss_content_wrap\">\n\t\t\t\t\t<span class=\"title\">\n\t\t\t\t\t\t<a href=\"https:\/\/mauritius.evolutiontravel.it\/it_IT\/900\/tab\/36789_una-notte-sotto-le-stelle-soggiorna-in-un-bubble-lodge.html\" target=\"_blank\"  rel=\"noopener \">\n\t\t\t\t\t\t\tUna notte sotto le stelle: soggiorna in un Bubble Lodge\t\t\t\t\t\t<\/a>\n\t\t\t\t\t<\/span>\n\t\t\t\t\t<div class=\"rss_content\"\n\t\t\t\t\t\t\tstyle=\"\">\n\t\t\t\t\t\t\n\t\t\t\t\t\t\t\t\t\t\t\t<p class=\"description\">Un'esperienza indimenticabile: soggiornare in un bubble lodge da dove potrete ammirare una natura meravigliosa e splendidi cieli [&hellip;]<\/p>\n\t\t\t\t\t\t\n\t\t\t\t\t\t\t\t\t\t\t\t\t\t\t\t\t\t\t<div class=\"price-wrap\">\n\t\t\t\t\t\t\t\t<a href=\"https:\/\/mauritius.evolutiontravel.it\/it_IT\/900\/tab\/36789_una-notte-sotto-le-stelle-soggiorna-in-un-bubble-lodge.html\" target=\"_blank\" rel=\"noopener\"><button class=\"price\"> 650<\/button><\/a>\n\t\t\t\t\t\t\t<\/div>\n\t\t\t\t\t\t\t\t\t\t\t<\/div>\n\t\t\t\t<\/div>\n\t\t\t<\/li>\n\t\t\t\t\t\t<li  style=\"padding: 23px 0 38px\" class=\"rss_item feedzy-rss-col-3\" >\n\t\t\t\t\t\t\t\t\t<div class=\"rss_image\" style=\"width:225px; height:225px;\">\n\t\t\t\t\t\t<a href=\"https:\/\/mauritius.evolutiontravel.it\/it_IT\/900\/tab\/41623_vacanza-in-residence-a-pochi-passi-dalla-spiaggia.html\" target=\"_blank\" \n\t\t\t\t\t\t\trel=\"noopener \"\n\t\t\t\t\t\t\ttitle=\"Vacanza in Residence a pochi passi dalla spiaggia\"\n\t\t\t\t\t\t\tstyle=\"width:225px; height:225px;\">\n\t\t\t\t\t\t\t<span class=\"fetched\" style=\"background-image:  url('http:\/\/etcdn.net\/thumbnails\/41623\/it-trou-aux-biches-vacanza-in-residence-a-pochi-passi-dalla-spiaggia-87b5f.jpg');\" title=\"Vacanza in Residence a pochi passi dalla spiaggia\"><\/span><amp-img width=\"225\" height=\"225\" src=\"http:\/\/etcdn.net\/thumbnails\/41623\/it-trou-aux-biches-vacanza-in-residence-a-pochi-passi-dalla-spiaggia-87b5f.jpg\">\t\t\t\t\t\t<\/a>\n\t\t\t\t\t<\/div>\n\t\t\t\t\t\t\t\t<div class=\"rss_content_wrap\">\n\t\t\t\t\t<span class=\"title\">\n\t\t\t\t\t\t<a href=\"https:\/\/mauritius.evolutiontravel.it\/it_IT\/900\/tab\/41623_vacanza-in-residence-a-pochi-passi-dalla-spiaggia.html\" target=\"_blank\"  rel=\"noopener \">\n\t\t\t\t\t\t\tVacanza in Residence a pochi passi dalla spiaggia\t\t\t\t\t\t<\/a>\n\t\t\t\t\t<\/span>\n\t\t\t\t\t<div class=\"rss_content\"\n\t\t\t\t\t\t\tstyle=\"\">\n\t\t\t\t\t\t\n\t\t\t\t\t\t\t\t\t\t\t\t<p class=\"description\">Moderni appartamenti che si trovano ad un minuto dalla spiaggia, con piscina riscaldata e accesso ai servizi del vicino Le [&hellip;]<\/p>\n\t\t\t\t\t\t\n\t\t\t\t\t\t\t\t\t\t\t\t\t\t\t\t\t\t\t<div class=\"price-wrap\">\n\t\t\t\t\t\t\t\t<a href=\"https:\/\/mauritius.evolutiontravel.it\/it_IT\/900\/tab\/41623_vacanza-in-residence-a-pochi-passi-dalla-spiaggia.html\" target=\"_blank\" rel=\"noopener\"><button class=\"price\"> 960<\/button><\/a>\n\t\t\t\t\t\t\t<\/div>\n\t\t\t\t\t\t\t\t\t\t\t<\/div>\n\t\t\t\t<\/div>\n\t\t\t<\/li>\n\t\t\t\t\t\t<li  style=\"padding: 23px 0 38px\" class=\"rss_item feedzy-rss-col-3\" >\n\t\t\t\t\t\t\t\t\t<div class=\"rss_image\" style=\"width:225px; height:225px;\">\n\t\t\t\t\t\t<a href=\"https:\/\/mauritius.evolutiontravel.it\/it_IT\/900\/tab\/31984_lodge-la-vieille-cheminee-chamarel.html\" target=\"_blank\" \n\t\t\t\t\t\t\trel=\"noopener \"\n\t\t\t\t\t\t\ttitle=\"Lodge la Vieille Chemin\u00e9e Chamarel\"\n\t\t\t\t\t\t\tstyle=\"width:225px; height:225px;\">\n\t\t\t\t\t\t\t<span class=\"fetched\" style=\"background-image:  url('http:\/\/etcdn.net\/thumbnails\/31984\/it-chamarel-lodge-la-vieille-cheminee-chamarel-7575f.jpg');\" title=\"Lodge la Vieille Chemin\u00e9e Chamarel\"><\/span><amp-img width=\"225\" height=\"225\" src=\"http:\/\/etcdn.net\/thumbnails\/31984\/it-chamarel-lodge-la-vieille-cheminee-chamarel-7575f.jpg\">\t\t\t\t\t\t<\/a>\n\t\t\t\t\t<\/div>\n\t\t\t\t\t\t\t\t<div class=\"rss_content_wrap\">\n\t\t\t\t\t<span class=\"title\">\n\t\t\t\t\t\t<a href=\"https:\/\/mauritius.evolutiontravel.it\/it_IT\/900\/tab\/31984_lodge-la-vieille-cheminee-chamarel.html\" target=\"_blank\"  rel=\"noopener \">\n\t\t\t\t\t\t\tLodge la Vieille Chemin\u00e9e Chamarel\t\t\t\t\t\t<\/a>\n\t\t\t\t\t<\/span>\n\t\t\t\t\t<div class=\"rss_content\"\n\t\t\t\t\t\t\tstyle=\"\">\n\t\t\t\t\t\t\n\t\t\t\t\t\t\t\t\t\t\t\t<p class=\"description\">Questi deliziosi cottage sul versante sud-ovest della costa sono l'ideale\u00a0per vivere in modo diverso il soggiorno a Mauritius. [&hellip;]<\/p>\n\t\t\t\t\t\t\n\t\t\t\t\t\t\t\t\t\t\t\t\t\t\t\t\t\t\t<div class=\"price-wrap\">\n\t\t\t\t\t\t\t\t<a href=\"https:\/\/mauritius.evolutiontravel.it\/it_IT\/900\/tab\/31984_lodge-la-vieille-cheminee-chamarel.html\" target=\"_blank\" rel=\"noopener\"><button class=\"price\"> 590<\/button><\/a>\n\t\t\t\t\t\t\t<\/div>\n\t\t\t\t\t\t\t\t\t\t\t<\/div>\n\t\t\t\t<\/div>\n\t\t\t<\/li>\n\t\t\t\t\t\t<li  style=\"padding: 23px 0 38px\" class=\"rss_item feedzy-rss-col-3\" >\n\t\t\t\t\t\t\t\t\t<div class=\"rss_image\" style=\"width:225px; height:225px;\">\n\t\t\t\t\t\t<a href=\"https:\/\/mauritius.evolutiontravel.it\/it_IT\/900\/tab\/38586_chalets-chamarel.html\" target=\"_blank\" \n\t\t\t\t\t\t\trel=\"noopener \"\n\t\t\t\t\t\t\ttitle=\"Chalets Chamarel\"\n\t\t\t\t\t\t\tstyle=\"width:225px; height:225px;\">\n\t\t\t\t\t\t\t<span class=\"fetched\" style=\"background-image:  url('http:\/\/etcdn.net\/thumbnails\/38586\/it-chamarel-chalets-chamarel-7579f.jpg');\" title=\"Chalets Chamarel\"><\/span><amp-img width=\"225\" height=\"225\" src=\"http:\/\/etcdn.net\/thumbnails\/38586\/it-chamarel-chalets-chamarel-7579f.jpg\">\t\t\t\t\t\t<\/a>\n\t\t\t\t\t<\/div>\n\t\t\t\t\t\t\t\t<div class=\"rss_content_wrap\">\n\t\t\t\t\t<span class=\"title\">\n\t\t\t\t\t\t<a href=\"https:\/\/mauritius.evolutiontravel.it\/it_IT\/900\/tab\/38586_chalets-chamarel.html\" target=\"_blank\"  rel=\"noopener \">\n\t\t\t\t\t\t\tChalets Chamarel\t\t\t\t\t\t<\/a>\n\t\t\t\t\t<\/span>\n\t\t\t\t\t<div class=\"rss_content\"\n\t\t\t\t\t\t\tstyle=\"\">\n\t\t\t\t\t\t\n\t\t\t\t\t\t\t\t\t\t\t\t<p class=\"description\">Prenditi una pausa dal trambusto e immergiti nella natura di uno Chalet a Chamarel. Una fuga tra panorami spettacolari, dall'alba [&hellip;]<\/p>\n\t\t\t\t\t\t\n\t\t\t\t\t\t\t\t\t\t\t\t\t\t\t\t\t\t\t<div class=\"price-wrap\">\n\t\t\t\t\t\t\t\t<a href=\"https:\/\/mauritius.evolutiontravel.it\/it_IT\/900\/tab\/38586_chalets-chamarel.html\" target=\"_blank\" rel=\"noopener\"><button class=\"price\"> 560<\/button><\/a>\n\t\t\t\t\t\t\t<\/div>\n\t\t\t\t\t\t\t\t\t\t\t<\/div>\n\t\t\t\t<\/div>\n\t\t\t<\/li>\n\t\t\t\t<\/ul>\n<\/div>\n<style type=\"text\/css\" media=\"all\">.feedzy-rss .rss_item .rss_image{float:left;position:relative;border:none;text-decoration:none;max-width:100%}.feedzy-rss .rss_item .rss_image span{display:inline-block;position:absolute;width:100%;height:100%;background-position:50%;background-size:cover}.feedzy-rss .rss_item .rss_image{margin:.3em 1em 0 0;content-visibility:auto}.feedzy-rss ul{list-style:none}.feedzy-rss ul li{display:inline-block}<\/style>\n","protected":false},"excerpt":{"rendered":"<p>Savanne, a Mauritius,\u00a0 \u00e8 una delle zone pi\u00f9 pittoresche dell&#8217;isola infatti grazie al suo clima umido \u00e8 ricca di foreste. Piccolo distretto di 243 chilometri quadrati deve il suo nome a Fran\u00e7ois visconte di Souillac, governatore dell&#8217;isola dal 1779 al 1787.\u00a0 L&#8217;estate \u00e8 il periodo migliore per visitare il quartiere perch\u00e8 l&#8217;inverno \u00e8 generalmente caratterizzato <a class=\"moretag\" href=\"https:\/\/mauritius.evolutiontravel.it\/infovacanze\/savanne\/\">[&#8230;]<\/a><\/p>\n","protected":false},"author":6,"featured_media":0,"parent":0,"menu_order":0,"comment_status":"closed","ping_status":"open","template":"templates\/template-with-right-sidebar.php","meta":{"footnotes":""},"yoast_head":"<!-- This site is optimized with the Yoast SEO plugin v21.9.1 - https:\/\/yoast.com\/wordpress\/plugins\/seo\/ -->\n<title>Savanne, Mauritius: ecco cosa vedere nel pittoresco distretto dell&#039;isola<\/title>\n<meta name=\"description\" content=\"Scopri uno dei distretti pi\u00f9 pittoreschi dell&#039;isola Mauritus: Savanne. Ecco cosa puoi fare e cosa vedere durante le tue vacanze!\" \/>\n<meta name=\"robots\" content=\"index, follow, max-snippet:-1, max-image-preview:large, max-video-preview:-1\" \/>\n<link rel=\"canonical\" href=\"https:\/\/mauritius.evolutiontravel.it\/infovacanze\/racconti-di-viaggio__trashed\/savanne\/\" \/>\n<meta name=\"twitter:label1\" content=\"Tempo di lettura stimato\" \/>\n\t<meta name=\"twitter:data1\" content=\"1 minuto\" \/>\n<script type=\"application\/ld+json\" class=\"yoast-schema-graph\">{\"@context\":\"https:\/\/schema.org\",\"@graph\":[{\"@type\":\"WebPage\",\"@id\":\"https:\/\/mauritius.evolutiontravel.it\/infovacanze\/racconti-di-viaggio__trashed\/savanne\/\",\"url\":\"https:\/\/mauritius.evolutiontravel.it\/infovacanze\/racconti-di-viaggio__trashed\/savanne\/\",\"name\":\"Savanne, Mauritius: ecco cosa vedere nel pittoresco distretto dell'isola\",\"isPartOf\":{\"@id\":\"https:\/\/mauritius.evolutiontravel.it\/infovacanze\/#website\"},\"datePublished\":\"2013-08-19T14:57:48+00:00\",\"dateModified\":\"2018-01-18T16:56:57+00:00\",\"description\":\"Scopri uno dei distretti pi\u00f9 pittoreschi dell'isola Mauritus: Savanne. Ecco cosa puoi fare e cosa vedere durante le tue vacanze!\",\"inLanguage\":\"it-IT\",\"potentialAction\":[{\"@type\":\"ReadAction\",\"target\":[\"https:\/\/mauritius.evolutiontravel.it\/infovacanze\/racconti-di-viaggio__trashed\/savanne\/\"]}]},{\"@type\":\"WebSite\",\"@id\":\"https:\/\/mauritius.evolutiontravel.it\/infovacanze\/#website\",\"url\":\"https:\/\/mauritius.evolutiontravel.it\/infovacanze\/\",\"name\":\"Mauritius\",\"description\":\"\",\"potentialAction\":[{\"@type\":\"SearchAction\",\"target\":{\"@type\":\"EntryPoint\",\"urlTemplate\":\"https:\/\/mauritius.evolutiontravel.it\/infovacanze\/?s={search_term_string}\"},\"query-input\":\"required name=search_term_string\"}],\"inLanguage\":\"it-IT\"}]}<\/script>\n<!-- \/ Yoast SEO plugin. -->","yoast_head_json":{"title":"Savanne, Mauritius: ecco cosa vedere nel pittoresco distretto dell'isola","description":"Scopri uno dei distretti pi\u00f9 pittoreschi dell'isola Mauritus: Savanne. Ecco cosa puoi fare e cosa vedere durante le tue vacanze!","robots":{"index":"index","follow":"follow","max-snippet":"max-snippet:-1","max-image-preview":"max-image-preview:large","max-video-preview":"max-video-preview:-1"},"canonical":"https:\/\/mauritius.evolutiontravel.it\/infovacanze\/racconti-di-viaggio__trashed\/savanne\/","twitter_misc":{"Tempo di lettura stimato":"1 minuto"},"schema":{"@context":"https:\/\/schema.org","@graph":[{"@type":"WebPage","@id":"https:\/\/mauritius.evolutiontravel.it\/infovacanze\/racconti-di-viaggio__trashed\/savanne\/","url":"https:\/\/mauritius.evolutiontravel.it\/infovacanze\/racconti-di-viaggio__trashed\/savanne\/","name":"Savanne, Mauritius: ecco cosa vedere nel pittoresco distretto dell'isola","isPartOf":{"@id":"https:\/\/mauritius.evolutiontravel.it\/infovacanze\/#website"},"datePublished":"2013-08-19T14:57:48+00:00","dateModified":"2018-01-18T16:56:57+00:00","description":"Scopri uno dei distretti pi\u00f9 pittoreschi dell'isola Mauritus: Savanne. Ecco cosa puoi fare e cosa vedere durante le tue vacanze!","inLanguage":"it-IT","potentialAction":[{"@type":"ReadAction","target":["https:\/\/mauritius.evolutiontravel.it\/infovacanze\/racconti-di-viaggio__trashed\/savanne\/"]}]},{"@type":"WebSite","@id":"https:\/\/mauritius.evolutiontravel.it\/infovacanze\/#website","url":"https:\/\/mauritius.evolutiontravel.it\/infovacanze\/","name":"Mauritius","description":"","potentialAction":[{"@type":"SearchAction","target":{"@type":"EntryPoint","urlTemplate":"https:\/\/mauritius.evolutiontravel.it\/infovacanze\/?s={search_term_string}"},"query-input":"required name=search_term_string"}],"inLanguage":"it-IT"}]}},"_links":{"self":[{"href":"https:\/\/mauritius.evolutiontravel.it\/infovacanze\/wp-json\/wp\/v2\/pages\/142"}],"collection":[{"href":"https:\/\/mauritius.evolutiontravel.it\/infovacanze\/wp-json\/wp\/v2\/pages"}],"about":[{"href":"https:\/\/mauritius.evolutiontravel.it\/infovacanze\/wp-json\/wp\/v2\/types\/page"}],"author":[{"embeddable":true,"href":"https:\/\/mauritius.evolutiontravel.it\/infovacanze\/wp-json\/wp\/v2\/users\/6"}],"replies":[{"embeddable":true,"href":"https:\/\/mauritius.evolutiontravel.it\/infovacanze\/wp-json\/wp\/v2\/comments?post=142"}],"version-history":[{"count":9,"href":"https:\/\/mauritius.evolutiontravel.it\/infovacanze\/wp-json\/wp\/v2\/pages\/142\/revisions"}],"predecessor-version":[{"id":919,"href":"https:\/\/mauritius.evolutiontravel.it\/infovacanze\/wp-json\/wp\/v2\/pages\/142\/revisions\/919"}],"wp:attachment":[{"href":"https:\/\/mauritius.evolutiontravel.it\/infovacanze\/wp-json\/wp\/v2\/media?parent=142"}],"curies":[{"name":"wp","href":"https:\/\/api.w.org\/{rel}","templated":true}]}}