{"id":144,"date":"2013-08-19T17:03:54","date_gmt":"2013-08-19T15:03:54","guid":{"rendered":"http:\/\/mauritius.evolutiontravel.it\/infovacanze\/?page_id=144"},"modified":"2017-12-05T19:37:57","modified_gmt":"2017-12-05T18:37:57","slug":"rose-hill","status":"publish","type":"page","link":"https:\/\/mauritius.evolutiontravel.it\/infovacanze\/rose-hill\/","title":{"rendered":"Rose Hill, cosmopolita citt\u00e0 di Mauritius"},"content":{"rendered":"<p style=\"text-align: justify\"><a href=\"http:\/\/mauritius.evolutiontravel.it\/infovacanze\/wp-content\/uploads\/sites\/15\/2013\/08\/Plaza-Rose-Hill.jpg\"><img loading=\"lazy\" decoding=\"async\" class=\"alignright wp-image-662 size-medium\" src=\"http:\/\/mauritius.evolutiontravel.it\/infovacanze\/wp-content\/uploads\/sites\/15\/2013\/08\/Plaza-Rose-Hill-300x225.jpg\" alt=\"Plaza - Rose Hill\" width=\"300\" height=\"225\" srcset=\"https:\/\/mauritius.evolutiontravel.it\/infovacanze\/wp-content\/uploads\/sites\/15\/2013\/08\/Plaza-Rose-Hill-300x225.jpg 300w, https:\/\/mauritius.evolutiontravel.it\/infovacanze\/wp-content\/uploads\/sites\/15\/2013\/08\/Plaza-Rose-Hill-768x576.jpg 768w, https:\/\/mauritius.evolutiontravel.it\/infovacanze\/wp-content\/uploads\/sites\/15\/2013\/08\/Plaza-Rose-Hill.jpg 1000w\" sizes=\"(max-width: 300px) 100vw, 300px\" \/><\/a>Benvenuti a <strong>Rose Hill <\/strong>(o Beau Bassin-Rose Hill) <strong>seconda citt\u00e0 di Mauritius per grandezza<\/strong>, dopo la capitale Port Louis e capoluogo del distretto di P<strong>laines Wilhems<\/strong>.<\/p>\n<p style=\"text-align: justify\">Se vorrete arricchire la vostra vacanza di <strong>spettacoli e di un tocco di mondanit\u00e0<\/strong>, allora questa destinazione \u00e8 l&#8217;ideale.<\/p>\n<p style=\"text-align: justify\">C&#8217;\u00e8 infatti sempre un certo fermento nelle serate mauriziane, grazie alla costante attivit\u00e0 del <strong>Teatro Le Plaza<\/strong>. Non solo: ci sono una serie di altri luoghi che potranno aiutare il viaggiatore a scoprire nuovi aspetti di questa straordinaria isola.<\/p>\n<p style=\"text-align: justify\">Ad esempio, si potrebbe organizzare una visita presso il <strong>Museo dello Zucchero<\/strong>, utile non solo per apprezzarne le fasi di lavorazione ma anche per poter approfondire la conoscenza della storia dell&#8217;isola.<\/p>\n<p style=\"text-align: justify\">Altra attrazione di grande richiamo \u00e8 il <a href=\"http:\/\/mauritius.evolutiontravel.it\/infovacanze\/racconti-di-viaggio\/pamplemousses\/\"><span style=\"text-decoration: underline\"><strong>Pamplemousses, orto botanico Sir Seewoosagur Ramgoolam<\/strong><\/span><\/a>. Un luogo da visitare con calma, anche perch\u00e8 \u00e8 molto vasto. Meglio quindi considerare la possibilit\u00e0 di rivolgersi ad una guida o con l&#8217;ausilio di una mappa.<\/p>\n<p style=\"text-align: justify\">Altra particolarit\u00e0 da segnalare sono le diverse <strong>gallerie d&#8217;arte<\/strong> che, ospitando mostre ed eventi a tema, contribuiscono a rendere molto vivace e ricercata l&#8217;atmosfera di questi luoghi.<\/p>\n<p>&nbsp;<\/p>\n<h3 style=\"text-align: center\"><strong>Offerte viaggi e vacanze a Mauritius<\/strong><\/h3>\n<div class=\"feedzy-1354876b960a3a0a21000377e978a692 feedzy-rss\">\n\t\t<ul class=\"feedzy-style2\">\n\t\t\t\t\t<li  style=\"padding: 23px 0 38px\" class=\"rss_item feedzy-rss-col-3\" >\n\t\t\t\t\t\t\t\t\t<div class=\"rss_image\" style=\"width:225px; height:225px;\">\n\t\t\t\t\t\t<a href=\"https:\/\/mauritius.evolutiontravel.it\/it_IT\/900\/tab\/23348_fly-drive-una-vacanza-in-liberta.html\" target=\"_blank\" \n\t\t\t\t\t\t\trel=\"noopener \"\n\t\t\t\t\t\t\ttitle=\"Fly &amp; Drive una vacanza in libert\u00e0\"\n\t\t\t\t\t\t\tstyle=\"width:225px; height:225px;\">\n\t\t\t\t\t\t\t<span class=\"fetched\" style=\"background-image:  url('http:\/\/etcdn.net\/thumbnails\/23348\/it-flic-en-flac-fly-drive-una-vacanza-in-liberta-51dbe.jpg');\" title=\"Fly &amp; Drive una vacanza in libert\u00e0\"><\/span><amp-img width=\"225\" height=\"225\" src=\"http:\/\/etcdn.net\/thumbnails\/23348\/it-flic-en-flac-fly-drive-una-vacanza-in-liberta-51dbe.jpg\">\t\t\t\t\t\t<\/a>\n\t\t\t\t\t<\/div>\n\t\t\t\t\t\t\t\t<div class=\"rss_content_wrap\">\n\t\t\t\t\t<span class=\"title\">\n\t\t\t\t\t\t<a href=\"https:\/\/mauritius.evolutiontravel.it\/it_IT\/900\/tab\/23348_fly-drive-una-vacanza-in-liberta.html\" target=\"_blank\"  rel=\"noopener \">\n\t\t\t\t\t\t\tFly &amp; Drive una vacanza in libert\u00e0\t\t\t\t\t\t<\/a>\n\t\t\t\t\t<\/span>\n\t\t\t\t\t<div class=\"rss_content\"\n\t\t\t\t\t\t\tstyle=\"\">\n\t\t\t\t\t\t\n\t\t\t\t\t\t\t\t\t\t\t\t<p class=\"description\">Viaggia e visita Mauritius in libert\u00e0 facendo base a Flic en Flac, una delle pi\u00f9 belle spiagge dell'isola. Costruisci il tuo [&hellip;]<\/p>\n\t\t\t\t\t\t\n\t\t\t\t\t\t\t\t\t\t\t\t\t\t\t\t\t\t\t<div class=\"price-wrap\">\n\t\t\t\t\t\t\t\t<a href=\"https:\/\/mauritius.evolutiontravel.it\/it_IT\/900\/tab\/23348_fly-drive-una-vacanza-in-liberta.html\" target=\"_blank\" rel=\"noopener\"><button class=\"price\"> 1330<\/button><\/a>\n\t\t\t\t\t\t\t<\/div>\n\t\t\t\t\t\t\t\t\t\t\t<\/div>\n\t\t\t\t<\/div>\n\t\t\t<\/li>\n\t\t\t\t\t\t<li  style=\"padding: 23px 0 38px\" class=\"rss_item feedzy-rss-col-3\" >\n\t\t\t\t\t\t\t\t\t<div class=\"rss_image\" style=\"width:225px; height:225px;\">\n\t\t\t\t\t\t<a href=\"https:\/\/mauritius.evolutiontravel.it\/it_IT\/900\/tab\/23398_sugar-beach-a-sun-resort.html\" target=\"_blank\" \n\t\t\t\t\t\t\trel=\"noopener \"\n\t\t\t\t\t\t\ttitle=\"Sugar Beach A Sun Resort\"\n\t\t\t\t\t\t\tstyle=\"width:225px; height:225px;\">\n\t\t\t\t\t\t\t<span class=\"fetched\" style=\"background-image:  url('http:\/\/etcdn.net\/thumbnails\/23398\/it-flic-en-flac-hotel-sugar-beach-resort-5-stelle-50528.jpg');\" title=\"Sugar Beach A Sun Resort\"><\/span><amp-img width=\"225\" height=\"225\" src=\"http:\/\/etcdn.net\/thumbnails\/23398\/it-flic-en-flac-hotel-sugar-beach-resort-5-stelle-50528.jpg\">\t\t\t\t\t\t<\/a>\n\t\t\t\t\t<\/div>\n\t\t\t\t\t\t\t\t<div class=\"rss_content_wrap\">\n\t\t\t\t\t<span class=\"title\">\n\t\t\t\t\t\t<a href=\"https:\/\/mauritius.evolutiontravel.it\/it_IT\/900\/tab\/23398_sugar-beach-a-sun-resort.html\" target=\"_blank\"  rel=\"noopener \">\n\t\t\t\t\t\t\tSugar Beach A Sun Resort\t\t\t\t\t\t<\/a>\n\t\t\t\t\t<\/span>\n\t\t\t\t\t<div class=\"rss_content\"\n\t\t\t\t\t\t\tstyle=\"\">\n\t\t\t\t\t\t\n\t\t\t\t\t\t\t\t\t\t\t\t<p class=\"description\">Hotel elegante e vivace, circondato da un meraviglioso giardino tropicale, adatto a famiglie, coppie, gruppi di giovani. Molto [&hellip;]<\/p>\n\t\t\t\t\t\t\n\t\t\t\t\t\t\t\t\t\t\t\t\t\t\t\t\t\t\t<div class=\"price-wrap\">\n\t\t\t\t\t\t\t\t<a href=\"https:\/\/mauritius.evolutiontravel.it\/it_IT\/900\/tab\/23398_sugar-beach-a-sun-resort.html\" target=\"_blank\" rel=\"noopener\"><button class=\"price\"> 2600<\/button><\/a>\n\t\t\t\t\t\t\t<\/div>\n\t\t\t\t\t\t\t\t\t\t\t<\/div>\n\t\t\t\t<\/div>\n\t\t\t<\/li>\n\t\t\t\t\t\t<li  style=\"padding: 23px 0 38px\" class=\"rss_item feedzy-rss-col-3\" >\n\t\t\t\t\t\t\t\t\t<div class=\"rss_image\" style=\"width:225px; height:225px;\">\n\t\t\t\t\t\t<a href=\"https:\/\/mauritius.evolutiontravel.it\/it_IT\/900\/tab\/23497_oneonly-le-saint-geran.html\" target=\"_blank\" \n\t\t\t\t\t\t\trel=\"noopener \"\n\t\t\t\t\t\t\ttitle=\"One&amp;Only Le Saint G\u00e9ran\"\n\t\t\t\t\t\t\tstyle=\"width:225px; height:225px;\">\n\t\t\t\t\t\t\t<span class=\"fetched\" style=\"background-image:  url('http:\/\/etcdn.net\/thumbnails\/23497\/it-trou-deau-douce-hotel-oneonly-le-saint-geran-5-stelle-lusso-52a67.jpg');\" title=\"One&amp;Only Le Saint G\u00e9ran\"><\/span><amp-img width=\"225\" height=\"225\" src=\"http:\/\/etcdn.net\/thumbnails\/23497\/it-trou-deau-douce-hotel-oneonly-le-saint-geran-5-stelle-lusso-52a67.jpg\">\t\t\t\t\t\t<\/a>\n\t\t\t\t\t<\/div>\n\t\t\t\t\t\t\t\t<div class=\"rss_content_wrap\">\n\t\t\t\t\t<span class=\"title\">\n\t\t\t\t\t\t<a href=\"https:\/\/mauritius.evolutiontravel.it\/it_IT\/900\/tab\/23497_oneonly-le-saint-geran.html\" target=\"_blank\"  rel=\"noopener \">\n\t\t\t\t\t\t\tOne&amp;Only Le Saint G\u00e9ran\t\t\t\t\t\t<\/a>\n\t\t\t\t\t<\/span>\n\t\t\t\t\t<div class=\"rss_content\"\n\t\t\t\t\t\t\tstyle=\"\">\n\t\t\t\t\t\t\n\t\t\t\t\t\t\t\t\t\t\t\t<p class=\"description\">Il top di Mauritius. Questo prestigioso resort della catena One&amp;Only viene definito dai mauriziani il pi\u00f9 bello dell'isola. [&hellip;]<\/p>\n\t\t\t\t\t\t\n\t\t\t\t\t\t\t\t\t\t\t\t\t\t\t\t\t\t\t<div class=\"price-wrap\">\n\t\t\t\t\t\t\t\t<a href=\"https:\/\/mauritius.evolutiontravel.it\/it_IT\/900\/tab\/23497_oneonly-le-saint-geran.html\" target=\"_blank\" rel=\"noopener\"><button class=\"price\"> 4080<\/button><\/a>\n\t\t\t\t\t\t\t<\/div>\n\t\t\t\t\t\t\t\t\t\t\t<\/div>\n\t\t\t\t<\/div>\n\t\t\t<\/li>\n\t\t\t\t\t\t<li  style=\"padding: 23px 0 38px\" class=\"rss_item feedzy-rss-col-3\" >\n\t\t\t\t\t\t\t\t\t<div class=\"rss_image\" style=\"width:225px; height:225px;\">\n\t\t\t\t\t\t<a href=\"https:\/\/mauritius.evolutiontravel.it\/it_IT\/900\/tab\/23492_shangri-las-le-touessrok-resort-spa-5-stelle-lusso.html\" target=\"_blank\" \n\t\t\t\t\t\t\trel=\"noopener \"\n\t\t\t\t\t\t\ttitle=\"Shangri-la&#039;s - Le Touessrok Resort &amp; Spa 5 stelle Lusso\"\n\t\t\t\t\t\t\tstyle=\"width:225px; height:225px;\">\n\t\t\t\t\t\t\t<span class=\"fetched\" style=\"background-image:  url('http:\/\/etcdn.net\/thumbnails\/23492\/it-trou-deau-douce-shangri-las-le-touessrok-resort-spa-5-stelle-lusso-5166d.jpg');\" title=\"Shangri-la&#039;s - Le Touessrok Resort &amp; Spa 5 stelle Lusso\"><\/span><amp-img width=\"225\" height=\"225\" src=\"http:\/\/etcdn.net\/thumbnails\/23492\/it-trou-deau-douce-shangri-las-le-touessrok-resort-spa-5-stelle-lusso-5166d.jpg\">\t\t\t\t\t\t<\/a>\n\t\t\t\t\t<\/div>\n\t\t\t\t\t\t\t\t<div class=\"rss_content_wrap\">\n\t\t\t\t\t<span class=\"title\">\n\t\t\t\t\t\t<a href=\"https:\/\/mauritius.evolutiontravel.it\/it_IT\/900\/tab\/23492_shangri-las-le-touessrok-resort-spa-5-stelle-lusso.html\" target=\"_blank\"  rel=\"noopener \">\n\t\t\t\t\t\t\tShangri-la's - Le Touessrok Resort &amp; Spa 5 stelle Lusso\t\t\t\t\t\t<\/a>\n\t\t\t\t\t<\/span>\n\t\t\t\t\t<div class=\"rss_content\"\n\t\t\t\t\t\t\tstyle=\"\">\n\t\t\t\t\t\t\n\t\t\t\t\t\t\t\t\t\t\t\t<p class=\"description\">Uno dei capisaldi del lusso ai Tropici, \u00e8 tra i luoghi pi\u00f9 romantici al mondo. Particolarmente consigliata ad una clientela [&hellip;]<\/p>\n\t\t\t\t\t\t\n\t\t\t\t\t\t\t\t\t\t\t\t\t\t\t\t\t\t\t<div class=\"price-wrap\">\n\t\t\t\t\t\t\t\t<a href=\"https:\/\/mauritius.evolutiontravel.it\/it_IT\/900\/tab\/23492_shangri-las-le-touessrok-resort-spa-5-stelle-lusso.html\" target=\"_blank\" rel=\"noopener\"><button class=\"price\"> 3650<\/button><\/a>\n\t\t\t\t\t\t\t<\/div>\n\t\t\t\t\t\t\t\t\t\t\t<\/div>\n\t\t\t\t<\/div>\n\t\t\t<\/li>\n\t\t\t\t\t\t<li  style=\"padding: 23px 0 38px\" class=\"rss_item feedzy-rss-col-3\" >\n\t\t\t\t\t\t\t\t\t<div class=\"rss_image\" style=\"width:225px; height:225px;\">\n\t\t\t\t\t\t<a href=\"https:\/\/mauritius.evolutiontravel.it\/it_IT\/900\/tab\/33751_guesthouse-villa-abi.html\" target=\"_blank\" \n\t\t\t\t\t\t\trel=\"noopener \"\n\t\t\t\t\t\t\ttitle=\"Guesthouse Villa Abi\"\n\t\t\t\t\t\t\tstyle=\"width:225px; height:225px;\">\n\t\t\t\t\t\t\t<span class=\"fetched\" style=\"background-image:  url('http:\/\/etcdn.net\/thumbnails\/33751\/it-flic-en-flac-guesthouse-villa-abi-61bfe.jpg');\" title=\"Guesthouse Villa Abi\"><\/span><amp-img width=\"225\" height=\"225\" src=\"http:\/\/etcdn.net\/thumbnails\/33751\/it-flic-en-flac-guesthouse-villa-abi-61bfe.jpg\">\t\t\t\t\t\t<\/a>\n\t\t\t\t\t<\/div>\n\t\t\t\t\t\t\t\t<div class=\"rss_content_wrap\">\n\t\t\t\t\t<span class=\"title\">\n\t\t\t\t\t\t<a href=\"https:\/\/mauritius.evolutiontravel.it\/it_IT\/900\/tab\/33751_guesthouse-villa-abi.html\" target=\"_blank\"  rel=\"noopener \">\n\t\t\t\t\t\t\tGuesthouse Villa Abi\t\t\t\t\t\t<\/a>\n\t\t\t\t\t<\/span>\n\t\t\t\t\t<div class=\"rss_content\"\n\t\t\t\t\t\t\tstyle=\"\">\n\t\t\t\t\t\t\n\t\t\t\t\t\t\t\t\t\t\t\t<p class=\"description\">Graziosa guesthouse immersa in un giardino tropicale, a pochi passi da una delle spiagge pi\u00f9 belle di Mauritius: la spiaggia di [&hellip;]<\/p>\n\t\t\t\t\t\t\n\t\t\t\t\t\t\t\t\t\t\t\t\t\t\t\t\t\t\t<div class=\"price-wrap\">\n\t\t\t\t\t\t\t\t<a href=\"https:\/\/mauritius.evolutiontravel.it\/it_IT\/900\/tab\/33751_guesthouse-villa-abi.html\" target=\"_blank\" rel=\"noopener\"><button class=\"price\"> 1140<\/button><\/a>\n\t\t\t\t\t\t\t<\/div>\n\t\t\t\t\t\t\t\t\t\t\t<\/div>\n\t\t\t\t<\/div>\n\t\t\t<\/li>\n\t\t\t\t\t\t<li  style=\"padding: 23px 0 38px\" class=\"rss_item feedzy-rss-col-3\" >\n\t\t\t\t\t\t\t\t\t<div class=\"rss_image\" style=\"width:225px; height:225px;\">\n\t\t\t\t\t\t<a href=\"https:\/\/mauritius.evolutiontravel.it\/it_IT\/900\/tab\/28490_aanari-hotel-spa.html\" target=\"_blank\" \n\t\t\t\t\t\t\trel=\"noopener \"\n\t\t\t\t\t\t\ttitle=\"Aanari Hotel &amp; Spa\"\n\t\t\t\t\t\t\tstyle=\"width:225px; height:225px;\">\n\t\t\t\t\t\t\t<span class=\"fetched\" style=\"background-image:  url('http:\/\/etcdn.net\/thumbnails\/28490\/it-flic-en-flac-aanari-hotel-spa-7ee95.jpg');\" title=\"Aanari Hotel &amp; Spa\"><\/span><amp-img width=\"225\" height=\"225\" src=\"http:\/\/etcdn.net\/thumbnails\/28490\/it-flic-en-flac-aanari-hotel-spa-7ee95.jpg\">\t\t\t\t\t\t<\/a>\n\t\t\t\t\t<\/div>\n\t\t\t\t\t\t\t\t<div class=\"rss_content_wrap\">\n\t\t\t\t\t<span class=\"title\">\n\t\t\t\t\t\t<a href=\"https:\/\/mauritius.evolutiontravel.it\/it_IT\/900\/tab\/28490_aanari-hotel-spa.html\" target=\"_blank\"  rel=\"noopener \">\n\t\t\t\t\t\t\tAanari Hotel &amp; Spa\t\t\t\t\t\t<\/a>\n\t\t\t\t\t<\/span>\n\t\t\t\t\t<div class=\"rss_content\"\n\t\t\t\t\t\t\tstyle=\"\">\n\t\t\t\t\t\t\n\t\t\t\t\t\t\t\t\t\t\t\t<p class=\"description\">Hotel semplice consigliato a tutti coloro che da una vacanza a Mauritius si aspettano una buona sistemazione alberghiera come [&hellip;]<\/p>\n\t\t\t\t\t\t\n\t\t\t\t\t\t\t\t\t\t\t\t\t\t\t\t\t\t\t<div class=\"price-wrap\">\n\t\t\t\t\t\t\t\t<a href=\"https:\/\/mauritius.evolutiontravel.it\/it_IT\/900\/tab\/28490_aanari-hotel-spa.html\" target=\"_blank\" rel=\"noopener\"><button class=\"price\"> 1190<\/button><\/a>\n\t\t\t\t\t\t\t<\/div>\n\t\t\t\t\t\t\t\t\t\t\t<\/div>\n\t\t\t\t<\/div>\n\t\t\t<\/li>\n\t\t\t\t<\/ul>\n<\/div>\n<style type=\"text\/css\" media=\"all\">.feedzy-rss .rss_item .rss_image{float:left;position:relative;border:none;text-decoration:none;max-width:100%}.feedzy-rss .rss_item .rss_image span{display:inline-block;position:absolute;width:100%;height:100%;background-position:50%;background-size:cover}.feedzy-rss .rss_item .rss_image{margin:.3em 1em 0 0;content-visibility:auto}.feedzy-rss ul{list-style:none}.feedzy-rss ul li{display:inline-block}<\/style>\n","protected":false},"excerpt":{"rendered":"<p>Benvenuti a Rose Hill (o Beau Bassin-Rose Hill) seconda citt\u00e0 di Mauritius per grandezza, dopo la capitale Port Louis e capoluogo del distretto di Plaines Wilhems. Se vorrete arricchire la vostra vacanza di spettacoli e di un tocco di mondanit\u00e0, allora questa destinazione \u00e8 l&#8217;ideale. C&#8217;\u00e8 infatti sempre un certo fermento nelle serate mauriziane, grazie <a class=\"moretag\" href=\"https:\/\/mauritius.evolutiontravel.it\/infovacanze\/rose-hill\/\">[&#8230;]<\/a><\/p>\n","protected":false},"author":6,"featured_media":0,"parent":0,"menu_order":0,"comment_status":"closed","ping_status":"open","template":"templates\/template-with-right-sidebar.php","meta":{"footnotes":""},"yoast_head":"<!-- This site is optimized with the Yoast SEO plugin v21.9.1 - https:\/\/yoast.com\/wordpress\/plugins\/seo\/ -->\n<title>Rose Hill, cosa vedere e fare in citt\u00e0 - Mauritius - Evolution Travel<\/title>\n<meta name=\"description\" content=\"Ecco cosa vedere e cosa fare a Rose Hill a Mauritius: teatro, museo, orto botanico e gallerie d&#039;arte. Leggi il nostro articolo!\" \/>\n<meta name=\"robots\" content=\"index, follow, max-snippet:-1, max-image-preview:large, max-video-preview:-1\" \/>\n<link rel=\"canonical\" href=\"https:\/\/mauritius.evolutiontravel.it\/infovacanze\/racconti-di-viaggio__trashed\/rose-hill\/\" \/>\n<meta name=\"twitter:label1\" content=\"Tempo di lettura stimato\" \/>\n\t<meta name=\"twitter:data1\" content=\"1 minuto\" \/>\n<script type=\"application\/ld+json\" class=\"yoast-schema-graph\">{\"@context\":\"https:\/\/schema.org\",\"@graph\":[{\"@type\":\"WebPage\",\"@id\":\"https:\/\/mauritius.evolutiontravel.it\/infovacanze\/racconti-di-viaggio__trashed\/rose-hill\/\",\"url\":\"https:\/\/mauritius.evolutiontravel.it\/infovacanze\/racconti-di-viaggio__trashed\/rose-hill\/\",\"name\":\"Rose Hill, cosa vedere e fare in citt\u00e0 - Mauritius - Evolution Travel\",\"isPartOf\":{\"@id\":\"https:\/\/mauritius.evolutiontravel.it\/infovacanze\/#website\"},\"datePublished\":\"2013-08-19T15:03:54+00:00\",\"dateModified\":\"2017-12-05T18:37:57+00:00\",\"description\":\"Ecco cosa vedere e cosa fare a Rose Hill a Mauritius: teatro, museo, orto botanico e gallerie d'arte. Leggi il nostro articolo!\",\"inLanguage\":\"it-IT\",\"potentialAction\":[{\"@type\":\"ReadAction\",\"target\":[\"https:\/\/mauritius.evolutiontravel.it\/infovacanze\/racconti-di-viaggio__trashed\/rose-hill\/\"]}]},{\"@type\":\"WebSite\",\"@id\":\"https:\/\/mauritius.evolutiontravel.it\/infovacanze\/#website\",\"url\":\"https:\/\/mauritius.evolutiontravel.it\/infovacanze\/\",\"name\":\"Mauritius\",\"description\":\"\",\"potentialAction\":[{\"@type\":\"SearchAction\",\"target\":{\"@type\":\"EntryPoint\",\"urlTemplate\":\"https:\/\/mauritius.evolutiontravel.it\/infovacanze\/?s={search_term_string}\"},\"query-input\":\"required name=search_term_string\"}],\"inLanguage\":\"it-IT\"}]}<\/script>\n<!-- \/ Yoast SEO plugin. -->","yoast_head_json":{"title":"Rose Hill, cosa vedere e fare in citt\u00e0 - Mauritius - Evolution Travel","description":"Ecco cosa vedere e cosa fare a Rose Hill a Mauritius: teatro, museo, orto botanico e gallerie d'arte. Leggi il nostro articolo!","robots":{"index":"index","follow":"follow","max-snippet":"max-snippet:-1","max-image-preview":"max-image-preview:large","max-video-preview":"max-video-preview:-1"},"canonical":"https:\/\/mauritius.evolutiontravel.it\/infovacanze\/racconti-di-viaggio__trashed\/rose-hill\/","twitter_misc":{"Tempo di lettura stimato":"1 minuto"},"schema":{"@context":"https:\/\/schema.org","@graph":[{"@type":"WebPage","@id":"https:\/\/mauritius.evolutiontravel.it\/infovacanze\/racconti-di-viaggio__trashed\/rose-hill\/","url":"https:\/\/mauritius.evolutiontravel.it\/infovacanze\/racconti-di-viaggio__trashed\/rose-hill\/","name":"Rose Hill, cosa vedere e fare in citt\u00e0 - Mauritius - Evolution Travel","isPartOf":{"@id":"https:\/\/mauritius.evolutiontravel.it\/infovacanze\/#website"},"datePublished":"2013-08-19T15:03:54+00:00","dateModified":"2017-12-05T18:37:57+00:00","description":"Ecco cosa vedere e cosa fare a Rose Hill a Mauritius: teatro, museo, orto botanico e gallerie d'arte. Leggi il nostro articolo!","inLanguage":"it-IT","potentialAction":[{"@type":"ReadAction","target":["https:\/\/mauritius.evolutiontravel.it\/infovacanze\/racconti-di-viaggio__trashed\/rose-hill\/"]}]},{"@type":"WebSite","@id":"https:\/\/mauritius.evolutiontravel.it\/infovacanze\/#website","url":"https:\/\/mauritius.evolutiontravel.it\/infovacanze\/","name":"Mauritius","description":"","potentialAction":[{"@type":"SearchAction","target":{"@type":"EntryPoint","urlTemplate":"https:\/\/mauritius.evolutiontravel.it\/infovacanze\/?s={search_term_string}"},"query-input":"required name=search_term_string"}],"inLanguage":"it-IT"}]}},"_links":{"self":[{"href":"https:\/\/mauritius.evolutiontravel.it\/infovacanze\/wp-json\/wp\/v2\/pages\/144"}],"collection":[{"href":"https:\/\/mauritius.evolutiontravel.it\/infovacanze\/wp-json\/wp\/v2\/pages"}],"about":[{"href":"https:\/\/mauritius.evolutiontravel.it\/infovacanze\/wp-json\/wp\/v2\/types\/page"}],"author":[{"embeddable":true,"href":"https:\/\/mauritius.evolutiontravel.it\/infovacanze\/wp-json\/wp\/v2\/users\/6"}],"replies":[{"embeddable":true,"href":"https:\/\/mauritius.evolutiontravel.it\/infovacanze\/wp-json\/wp\/v2\/comments?post=144"}],"version-history":[{"count":7,"href":"https:\/\/mauritius.evolutiontravel.it\/infovacanze\/wp-json\/wp\/v2\/pages\/144\/revisions"}],"predecessor-version":[{"id":838,"href":"https:\/\/mauritius.evolutiontravel.it\/infovacanze\/wp-json\/wp\/v2\/pages\/144\/revisions\/838"}],"wp:attachment":[{"href":"https:\/\/mauritius.evolutiontravel.it\/infovacanze\/wp-json\/wp\/v2\/media?parent=144"}],"curies":[{"name":"wp","href":"https:\/\/api.w.org\/{rel}","templated":true}]}}