{"id":160,"date":"2013-08-19T17:16:18","date_gmt":"2013-08-19T15:16:18","guid":{"rendered":"http:\/\/mauritius.evolutiontravel.it\/infovacanze\/?page_id=160"},"modified":"2018-11-28T11:58:30","modified_gmt":"2018-11-28T10:58:30","slug":"port-louis","status":"publish","type":"page","link":"https:\/\/mauritius.evolutiontravel.it\/infovacanze\/port-louis\/","title":{"rendered":"Escursione a Port Louis, capitale di Mauritius"},"content":{"rendered":"<p align=\"justify\"><strong>Port Louis, la capitale di Mauritius <\/strong>\u00e8 una delle tappe quasi obbligatorie di chi visita questo paese. Per girare per la citt\u00e0 baster\u00e0 anche una sola giornata e <strong>una curiosit\u00e0<\/strong> che noterete appena arrivati <strong>in citt\u00e0 sono le strade<\/strong>, tutte indicate con un doppio nome, quello ufficiale e quello tradizionale.<strong><br \/>\n<\/strong><\/p>\n<p align=\"justify\">Port Louis sorge\u00a0tra il mare e le montagne, sulla <strong>costa Nord occidentale di Mauritius<\/strong>, e offre ai turisti davvero <strong>tante cose da vedere<\/strong>: il <strong>mercato<\/strong>, i <strong>musei<\/strong>, le <strong>pagode<\/strong> e le <strong>moschee<\/strong>, la parte di <strong>citt\u00e0 vecchia<\/strong> e i <strong>palazzi<\/strong>.<\/p>\n<p align=\"justify\"><strong>La\u00a0Piazza d&#8217;Armi<\/strong>\u00a0\u00e8 il punto di partenza perfetto per visitare la <strong>citt\u00e0 vecchia<\/strong>, da qui troverete tre viali che vi portano ai palazzi che ospitano le istituzioni di Mauritius: il <strong>Parlamento al\u00a0Government House<\/strong>\u00a0e il\u00a0<strong>Treasury Buildings<\/strong>.<\/p>\n<p align=\"justify\"><strong>Campo di Marte<\/strong>\u00a0\u00e8 poi un&#8217;altra meta interessante: un tempo luogo dove venivano addestrate le truppe coloniali, oggi \u00e8 un ippodromo dove si tengono le manifestazioni. A Nord c&#8217;\u00e8 poi la cosiddetta<strong>\u00a0Cittadella, roccaforte<\/strong> da dove veniva controllata la citt\u00e0, \u00e8 oggi anch&#8217;essa sede di eventi.<\/p>\n<p>Per farvi un&#8217;idea pi\u00f9 precisa della citt\u00e0 visitate\u00a0 il\u00a0<strong>Port Louis Market<\/strong>, il mercato che si trova fra\u00a0Farquhar Street\u00a0e\u00a0Queen Street, vicino il lungomare. <strong>Una serie di bancarelle<\/strong> dove vivere dal di dentro la citt\u00e0, tra carne, pesce, frutta e verdura coloratissima, dove acquistare <strong>souvenir artigianali<\/strong>, spezie, vestiti\u00a0e tanto altro.<\/p>\n<p><strong>Per fare shopping<\/strong> non mancano occasioni: il nuovo <strong>centro commerciale \u201cLe Caudan\u201d<\/strong> ha moltissimi diversi negozi, ristoranti e sale cinematografiche.<\/p>\n<p align=\"justify\">Vicino al mercato troverete il\u00a0<strong>Museo di Storia Naturale <\/strong>che comprende una serie di specie animali ormai estinte, come il <strong>dodo<\/strong>, il\u00a0<strong>pappagallo <\/strong>del<strong>\u00a0<\/strong>Madagascar\u00a0e lo\u00a0<strong>storno crestato <\/strong>di<strong>\u00a0<\/strong>Bourbon.<\/p>\n<div id=\"attachment_305\" style=\"width: 460px\" class=\"wp-caption alignright\"><img loading=\"lazy\" decoding=\"async\" aria-describedby=\"caption-attachment-305\" class=\"wp-image-305\" src=\"https:\/\/mauritius.evolutiontravel.it\/infovacanze\/wp-content\/uploads\/sites\/15\/2014\/01\/Port_Louis_Mauritius-300x225.jpg\" alt=\"Port Louis, Mauritius\" width=\"450\" height=\"338\" srcset=\"https:\/\/mauritius.evolutiontravel.it\/infovacanze\/wp-content\/uploads\/sites\/15\/2014\/01\/Port_Louis_Mauritius-300x225.jpg 300w, https:\/\/mauritius.evolutiontravel.it\/infovacanze\/wp-content\/uploads\/sites\/15\/2014\/01\/Port_Louis_Mauritius-400x300.jpg 400w, https:\/\/mauritius.evolutiontravel.it\/infovacanze\/wp-content\/uploads\/sites\/15\/2014\/01\/Port_Louis_Mauritius.jpg 1024w\" sizes=\"(max-width: 450px) 100vw, 450px\" \/><p id=\"caption-attachment-305\" class=\"wp-caption-text\">Port Louis vista dall&#8217;alto<\/p><\/div>\n<p align=\"justify\">C&#8217;\u00e8 poi anche il <strong>Museo della Fotografia<\/strong> con numerose<strong> foto storiche dell&#8217;isola<\/strong> ed <strong>il Museo Postale<\/strong> con una vastissima collezione di francobolli locali, alcuni anche molto rari.<\/p>\n<p align=\"justify\">Prova dei tanti popoli che hanno abitato Mauritius, e Port Louis in modo specifico, sono le <strong>pagode cinesi<\/strong> che convivono con le <strong>moschee<\/strong> e le cattedrali. Le prime splendidi esempi della cultura cinese; tra le seconde spicca la <strong>Moschea Jummah<\/strong><strong>, <\/strong>proprio nel quartiere cinese, la pi\u00f9 antica dell\u2019isola. Tra le cattedrali da vedere ci sono quella anglicana di\u00a0<strong>St. Jamesche, <\/strong>in Poudri\u00e8re Street e quella cattolica di\u00a0<strong>Saint Louis<\/strong>.<\/p>\n<p align=\"justify\">I luoghi di culto nella capitale possono essere visitati in breve tempo perch\u00e8 confinano fra loro: ecco infatti la cattedrale cattolica, vicina al tempio ind\u00f9 e poi la moschea e, a pochi passi, appunto la pagoda.<\/p>\n<p align=\"justify\">Poi dedicate un po&#8217; di tempo a <strong>Fort Adelaide<\/strong>, una rocca del 1835 situata in cima ad una collina oggi sede di spettacoli e concerti e ad <strong>Aapravasi Ghat<\/strong>, divenuto patrimonio dell\u2019UNESCO, celebra i lavoratori immigrati che raggiunsero l\u2019isola Mauritius dall\u2019india quando fu abolita la schiavit\u00f9.<\/p>\n<p align=\"justify\">Infine, a soli <strong>11 km da Port Louis<\/strong> ecco un&#8217;altra meraviglia di Mauritius: <strong><a title=\"giardini di Pamplemousses\" href=\"https:\/\/mauritius.evolutiontravel.it\/infovacanze\/racconti-di-viaggio\/pamplemousses\/\"><em><u>i giardini di Pamplemousses<\/u><\/em><\/a><\/strong> e a 12 km una piccola citt\u00e0 senza <a href=\"https:\/\/mauritius.evolutiontravel.it\/infovacanze\/racconti-di-viaggio\/moka\/\">alcun sbocco al mare, Moka<\/a>.<\/p>\n<h3 style=\"text-align: center\">Offerte viaggi e vacanze a Mauritius<\/h3>\n<p style=\"text-align: center\"><strong><span style=\"color: #008000\">CLICCA e scopri subito<\/span><\/strong>: <strong>programma<\/strong>, <strong>comment<\/strong>i, <strong>foto<\/strong>,<strong> itineari<\/strong> e altro ancora!<\/p>\n<div class=\"feedzy-1354876b960a3a0a21000377e978a692 feedzy-rss\">\n\t\t<ul class=\"feedzy-style2\">\n\t\t\t\t\t<li  style=\"padding: 23px 0 38px\" class=\"rss_item feedzy-rss-col-3\" >\n\t\t\t\t\t\t\t\t\t<div class=\"rss_image\" style=\"width:225px; height:225px;\">\n\t\t\t\t\t\t<a href=\"https:\/\/mauritius.evolutiontravel.it\/it_IT\/900\/tab\/23348_fly-drive-una-vacanza-in-liberta.html\" target=\"_blank\" \n\t\t\t\t\t\t\trel=\"noopener \"\n\t\t\t\t\t\t\ttitle=\"Fly &amp; Drive una vacanza in libert\u00e0\"\n\t\t\t\t\t\t\tstyle=\"width:225px; height:225px;\">\n\t\t\t\t\t\t\t<span class=\"fetched\" style=\"background-image:  url('http:\/\/etcdn.net\/thumbnails\/23348\/it-flic-en-flac-fly-drive-una-vacanza-in-liberta-51dbe.jpg');\" title=\"Fly &amp; Drive una vacanza in libert\u00e0\"><\/span><amp-img width=\"225\" height=\"225\" src=\"http:\/\/etcdn.net\/thumbnails\/23348\/it-flic-en-flac-fly-drive-una-vacanza-in-liberta-51dbe.jpg\">\t\t\t\t\t\t<\/a>\n\t\t\t\t\t<\/div>\n\t\t\t\t\t\t\t\t<div class=\"rss_content_wrap\">\n\t\t\t\t\t<span class=\"title\">\n\t\t\t\t\t\t<a href=\"https:\/\/mauritius.evolutiontravel.it\/it_IT\/900\/tab\/23348_fly-drive-una-vacanza-in-liberta.html\" target=\"_blank\"  rel=\"noopener \">\n\t\t\t\t\t\t\tFly &amp; Drive una vacanza in libert\u00e0\t\t\t\t\t\t<\/a>\n\t\t\t\t\t<\/span>\n\t\t\t\t\t<div class=\"rss_content\"\n\t\t\t\t\t\t\tstyle=\"\">\n\t\t\t\t\t\t\n\t\t\t\t\t\t\t\t\t\t\t\t<p class=\"description\">Viaggia e visita Mauritius in libert\u00e0 facendo base a Flic en Flac, una delle pi\u00f9 belle spiagge dell'isola. Costruisci il tuo [&hellip;]<\/p>\n\t\t\t\t\t\t\n\t\t\t\t\t\t\t\t\t\t\t\t\t\t\t\t\t\t\t<div class=\"price-wrap\">\n\t\t\t\t\t\t\t\t<a href=\"https:\/\/mauritius.evolutiontravel.it\/it_IT\/900\/tab\/23348_fly-drive-una-vacanza-in-liberta.html\" target=\"_blank\" rel=\"noopener\"><button class=\"price\"> 1330<\/button><\/a>\n\t\t\t\t\t\t\t<\/div>\n\t\t\t\t\t\t\t\t\t\t\t<\/div>\n\t\t\t\t<\/div>\n\t\t\t<\/li>\n\t\t\t\t\t\t<li  style=\"padding: 23px 0 38px\" class=\"rss_item feedzy-rss-col-3\" >\n\t\t\t\t\t\t\t\t\t<div class=\"rss_image\" style=\"width:225px; height:225px;\">\n\t\t\t\t\t\t<a href=\"https:\/\/mauritius.evolutiontravel.it\/it_IT\/900\/tab\/23398_sugar-beach-a-sun-resort.html\" target=\"_blank\" \n\t\t\t\t\t\t\trel=\"noopener \"\n\t\t\t\t\t\t\ttitle=\"Sugar Beach A Sun Resort\"\n\t\t\t\t\t\t\tstyle=\"width:225px; height:225px;\">\n\t\t\t\t\t\t\t<span class=\"fetched\" style=\"background-image:  url('http:\/\/etcdn.net\/thumbnails\/23398\/it-flic-en-flac-hotel-sugar-beach-resort-5-stelle-50528.jpg');\" title=\"Sugar Beach A Sun Resort\"><\/span><amp-img width=\"225\" height=\"225\" src=\"http:\/\/etcdn.net\/thumbnails\/23398\/it-flic-en-flac-hotel-sugar-beach-resort-5-stelle-50528.jpg\">\t\t\t\t\t\t<\/a>\n\t\t\t\t\t<\/div>\n\t\t\t\t\t\t\t\t<div class=\"rss_content_wrap\">\n\t\t\t\t\t<span class=\"title\">\n\t\t\t\t\t\t<a href=\"https:\/\/mauritius.evolutiontravel.it\/it_IT\/900\/tab\/23398_sugar-beach-a-sun-resort.html\" target=\"_blank\"  rel=\"noopener \">\n\t\t\t\t\t\t\tSugar Beach A Sun Resort\t\t\t\t\t\t<\/a>\n\t\t\t\t\t<\/span>\n\t\t\t\t\t<div class=\"rss_content\"\n\t\t\t\t\t\t\tstyle=\"\">\n\t\t\t\t\t\t\n\t\t\t\t\t\t\t\t\t\t\t\t<p class=\"description\">Hotel elegante e vivace, circondato da un meraviglioso giardino tropicale, adatto a famiglie, coppie, gruppi di giovani. Molto [&hellip;]<\/p>\n\t\t\t\t\t\t\n\t\t\t\t\t\t\t\t\t\t\t\t\t\t\t\t\t\t\t<div class=\"price-wrap\">\n\t\t\t\t\t\t\t\t<a href=\"https:\/\/mauritius.evolutiontravel.it\/it_IT\/900\/tab\/23398_sugar-beach-a-sun-resort.html\" target=\"_blank\" rel=\"noopener\"><button class=\"price\"> 2600<\/button><\/a>\n\t\t\t\t\t\t\t<\/div>\n\t\t\t\t\t\t\t\t\t\t\t<\/div>\n\t\t\t\t<\/div>\n\t\t\t<\/li>\n\t\t\t\t\t\t<li  style=\"padding: 23px 0 38px\" class=\"rss_item feedzy-rss-col-3\" >\n\t\t\t\t\t\t\t\t\t<div class=\"rss_image\" style=\"width:225px; height:225px;\">\n\t\t\t\t\t\t<a href=\"https:\/\/mauritius.evolutiontravel.it\/it_IT\/900\/tab\/23497_oneonly-le-saint-geran.html\" target=\"_blank\" \n\t\t\t\t\t\t\trel=\"noopener \"\n\t\t\t\t\t\t\ttitle=\"One&amp;Only Le Saint G\u00e9ran\"\n\t\t\t\t\t\t\tstyle=\"width:225px; height:225px;\">\n\t\t\t\t\t\t\t<span class=\"fetched\" style=\"background-image:  url('http:\/\/etcdn.net\/thumbnails\/23497\/it-trou-deau-douce-hotel-oneonly-le-saint-geran-5-stelle-lusso-52a67.jpg');\" title=\"One&amp;Only Le Saint G\u00e9ran\"><\/span><amp-img width=\"225\" height=\"225\" src=\"http:\/\/etcdn.net\/thumbnails\/23497\/it-trou-deau-douce-hotel-oneonly-le-saint-geran-5-stelle-lusso-52a67.jpg\">\t\t\t\t\t\t<\/a>\n\t\t\t\t\t<\/div>\n\t\t\t\t\t\t\t\t<div class=\"rss_content_wrap\">\n\t\t\t\t\t<span class=\"title\">\n\t\t\t\t\t\t<a href=\"https:\/\/mauritius.evolutiontravel.it\/it_IT\/900\/tab\/23497_oneonly-le-saint-geran.html\" target=\"_blank\"  rel=\"noopener \">\n\t\t\t\t\t\t\tOne&amp;Only Le Saint G\u00e9ran\t\t\t\t\t\t<\/a>\n\t\t\t\t\t<\/span>\n\t\t\t\t\t<div class=\"rss_content\"\n\t\t\t\t\t\t\tstyle=\"\">\n\t\t\t\t\t\t\n\t\t\t\t\t\t\t\t\t\t\t\t<p class=\"description\">Il top di Mauritius. Questo prestigioso resort della catena One&amp;Only viene definito dai mauriziani il pi\u00f9 bello dell'isola. [&hellip;]<\/p>\n\t\t\t\t\t\t\n\t\t\t\t\t\t\t\t\t\t\t\t\t\t\t\t\t\t\t<div class=\"price-wrap\">\n\t\t\t\t\t\t\t\t<a href=\"https:\/\/mauritius.evolutiontravel.it\/it_IT\/900\/tab\/23497_oneonly-le-saint-geran.html\" target=\"_blank\" rel=\"noopener\"><button class=\"price\"> 4080<\/button><\/a>\n\t\t\t\t\t\t\t<\/div>\n\t\t\t\t\t\t\t\t\t\t\t<\/div>\n\t\t\t\t<\/div>\n\t\t\t<\/li>\n\t\t\t\t\t\t<li  style=\"padding: 23px 0 38px\" class=\"rss_item feedzy-rss-col-3\" >\n\t\t\t\t\t\t\t\t\t<div class=\"rss_image\" style=\"width:225px; height:225px;\">\n\t\t\t\t\t\t<a href=\"https:\/\/mauritius.evolutiontravel.it\/it_IT\/900\/tab\/23492_shangri-las-le-touessrok-resort-spa-5-stelle-lusso.html\" target=\"_blank\" \n\t\t\t\t\t\t\trel=\"noopener \"\n\t\t\t\t\t\t\ttitle=\"Shangri-la&#039;s - Le Touessrok Resort &amp; Spa 5 stelle Lusso\"\n\t\t\t\t\t\t\tstyle=\"width:225px; height:225px;\">\n\t\t\t\t\t\t\t<span class=\"fetched\" style=\"background-image:  url('http:\/\/etcdn.net\/thumbnails\/23492\/it-trou-deau-douce-shangri-las-le-touessrok-resort-spa-5-stelle-lusso-5166d.jpg');\" title=\"Shangri-la&#039;s - Le Touessrok Resort &amp; Spa 5 stelle Lusso\"><\/span><amp-img width=\"225\" height=\"225\" src=\"http:\/\/etcdn.net\/thumbnails\/23492\/it-trou-deau-douce-shangri-las-le-touessrok-resort-spa-5-stelle-lusso-5166d.jpg\">\t\t\t\t\t\t<\/a>\n\t\t\t\t\t<\/div>\n\t\t\t\t\t\t\t\t<div class=\"rss_content_wrap\">\n\t\t\t\t\t<span class=\"title\">\n\t\t\t\t\t\t<a href=\"https:\/\/mauritius.evolutiontravel.it\/it_IT\/900\/tab\/23492_shangri-las-le-touessrok-resort-spa-5-stelle-lusso.html\" target=\"_blank\"  rel=\"noopener \">\n\t\t\t\t\t\t\tShangri-la's - Le Touessrok Resort &amp; Spa 5 stelle Lusso\t\t\t\t\t\t<\/a>\n\t\t\t\t\t<\/span>\n\t\t\t\t\t<div class=\"rss_content\"\n\t\t\t\t\t\t\tstyle=\"\">\n\t\t\t\t\t\t\n\t\t\t\t\t\t\t\t\t\t\t\t<p class=\"description\">Uno dei capisaldi del lusso ai Tropici, \u00e8 tra i luoghi pi\u00f9 romantici al mondo. Particolarmente consigliata ad una clientela [&hellip;]<\/p>\n\t\t\t\t\t\t\n\t\t\t\t\t\t\t\t\t\t\t\t\t\t\t\t\t\t\t<div class=\"price-wrap\">\n\t\t\t\t\t\t\t\t<a href=\"https:\/\/mauritius.evolutiontravel.it\/it_IT\/900\/tab\/23492_shangri-las-le-touessrok-resort-spa-5-stelle-lusso.html\" target=\"_blank\" rel=\"noopener\"><button class=\"price\"> 3650<\/button><\/a>\n\t\t\t\t\t\t\t<\/div>\n\t\t\t\t\t\t\t\t\t\t\t<\/div>\n\t\t\t\t<\/div>\n\t\t\t<\/li>\n\t\t\t\t\t\t<li  style=\"padding: 23px 0 38px\" class=\"rss_item feedzy-rss-col-3\" >\n\t\t\t\t\t\t\t\t\t<div class=\"rss_image\" style=\"width:225px; height:225px;\">\n\t\t\t\t\t\t<a href=\"https:\/\/mauritius.evolutiontravel.it\/it_IT\/900\/tab\/33751_guesthouse-villa-abi.html\" target=\"_blank\" \n\t\t\t\t\t\t\trel=\"noopener \"\n\t\t\t\t\t\t\ttitle=\"Guesthouse Villa Abi\"\n\t\t\t\t\t\t\tstyle=\"width:225px; height:225px;\">\n\t\t\t\t\t\t\t<span class=\"fetched\" style=\"background-image:  url('http:\/\/etcdn.net\/thumbnails\/33751\/it-flic-en-flac-guesthouse-villa-abi-61bfe.jpg');\" title=\"Guesthouse Villa Abi\"><\/span><amp-img width=\"225\" height=\"225\" src=\"http:\/\/etcdn.net\/thumbnails\/33751\/it-flic-en-flac-guesthouse-villa-abi-61bfe.jpg\">\t\t\t\t\t\t<\/a>\n\t\t\t\t\t<\/div>\n\t\t\t\t\t\t\t\t<div class=\"rss_content_wrap\">\n\t\t\t\t\t<span class=\"title\">\n\t\t\t\t\t\t<a href=\"https:\/\/mauritius.evolutiontravel.it\/it_IT\/900\/tab\/33751_guesthouse-villa-abi.html\" target=\"_blank\"  rel=\"noopener \">\n\t\t\t\t\t\t\tGuesthouse Villa Abi\t\t\t\t\t\t<\/a>\n\t\t\t\t\t<\/span>\n\t\t\t\t\t<div class=\"rss_content\"\n\t\t\t\t\t\t\tstyle=\"\">\n\t\t\t\t\t\t\n\t\t\t\t\t\t\t\t\t\t\t\t<p class=\"description\">Graziosa guesthouse immersa in un giardino tropicale, a pochi passi da una delle spiagge pi\u00f9 belle di Mauritius: la spiaggia di [&hellip;]<\/p>\n\t\t\t\t\t\t\n\t\t\t\t\t\t\t\t\t\t\t\t\t\t\t\t\t\t\t<div class=\"price-wrap\">\n\t\t\t\t\t\t\t\t<a href=\"https:\/\/mauritius.evolutiontravel.it\/it_IT\/900\/tab\/33751_guesthouse-villa-abi.html\" target=\"_blank\" rel=\"noopener\"><button class=\"price\"> 1140<\/button><\/a>\n\t\t\t\t\t\t\t<\/div>\n\t\t\t\t\t\t\t\t\t\t\t<\/div>\n\t\t\t\t<\/div>\n\t\t\t<\/li>\n\t\t\t\t\t\t<li  style=\"padding: 23px 0 38px\" class=\"rss_item feedzy-rss-col-3\" >\n\t\t\t\t\t\t\t\t\t<div class=\"rss_image\" style=\"width:225px; height:225px;\">\n\t\t\t\t\t\t<a href=\"https:\/\/mauritius.evolutiontravel.it\/it_IT\/900\/tab\/28490_aanari-hotel-spa.html\" target=\"_blank\" \n\t\t\t\t\t\t\trel=\"noopener \"\n\t\t\t\t\t\t\ttitle=\"Aanari Hotel &amp; Spa\"\n\t\t\t\t\t\t\tstyle=\"width:225px; height:225px;\">\n\t\t\t\t\t\t\t<span class=\"fetched\" style=\"background-image:  url('http:\/\/etcdn.net\/thumbnails\/28490\/it-flic-en-flac-aanari-hotel-spa-7ee95.jpg');\" title=\"Aanari Hotel &amp; Spa\"><\/span><amp-img width=\"225\" height=\"225\" src=\"http:\/\/etcdn.net\/thumbnails\/28490\/it-flic-en-flac-aanari-hotel-spa-7ee95.jpg\">\t\t\t\t\t\t<\/a>\n\t\t\t\t\t<\/div>\n\t\t\t\t\t\t\t\t<div class=\"rss_content_wrap\">\n\t\t\t\t\t<span class=\"title\">\n\t\t\t\t\t\t<a href=\"https:\/\/mauritius.evolutiontravel.it\/it_IT\/900\/tab\/28490_aanari-hotel-spa.html\" target=\"_blank\"  rel=\"noopener \">\n\t\t\t\t\t\t\tAanari Hotel &amp; Spa\t\t\t\t\t\t<\/a>\n\t\t\t\t\t<\/span>\n\t\t\t\t\t<div class=\"rss_content\"\n\t\t\t\t\t\t\tstyle=\"\">\n\t\t\t\t\t\t\n\t\t\t\t\t\t\t\t\t\t\t\t<p class=\"description\">Hotel semplice consigliato a tutti coloro che da una vacanza a Mauritius si aspettano una buona sistemazione alberghiera come [&hellip;]<\/p>\n\t\t\t\t\t\t\n\t\t\t\t\t\t\t\t\t\t\t\t\t\t\t\t\t\t\t<div class=\"price-wrap\">\n\t\t\t\t\t\t\t\t<a href=\"https:\/\/mauritius.evolutiontravel.it\/it_IT\/900\/tab\/28490_aanari-hotel-spa.html\" target=\"_blank\" rel=\"noopener\"><button class=\"price\"> 1190<\/button><\/a>\n\t\t\t\t\t\t\t<\/div>\n\t\t\t\t\t\t\t\t\t\t\t<\/div>\n\t\t\t\t<\/div>\n\t\t\t<\/li>\n\t\t\t\t<\/ul>\n<\/div>\n<style type=\"text\/css\" media=\"all\">.feedzy-rss .rss_item .rss_image{float:left;position:relative;border:none;text-decoration:none;max-width:100%}.feedzy-rss .rss_item .rss_image span{display:inline-block;position:absolute;width:100%;height:100%;background-position:50%;background-size:cover}.feedzy-rss .rss_item .rss_image{margin:.3em 1em 0 0;content-visibility:auto}.feedzy-rss ul{list-style:none}.feedzy-rss ul li{display:inline-block}<\/style>\n<h3>Per approfondire<\/h3>\n<p>In questo articolo abbiamo parlato di diversi argomenti che forse vuoi approfondire, per farlo clicca su quello di tuo interesse qui di seguito in elenco:<\/p>\n<ul>\n<li><a href=\"https:\/\/mauritius.evolutiontravel.it\/infovacanze\/informazioni\/mappa-isole\/\">Una mappa di Mauritius per imparare a conoscere l&#8217;isola<\/a><\/li>\n<li><a href=\"https:\/\/mauritius.evolutiontravel.it\/infovacanze\/vita-notturna\/\">Vita notturna a Mauritius: ecco dove divertirsi tutta la notte<\/a><\/li>\n<li><a href=\"https:\/\/mauritius.evolutiontravel.it\/infovacanze\/informazioni\/itinerari\/\">Itinerari a Mauritius<\/a><\/li>\n<\/ul>\n","protected":false},"excerpt":{"rendered":"<p>Port Louis, la capitale di Mauritius \u00e8 una delle tappe quasi obbligatorie di chi visita questo paese. Per girare per la citt\u00e0 baster\u00e0 anche una sola giornata e una curiosit\u00e0 che noterete appena arrivati in citt\u00e0 sono le strade, tutte indicate con un doppio nome, quello ufficiale e quello tradizionale. Port Louis sorge\u00a0tra il mare <a class=\"moretag\" href=\"https:\/\/mauritius.evolutiontravel.it\/infovacanze\/port-louis\/\">[&#8230;]<\/a><\/p>\n","protected":false},"author":6,"featured_media":0,"parent":0,"menu_order":0,"comment_status":"closed","ping_status":"open","template":"templates\/template-with-right-sidebar.php","meta":{"footnotes":""},"yoast_head":"<!-- This site is optimized with the Yoast SEO plugin v21.9.1 - https:\/\/yoast.com\/wordpress\/plugins\/seo\/ -->\n<title>Port Louis, capitale Mauritius, un giorno alla scoperta della citt\u00e0<\/title>\n<meta name=\"description\" content=\"Durante la vostra sull&#039;isola Mauritius trovate il tempo per una visita, anche solo di un giorno, alla sua splendida capitale: Port Louis!\" \/>\n<meta name=\"robots\" content=\"index, follow, max-snippet:-1, max-image-preview:large, max-video-preview:-1\" \/>\n<link rel=\"canonical\" href=\"https:\/\/mauritius.evolutiontravel.it\/infovacanze\/racconti-di-viaggio__trashed\/port-louis\/\" \/>\n<meta name=\"twitter:label1\" content=\"Tempo di lettura stimato\" \/>\n\t<meta name=\"twitter:data1\" content=\"3 minuti\" \/>\n<script type=\"application\/ld+json\" class=\"yoast-schema-graph\">{\"@context\":\"https:\/\/schema.org\",\"@graph\":[{\"@type\":\"WebPage\",\"@id\":\"https:\/\/mauritius.evolutiontravel.it\/infovacanze\/racconti-di-viaggio__trashed\/port-louis\/\",\"url\":\"https:\/\/mauritius.evolutiontravel.it\/infovacanze\/racconti-di-viaggio__trashed\/port-louis\/\",\"name\":\"Port Louis, capitale Mauritius, un giorno alla scoperta della citt\u00e0\",\"isPartOf\":{\"@id\":\"https:\/\/mauritius.evolutiontravel.it\/infovacanze\/#website\"},\"datePublished\":\"2013-08-19T15:16:18+00:00\",\"dateModified\":\"2018-11-28T10:58:30+00:00\",\"description\":\"Durante la vostra sull'isola Mauritius trovate il tempo per una visita, anche solo di un giorno, alla sua splendida capitale: Port Louis!\",\"inLanguage\":\"it-IT\",\"potentialAction\":[{\"@type\":\"ReadAction\",\"target\":[\"https:\/\/mauritius.evolutiontravel.it\/infovacanze\/racconti-di-viaggio__trashed\/port-louis\/\"]}]},{\"@type\":\"WebSite\",\"@id\":\"https:\/\/mauritius.evolutiontravel.it\/infovacanze\/#website\",\"url\":\"https:\/\/mauritius.evolutiontravel.it\/infovacanze\/\",\"name\":\"Mauritius\",\"description\":\"\",\"potentialAction\":[{\"@type\":\"SearchAction\",\"target\":{\"@type\":\"EntryPoint\",\"urlTemplate\":\"https:\/\/mauritius.evolutiontravel.it\/infovacanze\/?s={search_term_string}\"},\"query-input\":\"required name=search_term_string\"}],\"inLanguage\":\"it-IT\"}]}<\/script>\n<!-- \/ Yoast SEO plugin. -->","yoast_head_json":{"title":"Port Louis, capitale Mauritius, un giorno alla scoperta della citt\u00e0","description":"Durante la vostra sull'isola Mauritius trovate il tempo per una visita, anche solo di un giorno, alla sua splendida capitale: Port Louis!","robots":{"index":"index","follow":"follow","max-snippet":"max-snippet:-1","max-image-preview":"max-image-preview:large","max-video-preview":"max-video-preview:-1"},"canonical":"https:\/\/mauritius.evolutiontravel.it\/infovacanze\/racconti-di-viaggio__trashed\/port-louis\/","twitter_misc":{"Tempo di lettura stimato":"3 minuti"},"schema":{"@context":"https:\/\/schema.org","@graph":[{"@type":"WebPage","@id":"https:\/\/mauritius.evolutiontravel.it\/infovacanze\/racconti-di-viaggio__trashed\/port-louis\/","url":"https:\/\/mauritius.evolutiontravel.it\/infovacanze\/racconti-di-viaggio__trashed\/port-louis\/","name":"Port Louis, capitale Mauritius, un giorno alla scoperta della citt\u00e0","isPartOf":{"@id":"https:\/\/mauritius.evolutiontravel.it\/infovacanze\/#website"},"datePublished":"2013-08-19T15:16:18+00:00","dateModified":"2018-11-28T10:58:30+00:00","description":"Durante la vostra sull'isola Mauritius trovate il tempo per una visita, anche solo di un giorno, alla sua splendida capitale: Port Louis!","inLanguage":"it-IT","potentialAction":[{"@type":"ReadAction","target":["https:\/\/mauritius.evolutiontravel.it\/infovacanze\/racconti-di-viaggio__trashed\/port-louis\/"]}]},{"@type":"WebSite","@id":"https:\/\/mauritius.evolutiontravel.it\/infovacanze\/#website","url":"https:\/\/mauritius.evolutiontravel.it\/infovacanze\/","name":"Mauritius","description":"","potentialAction":[{"@type":"SearchAction","target":{"@type":"EntryPoint","urlTemplate":"https:\/\/mauritius.evolutiontravel.it\/infovacanze\/?s={search_term_string}"},"query-input":"required name=search_term_string"}],"inLanguage":"it-IT"}]}},"_links":{"self":[{"href":"https:\/\/mauritius.evolutiontravel.it\/infovacanze\/wp-json\/wp\/v2\/pages\/160"}],"collection":[{"href":"https:\/\/mauritius.evolutiontravel.it\/infovacanze\/wp-json\/wp\/v2\/pages"}],"about":[{"href":"https:\/\/mauritius.evolutiontravel.it\/infovacanze\/wp-json\/wp\/v2\/types\/page"}],"author":[{"embeddable":true,"href":"https:\/\/mauritius.evolutiontravel.it\/infovacanze\/wp-json\/wp\/v2\/users\/6"}],"replies":[{"embeddable":true,"href":"https:\/\/mauritius.evolutiontravel.it\/infovacanze\/wp-json\/wp\/v2\/comments?post=160"}],"version-history":[{"count":13,"href":"https:\/\/mauritius.evolutiontravel.it\/infovacanze\/wp-json\/wp\/v2\/pages\/160\/revisions"}],"predecessor-version":[{"id":1058,"href":"https:\/\/mauritius.evolutiontravel.it\/infovacanze\/wp-json\/wp\/v2\/pages\/160\/revisions\/1058"}],"wp:attachment":[{"href":"https:\/\/mauritius.evolutiontravel.it\/infovacanze\/wp-json\/wp\/v2\/media?parent=160"}],"curies":[{"name":"wp","href":"https:\/\/api.w.org\/{rel}","templated":true}]}}