{"id":27,"date":"2013-08-19T15:30:37","date_gmt":"2013-08-19T13:30:37","guid":{"rendered":"http:\/\/mauritius.evolutiontravel.it\/infovacanze\/?page_id=27"},"modified":"2025-09-12T10:53:43","modified_gmt":"2025-09-12T08:53:43","slug":"quando-andare","status":"publish","type":"page","link":"https:\/\/mauritius.evolutiontravel.it\/infovacanze\/informazioni\/quando-andare\/","title":{"rendered":"Quando andare a Mauritius"},"content":{"rendered":"<p>Se vuoi sapere <strong>quando andare a Mauritius<\/strong> considera che qui<strong> le stagioni sono invertite<\/strong> rispetto alle nostre, per cui \u00e8 <strong>estate da novembre ad aprile<\/strong>, mentre da <strong>maggio a ottobre \u00e8 inverno<\/strong>.<\/p>\n<p>Quindi in realt\u00e0 il periodo ideale per una vacanza a Mauritius dipende da <strong>cosa vuoi fare<\/strong> e <strong>cosa vuoi vedere<\/strong>, perch\u00e8, per esempio, <strong><a title=\"mauritius diving\" href=\"https:\/\/mauritius.evolutiontravel.it\/infovacanze\/turismo\/diving\/\">se ami fare immersioni<\/a><\/strong> allora prenota <strong>tra dicembre e marzo<\/strong> mentre se vuoi fare <strong>surf allora da giugno <a title=\"agosto mauritius\" href=\"https:\/\/mauritius.evolutiontravel.it\/infovacanze\/vacanze\/mauritius-ad-agosto\/\">ad agosto<\/a><\/strong>.<\/p>\n<p>In generale possiamo dire che sono due<strong> i momenti migliori per andare a Mauritius, <\/strong>ovvero <strong>da aprile a giugno<\/strong> e <strong>da settembre a dicembre<\/strong>: le giornate raggiungono il massimo della gradevolezza, permettendo ai turisti di godere al meglio dello spettacolo offerto da questo paradiso terrestre dell&#8217;Oceano Indiano.<\/p>\n<p>Molto<strong> torride sono le giornate<\/strong> dei mesi di <strong>dicembre, gennaio e febbraio,<\/strong> il sole si leva intorno alle 5.30 e tramonta verso le 19; mentre <strong>febbraio e marzo<\/strong> sono i periodi in cui le <strong>piogge<\/strong>\u00a0 possono diventare molto frequenti.<\/p>\n<p>Potresti scegliere di <strong>andare a Mauritius in inverno<\/strong> (per cui <a title=\"mauritius a settembre\" href=\"https:\/\/mauritius.evolutiontravel.it\/infovacanze\/settembre\/\">a settembre<\/a>): allora sappi che \u00e8 <strong>la stagione pi\u00f9 indicata per praticare surf<\/strong>, perch\u00e8 il clima \u00e8 piu&#8217; fresco e secco e caratterizzato dai venti.<\/p>\n<p>Avrai meno sole a disposizione perch\u00e8 le giornate in questo periodo sono pi\u00f9 corte ma le notti saranno piacevolmente fresche. <a title=\"mauritius temperature clima\" href=\"https:\/\/mauritius.evolutiontravel.it\/infovacanze\/informazioni\/meteo\/\">Le\u00a0<strong>temperature<\/strong><\/a> a Mauritius non subiscono mai forti sbalzi e nell&#8217;entroterra, a circa 600 metri sul livello del mare, vanno da un minimo di 20\u00b0 in Agosto ai 26\u00b0 di febbraio.<\/p>\n<p>Infine, per essere <strong>aggiornato in tempo reale sulle condizioni\u00a0meteo\u00a0<\/strong>di\u00a0Mauritius, puoi <strong>consultare on-line il bollettino meteo<\/strong> fornito dal\u00a0<a title=\"sito ufficiale clima mauritius\" href=\"http:\/\/metservice.intnet.mu\/\" target=\"_blank\" rel=\"noopener\"><strong>MTPA<\/strong> <strong>Mauritian Tourism Promotion Authority<\/strong><\/a> che fornisce situazioni e previsioni per ogni zona dell&#8217;isola come\u00a0 di temperature, precipitazioni, forza dei venti e condizioni del mare.<\/p>\n<h3 style=\"text-align: center\"><\/h3>\n<p style=\"text-align: center\"><strong><span style=\"color: #008000\">CLICCA SUBITO<\/span> sulle <span style=\"color: #008000\">ULTIME OFFERTE<\/span> della settimana e scopri:<br \/>\n<\/strong><\/p>\n<p style=\"text-align: center\">programma dettagliato, date, commenti, foto, itinerari e servizi inclusi!<\/p>\n<div class=\"feedzy-64eedd4eb63a9459dfee5f3d53e5f0bc feedzy-rss\">\n\t\t<ul class=\"feedzy-style2\">\n\t\t\t\t\t<li  style=\"padding: 23px 0 38px\" class=\"rss_item feedzy-rss-col-3\" >\n\t\t\t\t\t\t\t\t\t<div class=\"rss_image\" style=\"width:225px; height:225px;\">\n\t\t\t\t\t\t<a href=\"https:\/\/mauritius.evolutiontravel.it\/it_IT\/900\/tab\/36789_una-notte-sotto-le-stelle-soggiorna-in-un-bubble-lodge.html\" target=\"_blank\" \n\t\t\t\t\t\t\trel=\"noopener \"\n\t\t\t\t\t\t\ttitle=\"Una notte sotto le stelle: soggiorna in un Bubble Lodge\"\n\t\t\t\t\t\t\tstyle=\"width:225px; height:225px;\">\n\t\t\t\t\t\t\t<span class=\"fetched\" style=\"background-image:  url('http:\/\/etcdn.net\/thumbnails\/36789\/it-isola-dei-cervi-una-notte-sotto-le-stelle-soggiorna-in-una-bubble-lodge-67f0f.jpg');\" title=\"Una notte sotto le stelle: soggiorna in un Bubble Lodge\"><\/span><amp-img width=\"225\" height=\"225\" src=\"http:\/\/etcdn.net\/thumbnails\/36789\/it-isola-dei-cervi-una-notte-sotto-le-stelle-soggiorna-in-una-bubble-lodge-67f0f.jpg\">\t\t\t\t\t\t<\/a>\n\t\t\t\t\t<\/div>\n\t\t\t\t\t\t\t\t<div class=\"rss_content_wrap\">\n\t\t\t\t\t<span class=\"title\">\n\t\t\t\t\t\t<a href=\"https:\/\/mauritius.evolutiontravel.it\/it_IT\/900\/tab\/36789_una-notte-sotto-le-stelle-soggiorna-in-un-bubble-lodge.html\" target=\"_blank\"  rel=\"noopener \">\n\t\t\t\t\t\t\tUna notte sotto le stelle: soggiorna in un Bubble Lodge\t\t\t\t\t\t<\/a>\n\t\t\t\t\t<\/span>\n\t\t\t\t\t<div class=\"rss_content\"\n\t\t\t\t\t\t\tstyle=\"\">\n\t\t\t\t\t\t\n\t\t\t\t\t\t\t\t\t\t\t\t<p class=\"description\">Un'esperienza indimenticabile: soggiornare in un bubble lodge da dove potrete ammirare una natura meravigliosa e splendidi cieli [&hellip;]<\/p>\n\t\t\t\t\t\t\n\t\t\t\t\t\t\t\t\t\t\t\t\t\t\t\t\t\t\t<div class=\"price-wrap\">\n\t\t\t\t\t\t\t\t<a href=\"https:\/\/mauritius.evolutiontravel.it\/it_IT\/900\/tab\/36789_una-notte-sotto-le-stelle-soggiorna-in-un-bubble-lodge.html\" target=\"_blank\" rel=\"noopener\"><button class=\"price\"> 650<\/button><\/a>\n\t\t\t\t\t\t\t<\/div>\n\t\t\t\t\t\t\t\t\t\t\t<\/div>\n\t\t\t\t<\/div>\n\t\t\t<\/li>\n\t\t\t\t\t\t<li  style=\"padding: 23px 0 38px\" class=\"rss_item feedzy-rss-col-3\" >\n\t\t\t\t\t\t\t\t\t<div class=\"rss_image\" style=\"width:225px; height:225px;\">\n\t\t\t\t\t\t<a href=\"https:\/\/mauritius.evolutiontravel.it\/it_IT\/900\/tab\/41623_vacanza-in-residence-a-pochi-passi-dalla-spiaggia.html\" target=\"_blank\" \n\t\t\t\t\t\t\trel=\"noopener \"\n\t\t\t\t\t\t\ttitle=\"Vacanza in Residence a pochi passi dalla spiaggia\"\n\t\t\t\t\t\t\tstyle=\"width:225px; height:225px;\">\n\t\t\t\t\t\t\t<span class=\"fetched\" style=\"background-image:  url('http:\/\/etcdn.net\/thumbnails\/41623\/it-trou-aux-biches-vacanza-in-residence-a-pochi-passi-dalla-spiaggia-87b5f.jpg');\" title=\"Vacanza in Residence a pochi passi dalla spiaggia\"><\/span><amp-img width=\"225\" height=\"225\" src=\"http:\/\/etcdn.net\/thumbnails\/41623\/it-trou-aux-biches-vacanza-in-residence-a-pochi-passi-dalla-spiaggia-87b5f.jpg\">\t\t\t\t\t\t<\/a>\n\t\t\t\t\t<\/div>\n\t\t\t\t\t\t\t\t<div class=\"rss_content_wrap\">\n\t\t\t\t\t<span class=\"title\">\n\t\t\t\t\t\t<a href=\"https:\/\/mauritius.evolutiontravel.it\/it_IT\/900\/tab\/41623_vacanza-in-residence-a-pochi-passi-dalla-spiaggia.html\" target=\"_blank\"  rel=\"noopener \">\n\t\t\t\t\t\t\tVacanza in Residence a pochi passi dalla spiaggia\t\t\t\t\t\t<\/a>\n\t\t\t\t\t<\/span>\n\t\t\t\t\t<div class=\"rss_content\"\n\t\t\t\t\t\t\tstyle=\"\">\n\t\t\t\t\t\t\n\t\t\t\t\t\t\t\t\t\t\t\t<p class=\"description\">Moderni appartamenti che si trovano ad un minuto dalla spiaggia, con piscina riscaldata e accesso ai servizi del vicino Le [&hellip;]<\/p>\n\t\t\t\t\t\t\n\t\t\t\t\t\t\t\t\t\t\t\t\t\t\t\t\t\t\t<div class=\"price-wrap\">\n\t\t\t\t\t\t\t\t<a href=\"https:\/\/mauritius.evolutiontravel.it\/it_IT\/900\/tab\/41623_vacanza-in-residence-a-pochi-passi-dalla-spiaggia.html\" target=\"_blank\" rel=\"noopener\"><button class=\"price\"> 960<\/button><\/a>\n\t\t\t\t\t\t\t<\/div>\n\t\t\t\t\t\t\t\t\t\t\t<\/div>\n\t\t\t\t<\/div>\n\t\t\t<\/li>\n\t\t\t\t\t\t<li  style=\"padding: 23px 0 38px\" class=\"rss_item feedzy-rss-col-3\" >\n\t\t\t\t\t\t\t\t\t<div class=\"rss_image\" style=\"width:225px; height:225px;\">\n\t\t\t\t\t\t<a href=\"https:\/\/mauritius.evolutiontravel.it\/it_IT\/900\/tab\/31984_lodge-la-vieille-cheminee-chamarel.html\" target=\"_blank\" \n\t\t\t\t\t\t\trel=\"noopener \"\n\t\t\t\t\t\t\ttitle=\"Lodge la Vieille Chemin\u00e9e Chamarel\"\n\t\t\t\t\t\t\tstyle=\"width:225px; height:225px;\">\n\t\t\t\t\t\t\t<span class=\"fetched\" style=\"background-image:  url('http:\/\/etcdn.net\/thumbnails\/31984\/it-chamarel-lodge-la-vieille-cheminee-chamarel-7575f.jpg');\" title=\"Lodge la Vieille Chemin\u00e9e Chamarel\"><\/span><amp-img width=\"225\" height=\"225\" src=\"http:\/\/etcdn.net\/thumbnails\/31984\/it-chamarel-lodge-la-vieille-cheminee-chamarel-7575f.jpg\">\t\t\t\t\t\t<\/a>\n\t\t\t\t\t<\/div>\n\t\t\t\t\t\t\t\t<div class=\"rss_content_wrap\">\n\t\t\t\t\t<span class=\"title\">\n\t\t\t\t\t\t<a href=\"https:\/\/mauritius.evolutiontravel.it\/it_IT\/900\/tab\/31984_lodge-la-vieille-cheminee-chamarel.html\" target=\"_blank\"  rel=\"noopener \">\n\t\t\t\t\t\t\tLodge la Vieille Chemin\u00e9e Chamarel\t\t\t\t\t\t<\/a>\n\t\t\t\t\t<\/span>\n\t\t\t\t\t<div class=\"rss_content\"\n\t\t\t\t\t\t\tstyle=\"\">\n\t\t\t\t\t\t\n\t\t\t\t\t\t\t\t\t\t\t\t<p class=\"description\">Questi deliziosi cottage sul versante sud-ovest della costa sono l'ideale\u00a0per vivere in modo diverso il soggiorno a Mauritius. [&hellip;]<\/p>\n\t\t\t\t\t\t\n\t\t\t\t\t\t\t\t\t\t\t\t\t\t\t\t\t\t\t<div class=\"price-wrap\">\n\t\t\t\t\t\t\t\t<a href=\"https:\/\/mauritius.evolutiontravel.it\/it_IT\/900\/tab\/31984_lodge-la-vieille-cheminee-chamarel.html\" target=\"_blank\" rel=\"noopener\"><button class=\"price\"> 590<\/button><\/a>\n\t\t\t\t\t\t\t<\/div>\n\t\t\t\t\t\t\t\t\t\t\t<\/div>\n\t\t\t\t<\/div>\n\t\t\t<\/li>\n\t\t\t\t\t\t<li  style=\"padding: 23px 0 38px\" class=\"rss_item feedzy-rss-col-3\" >\n\t\t\t\t\t\t\t\t\t<div class=\"rss_image\" style=\"width:225px; height:225px;\">\n\t\t\t\t\t\t<a href=\"https:\/\/mauritius.evolutiontravel.it\/it_IT\/900\/tab\/38586_chalets-chamarel.html\" target=\"_blank\" \n\t\t\t\t\t\t\trel=\"noopener \"\n\t\t\t\t\t\t\ttitle=\"Chalets Chamarel\"\n\t\t\t\t\t\t\tstyle=\"width:225px; height:225px;\">\n\t\t\t\t\t\t\t<span class=\"fetched\" style=\"background-image:  url('http:\/\/etcdn.net\/thumbnails\/38586\/it-chamarel-chalets-chamarel-7579f.jpg');\" title=\"Chalets Chamarel\"><\/span><amp-img width=\"225\" height=\"225\" src=\"http:\/\/etcdn.net\/thumbnails\/38586\/it-chamarel-chalets-chamarel-7579f.jpg\">\t\t\t\t\t\t<\/a>\n\t\t\t\t\t<\/div>\n\t\t\t\t\t\t\t\t<div class=\"rss_content_wrap\">\n\t\t\t\t\t<span class=\"title\">\n\t\t\t\t\t\t<a href=\"https:\/\/mauritius.evolutiontravel.it\/it_IT\/900\/tab\/38586_chalets-chamarel.html\" target=\"_blank\"  rel=\"noopener \">\n\t\t\t\t\t\t\tChalets Chamarel\t\t\t\t\t\t<\/a>\n\t\t\t\t\t<\/span>\n\t\t\t\t\t<div class=\"rss_content\"\n\t\t\t\t\t\t\tstyle=\"\">\n\t\t\t\t\t\t\n\t\t\t\t\t\t\t\t\t\t\t\t<p class=\"description\">Prenditi una pausa dal trambusto e immergiti nella natura di uno Chalet a Chamarel. Una fuga tra panorami spettacolari, dall'alba [&hellip;]<\/p>\n\t\t\t\t\t\t\n\t\t\t\t\t\t\t\t\t\t\t\t\t\t\t\t\t\t\t<div class=\"price-wrap\">\n\t\t\t\t\t\t\t\t<a href=\"https:\/\/mauritius.evolutiontravel.it\/it_IT\/900\/tab\/38586_chalets-chamarel.html\" target=\"_blank\" rel=\"noopener\"><button class=\"price\"> 560<\/button><\/a>\n\t\t\t\t\t\t\t<\/div>\n\t\t\t\t\t\t\t\t\t\t\t<\/div>\n\t\t\t\t<\/div>\n\t\t\t<\/li>\n\t\t\t\t<\/ul>\n<\/div>\n<style type=\"text\/css\" media=\"all\">.feedzy-rss .rss_item .rss_image{float:left;position:relative;border:none;text-decoration:none;max-width:100%}.feedzy-rss .rss_item .rss_image span{display:inline-block;position:absolute;width:100%;height:100%;background-position:50%;background-size:cover}.feedzy-rss .rss_item .rss_image{margin:.3em 1em 0 0;content-visibility:auto}.feedzy-rss ul{list-style:none}.feedzy-rss ul li{display:inline-block}<\/style>\n","protected":false},"excerpt":{"rendered":"<p>Se vuoi sapere quando andare a Mauritius considera che qui le stagioni sono invertite rispetto alle nostre, per cui \u00e8 estate da novembre ad aprile, mentre da maggio a ottobre \u00e8 inverno. Quindi in realt\u00e0 il periodo ideale per una vacanza a Mauritius dipende da cosa vuoi fare e cosa vuoi vedere, perch\u00e8, per esempio, <a class=\"moretag\" href=\"https:\/\/mauritius.evolutiontravel.it\/infovacanze\/informazioni\/quando-andare\/\">[&#8230;]<\/a><\/p>\n","protected":false},"author":1,"featured_media":0,"parent":10,"menu_order":0,"comment_status":"closed","ping_status":"open","template":"templates\/template-with-right-sidebar.php","meta":{"footnotes":""},"yoast_head":"<!-- This site is optimized with the Yoast SEO plugin v21.9.1 - https:\/\/yoast.com\/wordpress\/plugins\/seo\/ -->\n<title>Quando andare a Mauritius, vacanze sull&#039;isola nel periodo migliore<\/title>\n<meta name=\"description\" content=\"Vuoi sapere quando \u00e8 meglio andare in vacanza a Mauritius? Allora leggi il nostro articolo redatto dai nostri esperti consulenti di viaggio!\" \/>\n<meta name=\"robots\" content=\"index, follow, max-snippet:-1, max-image-preview:large, max-video-preview:-1\" \/>\n<link rel=\"canonical\" href=\"https:\/\/mauritius.evolutiontravel.it\/infovacanze\/informazioni\/quando-andare\/\" \/>\n<meta name=\"twitter:label1\" content=\"Tempo di lettura stimato\" \/>\n\t<meta name=\"twitter:data1\" content=\"2 minuti\" \/>\n<script type=\"application\/ld+json\" class=\"yoast-schema-graph\">{\"@context\":\"https:\/\/schema.org\",\"@graph\":[{\"@type\":\"WebPage\",\"@id\":\"https:\/\/mauritius.evolutiontravel.it\/infovacanze\/informazioni\/quando-andare\/\",\"url\":\"https:\/\/mauritius.evolutiontravel.it\/infovacanze\/informazioni\/quando-andare\/\",\"name\":\"Quando andare a Mauritius, vacanze sull'isola nel periodo migliore\",\"isPartOf\":{\"@id\":\"https:\/\/mauritius.evolutiontravel.it\/infovacanze\/#website\"},\"datePublished\":\"2013-08-19T13:30:37+00:00\",\"dateModified\":\"2025-09-12T08:53:43+00:00\",\"description\":\"Vuoi sapere quando \u00e8 meglio andare in vacanza a Mauritius? Allora leggi il nostro articolo redatto dai nostri esperti consulenti di viaggio!\",\"breadcrumb\":{\"@id\":\"https:\/\/mauritius.evolutiontravel.it\/infovacanze\/informazioni\/quando-andare\/#breadcrumb\"},\"inLanguage\":\"it-IT\",\"potentialAction\":[{\"@type\":\"ReadAction\",\"target\":[\"https:\/\/mauritius.evolutiontravel.it\/infovacanze\/informazioni\/quando-andare\/\"]}]},{\"@type\":\"BreadcrumbList\",\"@id\":\"https:\/\/mauritius.evolutiontravel.it\/infovacanze\/informazioni\/quando-andare\/#breadcrumb\",\"itemListElement\":[{\"@type\":\"ListItem\",\"position\":1,\"name\":\"Mauritius, informazioni pratiche\",\"item\":\"https:\/\/mauritius.evolutiontravel.it\/infovacanze\/informazioni\/\"},{\"@type\":\"ListItem\",\"position\":2,\"name\":\"Quando andare a Mauritius\"}]},{\"@type\":\"WebSite\",\"@id\":\"https:\/\/mauritius.evolutiontravel.it\/infovacanze\/#website\",\"url\":\"https:\/\/mauritius.evolutiontravel.it\/infovacanze\/\",\"name\":\"Mauritius\",\"description\":\"\",\"potentialAction\":[{\"@type\":\"SearchAction\",\"target\":{\"@type\":\"EntryPoint\",\"urlTemplate\":\"https:\/\/mauritius.evolutiontravel.it\/infovacanze\/?s={search_term_string}\"},\"query-input\":\"required name=search_term_string\"}],\"inLanguage\":\"it-IT\"}]}<\/script>\n<!-- \/ Yoast SEO plugin. -->","yoast_head_json":{"title":"Quando andare a Mauritius, vacanze sull'isola nel periodo migliore","description":"Vuoi sapere quando \u00e8 meglio andare in vacanza a Mauritius? Allora leggi il nostro articolo redatto dai nostri esperti consulenti di viaggio!","robots":{"index":"index","follow":"follow","max-snippet":"max-snippet:-1","max-image-preview":"max-image-preview:large","max-video-preview":"max-video-preview:-1"},"canonical":"https:\/\/mauritius.evolutiontravel.it\/infovacanze\/informazioni\/quando-andare\/","twitter_misc":{"Tempo di lettura stimato":"2 minuti"},"schema":{"@context":"https:\/\/schema.org","@graph":[{"@type":"WebPage","@id":"https:\/\/mauritius.evolutiontravel.it\/infovacanze\/informazioni\/quando-andare\/","url":"https:\/\/mauritius.evolutiontravel.it\/infovacanze\/informazioni\/quando-andare\/","name":"Quando andare a Mauritius, vacanze sull'isola nel periodo migliore","isPartOf":{"@id":"https:\/\/mauritius.evolutiontravel.it\/infovacanze\/#website"},"datePublished":"2013-08-19T13:30:37+00:00","dateModified":"2025-09-12T08:53:43+00:00","description":"Vuoi sapere quando \u00e8 meglio andare in vacanza a Mauritius? Allora leggi il nostro articolo redatto dai nostri esperti consulenti di viaggio!","breadcrumb":{"@id":"https:\/\/mauritius.evolutiontravel.it\/infovacanze\/informazioni\/quando-andare\/#breadcrumb"},"inLanguage":"it-IT","potentialAction":[{"@type":"ReadAction","target":["https:\/\/mauritius.evolutiontravel.it\/infovacanze\/informazioni\/quando-andare\/"]}]},{"@type":"BreadcrumbList","@id":"https:\/\/mauritius.evolutiontravel.it\/infovacanze\/informazioni\/quando-andare\/#breadcrumb","itemListElement":[{"@type":"ListItem","position":1,"name":"Mauritius, informazioni pratiche","item":"https:\/\/mauritius.evolutiontravel.it\/infovacanze\/informazioni\/"},{"@type":"ListItem","position":2,"name":"Quando andare a Mauritius"}]},{"@type":"WebSite","@id":"https:\/\/mauritius.evolutiontravel.it\/infovacanze\/#website","url":"https:\/\/mauritius.evolutiontravel.it\/infovacanze\/","name":"Mauritius","description":"","potentialAction":[{"@type":"SearchAction","target":{"@type":"EntryPoint","urlTemplate":"https:\/\/mauritius.evolutiontravel.it\/infovacanze\/?s={search_term_string}"},"query-input":"required name=search_term_string"}],"inLanguage":"it-IT"}]}},"_links":{"self":[{"href":"https:\/\/mauritius.evolutiontravel.it\/infovacanze\/wp-json\/wp\/v2\/pages\/27"}],"collection":[{"href":"https:\/\/mauritius.evolutiontravel.it\/infovacanze\/wp-json\/wp\/v2\/pages"}],"about":[{"href":"https:\/\/mauritius.evolutiontravel.it\/infovacanze\/wp-json\/wp\/v2\/types\/page"}],"author":[{"embeddable":true,"href":"https:\/\/mauritius.evolutiontravel.it\/infovacanze\/wp-json\/wp\/v2\/users\/1"}],"replies":[{"embeddable":true,"href":"https:\/\/mauritius.evolutiontravel.it\/infovacanze\/wp-json\/wp\/v2\/comments?post=27"}],"version-history":[{"count":15,"href":"https:\/\/mauritius.evolutiontravel.it\/infovacanze\/wp-json\/wp\/v2\/pages\/27\/revisions"}],"predecessor-version":[{"id":1120,"href":"https:\/\/mauritius.evolutiontravel.it\/infovacanze\/wp-json\/wp\/v2\/pages\/27\/revisions\/1120"}],"up":[{"embeddable":true,"href":"https:\/\/mauritius.evolutiontravel.it\/infovacanze\/wp-json\/wp\/v2\/pages\/10"}],"wp:attachment":[{"href":"https:\/\/mauritius.evolutiontravel.it\/infovacanze\/wp-json\/wp\/v2\/media?parent=27"}],"curies":[{"name":"wp","href":"https:\/\/api.w.org\/{rel}","templated":true}]}}