{"id":88,"date":"2013-08-19T16:10:48","date_gmt":"2013-08-19T14:10:48","guid":{"rendered":"http:\/\/mauritius.evolutiontravel.it\/infovacanze\/?page_id=88"},"modified":"2025-09-12T11:47:29","modified_gmt":"2025-09-12T09:47:29","slug":"vacanze","status":"publish","type":"page","link":"https:\/\/mauritius.evolutiontravel.it\/infovacanze\/vacanze\/","title":{"rendered":"Vacanze a Mauritius"},"content":{"rendered":"<p><strong>Mauritius<\/strong> pu\u00f2 essere davvero la destinazione della <strong>tua vacanza perfetta<\/strong> e sai perch\u00e8? Ci sono almeno <strong>4 buoni motivi<\/strong> per scegliere questa destinazione e se non ci credi guarda <a title=\"recensioni mauritius\" href=\"https:\/\/mauritius.evolutiontravel.it\/infovacanze\/racconti-di-viaggio\/\"><strong>le recensioni<\/strong> di chi gi\u00e0 ha fatto una vacanza a Mauritius<\/a>!<\/p>\n<ol>\n<li><strong>paesaggi da sogno<\/strong>;<\/li>\n<li><strong>natura incontaminata<\/strong>;<\/li>\n<li>tante <strong>attivit\u00e0 sportive<\/strong> e per il divertimento di tutti<\/li>\n<li><strong>prezzi convenienti<\/strong><\/li>\n<li><strong>clima ideale<\/strong> praticamente tutto l&#8217;anno.<\/li>\n<\/ol>\n<p>&nbsp;<\/p>\n<h2>Mauritius: vacanze &#8211; davvero &#8211; da sogno!<\/h2>\n<p>S\u00ec lo sappiamo, lo avrai letto da un sacco di parti &#8220;\u00e8 una vacanza da sogno&#8221; ma nel caso di Mauritius \u00e8 assolutamente cos\u00ec! Meta di un turismo esclusivo, <strong>qui le strutture ricettive sono di altissimo livello ma senza spendere una fortuna<\/strong>.<\/p>\n<p style=\"text-align: justify\">Circondata dalla <strong>barriera corallina<\/strong>, Mauritius <a title=\"spiagge mauritius\" href=\"https:\/\/mauritius.evolutiontravel.it\/infovacanze\/racconti-di-viaggio\/spiagge\/\">offre <strong>spiagge bianchissime<\/strong><\/a>, fondali marini ricchi di flora e fauna. Per citarne solo alcune,\u00a0 <strong>Trou-aux-Biches<\/strong>, ideale per i bambini per le acque poco profonde, <strong>Mont Choisy<\/strong>, punteggiata da pini marittimi, <strong>P\u00e9reyb\u00e8re<\/strong>, <strong>Belle Mare<\/strong> e <a title=\"flic en flac\" href=\"https:\/\/mauritius.evolutiontravel.it\/infovacanze\/racconti-di-viaggio\/flic-en-flac\/\"><strong>Flic-en-Flac<\/strong><\/a>.<\/p>\n<p style=\"text-align: justify\">E poi ancora, <a title=\"grand baie\" href=\"https:\/\/mauritius.evolutiontravel.it\/infovacanze\/racconti-di-viaggio\/grand-baie\/\"><strong>il centro turistico di\u00a0Grand Baie<\/strong><\/a>, il piu&#8217; grande dell&#8217;isola, con i suoi tanti ristoranti, caff\u00e9 e locali notturni e boutiques, e la meravigliosa\u00a0<strong>Ile aux Cerfs<\/strong>: con le sua attrezzatissime spiagge, le sue lagune blu.<\/p>\n<p><img loading=\"lazy\" decoding=\"async\" class=\"alignright wp-image-304\" src=\"https:\/\/mauritius.evolutiontravel.it\/infovacanze\/wp-content\/uploads\/sites\/15\/2014\/01\/Mauritiuss-300x199.jpg\" alt=\"Mauritius\" width=\"400\" height=\"267\" srcset=\"https:\/\/mauritius.evolutiontravel.it\/infovacanze\/wp-content\/uploads\/sites\/15\/2014\/01\/Mauritiuss-300x199.jpg 300w, https:\/\/mauritius.evolutiontravel.it\/infovacanze\/wp-content\/uploads\/sites\/15\/2014\/01\/Mauritiuss-450x300.jpg 450w, https:\/\/mauritius.evolutiontravel.it\/infovacanze\/wp-content\/uploads\/sites\/15\/2014\/01\/Mauritiuss.jpg 860w\" sizes=\"(max-width: 400px) 100vw, 400px\" \/>Chi ama gli <strong>sport nautici<\/strong> avr\u00e0 poi altre mille motivi per trascorrere qui le sue vacanze. Ovunque si trovano eccellenti\u00a0<strong>basi nautiche<\/strong>\u00a0e\u00a0<strong>centri sub<\/strong>\u00a0per tutti i livelli:\u00a0<strong>Blu Bay<\/strong>\u00a0e\u00a0<strong>Grand Baie<\/strong>\u00a0sono ideali per la <strong>vela<\/strong>, e da quest&#8217;ultima partono <a title=\"diving mauritius\" href=\"https:\/\/mauritius.evolutiontravel.it\/infovacanze\/turismo\/diving\/\">le escursioni per\u00a0<strong>immersioni<\/strong><\/a>\u00a0a\u00a0<strong>Coin de Mire\u00a0<\/strong>e<strong>\u00a0Whale Rock<\/strong>, dove \u00e9 possibile avvistare squali martello.<\/p>\n<p style=\"text-align: justify\">Sulla costa ovest,\u00a0<strong>Baie du Tamarin<\/strong>, con onde gigantesche tutto l&#8217;anno, \u00e9 il paradiso del\u00a0<strong>surf<\/strong>,\u00a0<strong>Mont Le Morne\u00a0<\/strong>della <strong>pesca\u00a0<\/strong>e del\u00a0<strong>kite surf<\/strong>. Per gli <strong><a title=\"golf a mauritius\" href=\"https:\/\/mauritius.evolutiontravel.it\/infovacanze\/turismo\/golf\/\">appassionati di golf<\/a>, <\/strong>l&#8217;isola vanta ben <strong>tredici campi<\/strong>, alcuni di livello internazionale.<\/p>\n<p style=\"text-align: justify\">Ma le\u00a0vacanze\u00a0a\u00a0Mauritius\u00a0sono anche sinonimo di <strong>cultura e folklore<\/strong>: visitate le sue citt\u00e0-simbolo, come la capitale\u00a0<a title=\"capitale mauritius\" href=\"https:\/\/mauritius.evolutiontravel.it\/infovacanze\/racconti-di-viaggio\/port-louis\/\"><strong>Port Louis<\/strong><\/a>\u00a0e\u00a0<strong>Mah\u00e9bourg<\/strong>, le sue antiche\u00a0<strong>piantagioni di canna da zucchero\u00a0<\/strong>e le\u00a0<strong>distillerie di rhum\u00a0<\/strong>(imperdibile il museo\u00a0<strong>Aventure du Sucre\u00a0<\/strong>a Pamplemousse) ed i meravigliosi templi hindu di\u00a0<strong>Triolet<\/strong>\u00a0e\u00a0<strong>Grand Bassin<\/strong>.<\/p>\n<p style=\"text-align: justify\"><strong>Coloratissimi i\u00a0festivals\u00a0<\/strong>a cui potrete assistere, celebrati di solito in occasione di festivit\u00e0 delle varie religioni che convivono da sempre sull&#8217;isola: spettacolare \u00e9\u00a0<strong>Thaipoosan Cavadee<\/strong>, pellegrinaggioricco di colori e musica che si svolge <strong>in gennaio o febbraio<\/strong>.<\/p>\n<p>E per <strong>approfondire gli argomenti <\/strong>clicca su quello di tuo interesse oppure continua a leggere il nostro articolo perch\u00e8 ti convinceremo a fare una vacanza su questa isola!<\/p>\n<ul>\n<li><a title=\"agosto a mauritius\" href=\"https:\/\/mauritius.evolutiontravel.it\/infovacanze\/vacanze\/mauritius-ad-agosto\/\">Mauritius ad agosto<\/a><\/li>\n<li><a title=\"settembre a mauritius\" href=\"https:\/\/mauritius.evolutiontravel.it\/infovacanze\/settembre\/\">Mauritius a settembre<\/a><\/li>\n<li><a title=\"periodo migliore per andare a mauritius\" href=\"https:\/\/mauritius.evolutiontravel.it\/infovacanze\/vacanze\/periodo-migliore\/\">Qual \u00e8 il periodo migliore?<\/a><\/li>\n<li><a title=\"viaggi di nozze a mauritius\" href=\"https:\/\/mauritius.evolutiontravel.it\/infovacanze\/vacanze\/viaggi-di-nozze\/\">Viaggi di nozze a Mauritius<\/a><\/li>\n<\/ul>\n<p style=\"text-align: center\"><strong><span style=\"color: #008000\">CLICCA SUBITO E SCOPRI<\/span><\/strong>: <strong>programma<\/strong>, <strong>destinazioni<\/strong>, <strong>attivit\u00e0<\/strong>, <strong>foto<\/strong>, <strong>commenti<\/strong> del tuo prossimo viaggio!<\/p>\n<div class=\"feedzy-64eedd4eb63a9459dfee5f3d53e5f0bc feedzy-rss\">\n\t\t<ul class=\"feedzy-style2\">\n\t\t\t\t\t<li  style=\"padding: 23px 0 38px\" class=\"rss_item feedzy-rss-col-3\" >\n\t\t\t\t\t\t\t\t\t<div class=\"rss_image\" style=\"width:225px; height:225px;\">\n\t\t\t\t\t\t<a href=\"https:\/\/mauritius.evolutiontravel.it\/it_IT\/900\/tab\/36789_una-notte-sotto-le-stelle-soggiorna-in-un-bubble-lodge.html\" target=\"_blank\" \n\t\t\t\t\t\t\trel=\"noopener \"\n\t\t\t\t\t\t\ttitle=\"Una notte sotto le stelle: soggiorna in un Bubble Lodge\"\n\t\t\t\t\t\t\tstyle=\"width:225px; height:225px;\">\n\t\t\t\t\t\t\t<span class=\"fetched\" style=\"background-image:  url('http:\/\/etcdn.net\/thumbnails\/36789\/it-isola-dei-cervi-una-notte-sotto-le-stelle-soggiorna-in-una-bubble-lodge-67f0f.jpg');\" title=\"Una notte sotto le stelle: soggiorna in un Bubble Lodge\"><\/span><amp-img width=\"225\" height=\"225\" src=\"http:\/\/etcdn.net\/thumbnails\/36789\/it-isola-dei-cervi-una-notte-sotto-le-stelle-soggiorna-in-una-bubble-lodge-67f0f.jpg\">\t\t\t\t\t\t<\/a>\n\t\t\t\t\t<\/div>\n\t\t\t\t\t\t\t\t<div class=\"rss_content_wrap\">\n\t\t\t\t\t<span class=\"title\">\n\t\t\t\t\t\t<a href=\"https:\/\/mauritius.evolutiontravel.it\/it_IT\/900\/tab\/36789_una-notte-sotto-le-stelle-soggiorna-in-un-bubble-lodge.html\" target=\"_blank\"  rel=\"noopener \">\n\t\t\t\t\t\t\tUna notte sotto le stelle: soggiorna in un Bubble Lodge\t\t\t\t\t\t<\/a>\n\t\t\t\t\t<\/span>\n\t\t\t\t\t<div class=\"rss_content\"\n\t\t\t\t\t\t\tstyle=\"\">\n\t\t\t\t\t\t\n\t\t\t\t\t\t\t\t\t\t\t\t<p class=\"description\">Un'esperienza indimenticabile: soggiornare in un bubble lodge da dove potrete ammirare una natura meravigliosa e splendidi cieli [&hellip;]<\/p>\n\t\t\t\t\t\t\n\t\t\t\t\t\t\t\t\t\t\t\t\t\t\t\t\t\t\t<div class=\"price-wrap\">\n\t\t\t\t\t\t\t\t<a href=\"https:\/\/mauritius.evolutiontravel.it\/it_IT\/900\/tab\/36789_una-notte-sotto-le-stelle-soggiorna-in-un-bubble-lodge.html\" target=\"_blank\" rel=\"noopener\"><button class=\"price\"> 650<\/button><\/a>\n\t\t\t\t\t\t\t<\/div>\n\t\t\t\t\t\t\t\t\t\t\t<\/div>\n\t\t\t\t<\/div>\n\t\t\t<\/li>\n\t\t\t\t\t\t<li  style=\"padding: 23px 0 38px\" class=\"rss_item feedzy-rss-col-3\" >\n\t\t\t\t\t\t\t\t\t<div class=\"rss_image\" style=\"width:225px; height:225px;\">\n\t\t\t\t\t\t<a href=\"https:\/\/mauritius.evolutiontravel.it\/it_IT\/900\/tab\/41623_vacanza-in-residence-a-pochi-passi-dalla-spiaggia.html\" target=\"_blank\" \n\t\t\t\t\t\t\trel=\"noopener \"\n\t\t\t\t\t\t\ttitle=\"Vacanza in Residence a pochi passi dalla spiaggia\"\n\t\t\t\t\t\t\tstyle=\"width:225px; height:225px;\">\n\t\t\t\t\t\t\t<span class=\"fetched\" style=\"background-image:  url('http:\/\/etcdn.net\/thumbnails\/41623\/it-trou-aux-biches-vacanza-in-residence-a-pochi-passi-dalla-spiaggia-87b5f.jpg');\" title=\"Vacanza in Residence a pochi passi dalla spiaggia\"><\/span><amp-img width=\"225\" height=\"225\" src=\"http:\/\/etcdn.net\/thumbnails\/41623\/it-trou-aux-biches-vacanza-in-residence-a-pochi-passi-dalla-spiaggia-87b5f.jpg\">\t\t\t\t\t\t<\/a>\n\t\t\t\t\t<\/div>\n\t\t\t\t\t\t\t\t<div class=\"rss_content_wrap\">\n\t\t\t\t\t<span class=\"title\">\n\t\t\t\t\t\t<a href=\"https:\/\/mauritius.evolutiontravel.it\/it_IT\/900\/tab\/41623_vacanza-in-residence-a-pochi-passi-dalla-spiaggia.html\" target=\"_blank\"  rel=\"noopener \">\n\t\t\t\t\t\t\tVacanza in Residence a pochi passi dalla spiaggia\t\t\t\t\t\t<\/a>\n\t\t\t\t\t<\/span>\n\t\t\t\t\t<div class=\"rss_content\"\n\t\t\t\t\t\t\tstyle=\"\">\n\t\t\t\t\t\t\n\t\t\t\t\t\t\t\t\t\t\t\t<p class=\"description\">Moderni appartamenti che si trovano ad un minuto dalla spiaggia, con piscina riscaldata e accesso ai servizi del vicino Le [&hellip;]<\/p>\n\t\t\t\t\t\t\n\t\t\t\t\t\t\t\t\t\t\t\t\t\t\t\t\t\t\t<div class=\"price-wrap\">\n\t\t\t\t\t\t\t\t<a href=\"https:\/\/mauritius.evolutiontravel.it\/it_IT\/900\/tab\/41623_vacanza-in-residence-a-pochi-passi-dalla-spiaggia.html\" target=\"_blank\" rel=\"noopener\"><button class=\"price\"> 960<\/button><\/a>\n\t\t\t\t\t\t\t<\/div>\n\t\t\t\t\t\t\t\t\t\t\t<\/div>\n\t\t\t\t<\/div>\n\t\t\t<\/li>\n\t\t\t\t\t\t<li  style=\"padding: 23px 0 38px\" class=\"rss_item feedzy-rss-col-3\" >\n\t\t\t\t\t\t\t\t\t<div class=\"rss_image\" style=\"width:225px; height:225px;\">\n\t\t\t\t\t\t<a href=\"https:\/\/mauritius.evolutiontravel.it\/it_IT\/900\/tab\/31984_lodge-la-vieille-cheminee-chamarel.html\" target=\"_blank\" \n\t\t\t\t\t\t\trel=\"noopener \"\n\t\t\t\t\t\t\ttitle=\"Lodge la Vieille Chemin\u00e9e Chamarel\"\n\t\t\t\t\t\t\tstyle=\"width:225px; height:225px;\">\n\t\t\t\t\t\t\t<span class=\"fetched\" style=\"background-image:  url('http:\/\/etcdn.net\/thumbnails\/31984\/it-chamarel-lodge-la-vieille-cheminee-chamarel-7575f.jpg');\" title=\"Lodge la Vieille Chemin\u00e9e Chamarel\"><\/span><amp-img width=\"225\" height=\"225\" src=\"http:\/\/etcdn.net\/thumbnails\/31984\/it-chamarel-lodge-la-vieille-cheminee-chamarel-7575f.jpg\">\t\t\t\t\t\t<\/a>\n\t\t\t\t\t<\/div>\n\t\t\t\t\t\t\t\t<div class=\"rss_content_wrap\">\n\t\t\t\t\t<span class=\"title\">\n\t\t\t\t\t\t<a href=\"https:\/\/mauritius.evolutiontravel.it\/it_IT\/900\/tab\/31984_lodge-la-vieille-cheminee-chamarel.html\" target=\"_blank\"  rel=\"noopener \">\n\t\t\t\t\t\t\tLodge la Vieille Chemin\u00e9e Chamarel\t\t\t\t\t\t<\/a>\n\t\t\t\t\t<\/span>\n\t\t\t\t\t<div class=\"rss_content\"\n\t\t\t\t\t\t\tstyle=\"\">\n\t\t\t\t\t\t\n\t\t\t\t\t\t\t\t\t\t\t\t<p class=\"description\">Questi deliziosi cottage sul versante sud-ovest della costa sono l'ideale\u00a0per vivere in modo diverso il soggiorno a Mauritius. [&hellip;]<\/p>\n\t\t\t\t\t\t\n\t\t\t\t\t\t\t\t\t\t\t\t\t\t\t\t\t\t\t<div class=\"price-wrap\">\n\t\t\t\t\t\t\t\t<a href=\"https:\/\/mauritius.evolutiontravel.it\/it_IT\/900\/tab\/31984_lodge-la-vieille-cheminee-chamarel.html\" target=\"_blank\" rel=\"noopener\"><button class=\"price\"> 590<\/button><\/a>\n\t\t\t\t\t\t\t<\/div>\n\t\t\t\t\t\t\t\t\t\t\t<\/div>\n\t\t\t\t<\/div>\n\t\t\t<\/li>\n\t\t\t\t\t\t<li  style=\"padding: 23px 0 38px\" class=\"rss_item feedzy-rss-col-3\" >\n\t\t\t\t\t\t\t\t\t<div class=\"rss_image\" style=\"width:225px; height:225px;\">\n\t\t\t\t\t\t<a href=\"https:\/\/mauritius.evolutiontravel.it\/it_IT\/900\/tab\/38586_chalets-chamarel.html\" target=\"_blank\" \n\t\t\t\t\t\t\trel=\"noopener \"\n\t\t\t\t\t\t\ttitle=\"Chalets Chamarel\"\n\t\t\t\t\t\t\tstyle=\"width:225px; height:225px;\">\n\t\t\t\t\t\t\t<span class=\"fetched\" style=\"background-image:  url('http:\/\/etcdn.net\/thumbnails\/38586\/it-chamarel-chalets-chamarel-7579f.jpg');\" title=\"Chalets Chamarel\"><\/span><amp-img width=\"225\" height=\"225\" src=\"http:\/\/etcdn.net\/thumbnails\/38586\/it-chamarel-chalets-chamarel-7579f.jpg\">\t\t\t\t\t\t<\/a>\n\t\t\t\t\t<\/div>\n\t\t\t\t\t\t\t\t<div class=\"rss_content_wrap\">\n\t\t\t\t\t<span class=\"title\">\n\t\t\t\t\t\t<a href=\"https:\/\/mauritius.evolutiontravel.it\/it_IT\/900\/tab\/38586_chalets-chamarel.html\" target=\"_blank\"  rel=\"noopener \">\n\t\t\t\t\t\t\tChalets Chamarel\t\t\t\t\t\t<\/a>\n\t\t\t\t\t<\/span>\n\t\t\t\t\t<div class=\"rss_content\"\n\t\t\t\t\t\t\tstyle=\"\">\n\t\t\t\t\t\t\n\t\t\t\t\t\t\t\t\t\t\t\t<p class=\"description\">Prenditi una pausa dal trambusto e immergiti nella natura di uno Chalet a Chamarel. Una fuga tra panorami spettacolari, dall'alba [&hellip;]<\/p>\n\t\t\t\t\t\t\n\t\t\t\t\t\t\t\t\t\t\t\t\t\t\t\t\t\t\t<div class=\"price-wrap\">\n\t\t\t\t\t\t\t\t<a href=\"https:\/\/mauritius.evolutiontravel.it\/it_IT\/900\/tab\/38586_chalets-chamarel.html\" target=\"_blank\" rel=\"noopener\"><button class=\"price\"> 560<\/button><\/a>\n\t\t\t\t\t\t\t<\/div>\n\t\t\t\t\t\t\t\t\t\t\t<\/div>\n\t\t\t\t<\/div>\n\t\t\t<\/li>\n\t\t\t\t<\/ul>\n<\/div>\n<style type=\"text\/css\" media=\"all\">.feedzy-rss .rss_item .rss_image{float:left;position:relative;border:none;text-decoration:none;max-width:100%}.feedzy-rss .rss_item .rss_image span{display:inline-block;position:absolute;width:100%;height:100%;background-position:50%;background-size:cover}.feedzy-rss .rss_item .rss_image{margin:.3em 1em 0 0;content-visibility:auto}.feedzy-rss ul{list-style:none}.feedzy-rss ul li{display:inline-block}<\/style>\n","protected":false},"excerpt":{"rendered":"<p>Mauritius pu\u00f2 essere davvero la destinazione della tua vacanza perfetta e sai perch\u00e8? Ci sono almeno 4 buoni motivi per scegliere questa destinazione e se non ci credi guarda le recensioni di chi gi\u00e0 ha fatto una vacanza a Mauritius! paesaggi da sogno; natura incontaminata; tante attivit\u00e0 sportive e per il divertimento di tutti prezzi <a class=\"moretag\" href=\"https:\/\/mauritius.evolutiontravel.it\/infovacanze\/vacanze\/\">[&#8230;]<\/a><\/p>\n","protected":false},"author":6,"featured_media":0,"parent":0,"menu_order":0,"comment_status":"closed","ping_status":"open","template":"templates\/template-with-right-sidebar.php","meta":{"footnotes":""},"yoast_head":"<!-- This site is optimized with the Yoast SEO plugin v21.9.1 - https:\/\/yoast.com\/wordpress\/plugins\/seo\/ -->\n<title>Mauritius: vacanza perfetta ed economica - Evolution Travel<\/title>\n<meta name=\"description\" content=\"Mauritius \u00e8 la meta della tua vacanza ideale: scopri con noi il perch\u00e8! Non perdere le occasioni della settimana per trasformare il tuo sogno in realt\u00e0!\" \/>\n<meta name=\"robots\" content=\"index, follow, max-snippet:-1, max-image-preview:large, max-video-preview:-1\" \/>\n<link rel=\"canonical\" href=\"https:\/\/mauritius.evolutiontravel.it\/infovacanze\/vacanze\/\" \/>\n<meta name=\"twitter:label1\" content=\"Tempo di lettura stimato\" \/>\n\t<meta name=\"twitter:data1\" content=\"3 minuti\" \/>\n<script type=\"application\/ld+json\" class=\"yoast-schema-graph\">{\"@context\":\"https:\/\/schema.org\",\"@graph\":[{\"@type\":\"WebPage\",\"@id\":\"https:\/\/mauritius.evolutiontravel.it\/infovacanze\/vacanze\/\",\"url\":\"https:\/\/mauritius.evolutiontravel.it\/infovacanze\/vacanze\/\",\"name\":\"Mauritius: vacanza perfetta ed economica - Evolution Travel\",\"isPartOf\":{\"@id\":\"https:\/\/mauritius.evolutiontravel.it\/infovacanze\/#website\"},\"datePublished\":\"2013-08-19T14:10:48+00:00\",\"dateModified\":\"2025-09-12T09:47:29+00:00\",\"description\":\"Mauritius \u00e8 la meta della tua vacanza ideale: scopri con noi il perch\u00e8! Non perdere le occasioni della settimana per trasformare il tuo sogno in realt\u00e0!\",\"inLanguage\":\"it-IT\",\"potentialAction\":[{\"@type\":\"ReadAction\",\"target\":[\"https:\/\/mauritius.evolutiontravel.it\/infovacanze\/vacanze\/\"]}]},{\"@type\":\"WebSite\",\"@id\":\"https:\/\/mauritius.evolutiontravel.it\/infovacanze\/#website\",\"url\":\"https:\/\/mauritius.evolutiontravel.it\/infovacanze\/\",\"name\":\"Mauritius\",\"description\":\"\",\"potentialAction\":[{\"@type\":\"SearchAction\",\"target\":{\"@type\":\"EntryPoint\",\"urlTemplate\":\"https:\/\/mauritius.evolutiontravel.it\/infovacanze\/?s={search_term_string}\"},\"query-input\":\"required name=search_term_string\"}],\"inLanguage\":\"it-IT\"}]}<\/script>\n<!-- \/ Yoast SEO plugin. -->","yoast_head_json":{"title":"Mauritius: vacanza perfetta ed economica - Evolution Travel","description":"Mauritius \u00e8 la meta della tua vacanza ideale: scopri con noi il perch\u00e8! Non perdere le occasioni della settimana per trasformare il tuo sogno in realt\u00e0!","robots":{"index":"index","follow":"follow","max-snippet":"max-snippet:-1","max-image-preview":"max-image-preview:large","max-video-preview":"max-video-preview:-1"},"canonical":"https:\/\/mauritius.evolutiontravel.it\/infovacanze\/vacanze\/","twitter_misc":{"Tempo di lettura stimato":"3 minuti"},"schema":{"@context":"https:\/\/schema.org","@graph":[{"@type":"WebPage","@id":"https:\/\/mauritius.evolutiontravel.it\/infovacanze\/vacanze\/","url":"https:\/\/mauritius.evolutiontravel.it\/infovacanze\/vacanze\/","name":"Mauritius: vacanza perfetta ed economica - Evolution Travel","isPartOf":{"@id":"https:\/\/mauritius.evolutiontravel.it\/infovacanze\/#website"},"datePublished":"2013-08-19T14:10:48+00:00","dateModified":"2025-09-12T09:47:29+00:00","description":"Mauritius \u00e8 la meta della tua vacanza ideale: scopri con noi il perch\u00e8! Non perdere le occasioni della settimana per trasformare il tuo sogno in realt\u00e0!","inLanguage":"it-IT","potentialAction":[{"@type":"ReadAction","target":["https:\/\/mauritius.evolutiontravel.it\/infovacanze\/vacanze\/"]}]},{"@type":"WebSite","@id":"https:\/\/mauritius.evolutiontravel.it\/infovacanze\/#website","url":"https:\/\/mauritius.evolutiontravel.it\/infovacanze\/","name":"Mauritius","description":"","potentialAction":[{"@type":"SearchAction","target":{"@type":"EntryPoint","urlTemplate":"https:\/\/mauritius.evolutiontravel.it\/infovacanze\/?s={search_term_string}"},"query-input":"required name=search_term_string"}],"inLanguage":"it-IT"}]}},"_links":{"self":[{"href":"https:\/\/mauritius.evolutiontravel.it\/infovacanze\/wp-json\/wp\/v2\/pages\/88"}],"collection":[{"href":"https:\/\/mauritius.evolutiontravel.it\/infovacanze\/wp-json\/wp\/v2\/pages"}],"about":[{"href":"https:\/\/mauritius.evolutiontravel.it\/infovacanze\/wp-json\/wp\/v2\/types\/page"}],"author":[{"embeddable":true,"href":"https:\/\/mauritius.evolutiontravel.it\/infovacanze\/wp-json\/wp\/v2\/users\/6"}],"replies":[{"embeddable":true,"href":"https:\/\/mauritius.evolutiontravel.it\/infovacanze\/wp-json\/wp\/v2\/comments?post=88"}],"version-history":[{"count":15,"href":"https:\/\/mauritius.evolutiontravel.it\/infovacanze\/wp-json\/wp\/v2\/pages\/88\/revisions"}],"predecessor-version":[{"id":1139,"href":"https:\/\/mauritius.evolutiontravel.it\/infovacanze\/wp-json\/wp\/v2\/pages\/88\/revisions\/1139"}],"wp:attachment":[{"href":"https:\/\/mauritius.evolutiontravel.it\/infovacanze\/wp-json\/wp\/v2\/media?parent=88"}],"curies":[{"name":"wp","href":"https:\/\/api.w.org\/{rel}","templated":true}]}}