{"id":961,"date":"2018-08-20T17:12:58","date_gmt":"2018-08-20T15:12:58","guid":{"rendered":"http:\/\/mauritius.evolutiontravel.it\/infovacanze\/?page_id=961"},"modified":"2019-01-08T11:01:49","modified_gmt":"2019-01-08T10:01:49","slug":"snorkeling","status":"publish","type":"page","link":"https:\/\/mauritius.evolutiontravel.it\/infovacanze\/snorkeling\/","title":{"rendered":"Snorkeling e Diving"},"content":{"rendered":"<p>Se vuoi fare <strong>snorkeling i fondali di Mauritius<\/strong> sono tra i migliori dell&#8217;Oceano Indiano proprio per la variet\u00e0 di fauna marina e potrai addirittura <strong>nuotare con i delfini,<\/strong> con un po&#8217; di fortuna. La bellezza di Mauritius trova il suo massimo splendore proprio nelle acque che circondano l\u2019isola, dove i colori sono incredibili e la vita marina \u00e8 frizzante; oltre a questo sport acquatico dove sostanzialmente si resta in superficie, molti turisti amano praticare qui <a title=\"immersioni mauritius\" href=\"https:\/\/mauritius.evolutiontravel.it\/infovacanze\/turismo\/diving\/\">anche le immersioni<\/a> grazie ai tanti tour e centri sparsi sull&#8217;isola.<\/p>\n<p>Infatti i turisti che alloggiano negli hotel possono acquistare pacchetti per diving e snorkeling, noleggiando la necessaria attrezzatura e potendo essere accompagnati da validi <strong>istruttori certificati<\/strong>. Potresti approfittare di un soggiorno a Mauritius per prendere un brevetto: sull\u2019isola sono presenti, infatti, rinomati centri quali quello di Padi, di Cmas e di Naui. In generale poi gli alberghi forniscono istruzioni base per effettuare sport acquatici, con lezioni ed incontri presso le piscine interne.<\/p>\n<p><strong>La zona ideale di Mauritius per lo snorkeling<\/strong> e non solo, \u00e8 \u201c<strong>Blue Bay<\/strong>\u201d che \u00e8 facilmente raggiungibile con la barca e con escursioni organizzate da numerosi operatori che troverete sia presso le agenzie che lungo la spiaggia, con appositi banchetti informativi.<\/p>\n<p>Anche la costa nei pressi della \u201c<strong>Trou aux Biches<\/strong>\u201d \u00e8 adatta per praticare questi sport subacquei ma in questo caso occorrer\u00e0 prestare molta attenzione perch\u00e8 \u00e8 frequentata anche da chi pratica sci d\u2019acqua e boat racing. Si tratta quindi di una localit\u00e0 balneare considerata pi\u00f9 pericolosa e, inoltre, \u00e8 un\u2019area prediletta per la pesca, soprattutto dagli abitanti dell\u2019isola.<\/p>\n<p>Ad ogni modo per tutta l\u2019isola ci sono zone predisposte solo per la balneazione o solo per gli sport acquatici. Ad esempio, <strong>sulla costa nord<\/strong> troviamo \u201cMerville Aquarium\u201d, \u201cMoravelReef\u201d, \u201cThe Wall\/Djabeda\u201d, \u201cStella Maru\u201d, \u201cWhale Rock\u201d, \u201cCava degli Squali\u201d e \u201cBanco Rouge\u201d.<\/p>\n<p><strong>Sulla costa est<\/strong> invece le zone migliori sono \u201cSquali Piatti\u201d, \u201cValle dei Ventagli Marini\u201d, \u201cGiardino Giapponese\u201d, \u201cCastello\u201d e \u201cPasso Dupuits\u201d. Lungo la costa sud-est troviamo una concentrazione pi\u00f9 alta di zone per gli sport acquatici quali: \u201cRoche Zozo\u201d, \u201cCrayfisch Cave\u201d, \u201cSirius\u201d, \u201cColorado\u201d, \u201cBottiglia Reef\u201d, \u201cThe Aquarium\/The Hill\u201d, \u201cPasso St Jacques\u201d, \u201cParadiso Profondo\u201d, \u201cPasso Cirtronee\u201d e \u201cPasso Anemone\u201d.<\/p>\n<p>Infine <strong>sulla costa ovest<\/strong> troviamo \u201cla Cattedrale\u201d e \u201cThe Aquarium\u201d.<\/p>\n<p>Insomma, qualsiasi costa dell\u2019isola di Mauritius scegliate, avrete l&#8217;imbarazzo della scelta nel praticare snorkeling o diving, certo, sempre con le dovute accortezze.<\/p>\n<p>Per coloro che, oltre ad ammirare i fondali mozzafiato di Mauritius, desiderano improvvisarsi esploratori potranno effettuare <strong>immersioni vicino a <a title=\"flic en flac\" href=\"https:\/\/mauritius.evolutiontravel.it\/infovacanze\/racconti-di-viaggio\/flic-en-flac\/\">Flic en Flac<\/a><\/strong>, dove sono presenti i quattro siti che corrispondono a <strong>quattro navi naufragate<\/strong> (Kei Sei 113, L\u2019 Orient, Le Saint-Gabriel e Tug II) durante gli anni Ottanta e che oggi fungono da barriere artificiali e da attrazione turistica per coloro che desidera dedicarsi a un tipo diverso di immersione.<\/p>\n<h3 style=\"text-align: center\">Offerte viaggi e vacanze a Mauritius<\/h3>\n<p style=\"text-align: center\"><strong><span style=\"color: #008000\">CLICCA e scopri subito<\/span><\/strong>: <strong>programma<\/strong>, <strong>commenti<\/strong>, <strong>foto<\/strong>,<strong> itineari<\/strong> e altro ancora!<\/p>\n<div class=\"feedzy-1354876b960a3a0a21000377e978a692 feedzy-rss\">\n\t\t<ul class=\"feedzy-style2\">\n\t\t\t\t\t<li  style=\"padding: 23px 0 38px\" class=\"rss_item feedzy-rss-col-3\" >\n\t\t\t\t\t\t\t\t\t<div class=\"rss_image\" style=\"width:225px; height:225px;\">\n\t\t\t\t\t\t<a href=\"https:\/\/mauritius.evolutiontravel.it\/it_IT\/900\/tab\/23348_fly-drive-una-vacanza-in-liberta.html\" target=\"_blank\" \n\t\t\t\t\t\t\trel=\"noopener \"\n\t\t\t\t\t\t\ttitle=\"Fly &amp; Drive una vacanza in libert\u00e0\"\n\t\t\t\t\t\t\tstyle=\"width:225px; height:225px;\">\n\t\t\t\t\t\t\t<span class=\"fetched\" style=\"background-image:  url('http:\/\/etcdn.net\/thumbnails\/23348\/it-flic-en-flac-fly-drive-una-vacanza-in-liberta-51dbe.jpg');\" title=\"Fly &amp; Drive una vacanza in libert\u00e0\"><\/span><amp-img width=\"225\" height=\"225\" src=\"http:\/\/etcdn.net\/thumbnails\/23348\/it-flic-en-flac-fly-drive-una-vacanza-in-liberta-51dbe.jpg\">\t\t\t\t\t\t<\/a>\n\t\t\t\t\t<\/div>\n\t\t\t\t\t\t\t\t<div class=\"rss_content_wrap\">\n\t\t\t\t\t<span class=\"title\">\n\t\t\t\t\t\t<a href=\"https:\/\/mauritius.evolutiontravel.it\/it_IT\/900\/tab\/23348_fly-drive-una-vacanza-in-liberta.html\" target=\"_blank\"  rel=\"noopener \">\n\t\t\t\t\t\t\tFly &amp; Drive una vacanza in libert\u00e0\t\t\t\t\t\t<\/a>\n\t\t\t\t\t<\/span>\n\t\t\t\t\t<div class=\"rss_content\"\n\t\t\t\t\t\t\tstyle=\"\">\n\t\t\t\t\t\t\n\t\t\t\t\t\t\t\t\t\t\t\t<p class=\"description\">Viaggia e visita Mauritius in libert\u00e0 facendo base a Flic en Flac, una delle pi\u00f9 belle spiagge dell'isola. Costruisci il tuo [&hellip;]<\/p>\n\t\t\t\t\t\t\n\t\t\t\t\t\t\t\t\t\t\t\t\t\t\t\t\t\t\t<div class=\"price-wrap\">\n\t\t\t\t\t\t\t\t<a href=\"https:\/\/mauritius.evolutiontravel.it\/it_IT\/900\/tab\/23348_fly-drive-una-vacanza-in-liberta.html\" target=\"_blank\" rel=\"noopener\"><button class=\"price\"> 1330<\/button><\/a>\n\t\t\t\t\t\t\t<\/div>\n\t\t\t\t\t\t\t\t\t\t\t<\/div>\n\t\t\t\t<\/div>\n\t\t\t<\/li>\n\t\t\t\t\t\t<li  style=\"padding: 23px 0 38px\" class=\"rss_item feedzy-rss-col-3\" >\n\t\t\t\t\t\t\t\t\t<div class=\"rss_image\" style=\"width:225px; height:225px;\">\n\t\t\t\t\t\t<a href=\"https:\/\/mauritius.evolutiontravel.it\/it_IT\/900\/tab\/23398_sugar-beach-a-sun-resort.html\" target=\"_blank\" \n\t\t\t\t\t\t\trel=\"noopener \"\n\t\t\t\t\t\t\ttitle=\"Sugar Beach A Sun Resort\"\n\t\t\t\t\t\t\tstyle=\"width:225px; height:225px;\">\n\t\t\t\t\t\t\t<span class=\"fetched\" style=\"background-image:  url('http:\/\/etcdn.net\/thumbnails\/23398\/it-flic-en-flac-hotel-sugar-beach-resort-5-stelle-50528.jpg');\" title=\"Sugar Beach A Sun Resort\"><\/span><amp-img width=\"225\" height=\"225\" src=\"http:\/\/etcdn.net\/thumbnails\/23398\/it-flic-en-flac-hotel-sugar-beach-resort-5-stelle-50528.jpg\">\t\t\t\t\t\t<\/a>\n\t\t\t\t\t<\/div>\n\t\t\t\t\t\t\t\t<div class=\"rss_content_wrap\">\n\t\t\t\t\t<span class=\"title\">\n\t\t\t\t\t\t<a href=\"https:\/\/mauritius.evolutiontravel.it\/it_IT\/900\/tab\/23398_sugar-beach-a-sun-resort.html\" target=\"_blank\"  rel=\"noopener \">\n\t\t\t\t\t\t\tSugar Beach A Sun Resort\t\t\t\t\t\t<\/a>\n\t\t\t\t\t<\/span>\n\t\t\t\t\t<div class=\"rss_content\"\n\t\t\t\t\t\t\tstyle=\"\">\n\t\t\t\t\t\t\n\t\t\t\t\t\t\t\t\t\t\t\t<p class=\"description\">Hotel elegante e vivace, circondato da un meraviglioso giardino tropicale, adatto a famiglie, coppie, gruppi di giovani. Molto [&hellip;]<\/p>\n\t\t\t\t\t\t\n\t\t\t\t\t\t\t\t\t\t\t\t\t\t\t\t\t\t\t<div class=\"price-wrap\">\n\t\t\t\t\t\t\t\t<a href=\"https:\/\/mauritius.evolutiontravel.it\/it_IT\/900\/tab\/23398_sugar-beach-a-sun-resort.html\" target=\"_blank\" rel=\"noopener\"><button class=\"price\"> 2600<\/button><\/a>\n\t\t\t\t\t\t\t<\/div>\n\t\t\t\t\t\t\t\t\t\t\t<\/div>\n\t\t\t\t<\/div>\n\t\t\t<\/li>\n\t\t\t\t\t\t<li  style=\"padding: 23px 0 38px\" class=\"rss_item feedzy-rss-col-3\" >\n\t\t\t\t\t\t\t\t\t<div class=\"rss_image\" style=\"width:225px; height:225px;\">\n\t\t\t\t\t\t<a href=\"https:\/\/mauritius.evolutiontravel.it\/it_IT\/900\/tab\/23497_oneonly-le-saint-geran.html\" target=\"_blank\" \n\t\t\t\t\t\t\trel=\"noopener \"\n\t\t\t\t\t\t\ttitle=\"One&amp;Only Le Saint G\u00e9ran\"\n\t\t\t\t\t\t\tstyle=\"width:225px; height:225px;\">\n\t\t\t\t\t\t\t<span class=\"fetched\" style=\"background-image:  url('http:\/\/etcdn.net\/thumbnails\/23497\/it-trou-deau-douce-hotel-oneonly-le-saint-geran-5-stelle-lusso-52a67.jpg');\" title=\"One&amp;Only Le Saint G\u00e9ran\"><\/span><amp-img width=\"225\" height=\"225\" src=\"http:\/\/etcdn.net\/thumbnails\/23497\/it-trou-deau-douce-hotel-oneonly-le-saint-geran-5-stelle-lusso-52a67.jpg\">\t\t\t\t\t\t<\/a>\n\t\t\t\t\t<\/div>\n\t\t\t\t\t\t\t\t<div class=\"rss_content_wrap\">\n\t\t\t\t\t<span class=\"title\">\n\t\t\t\t\t\t<a href=\"https:\/\/mauritius.evolutiontravel.it\/it_IT\/900\/tab\/23497_oneonly-le-saint-geran.html\" target=\"_blank\"  rel=\"noopener \">\n\t\t\t\t\t\t\tOne&amp;Only Le Saint G\u00e9ran\t\t\t\t\t\t<\/a>\n\t\t\t\t\t<\/span>\n\t\t\t\t\t<div class=\"rss_content\"\n\t\t\t\t\t\t\tstyle=\"\">\n\t\t\t\t\t\t\n\t\t\t\t\t\t\t\t\t\t\t\t<p class=\"description\">Il top di Mauritius. Questo prestigioso resort della catena One&amp;Only viene definito dai mauriziani il pi\u00f9 bello dell'isola. [&hellip;]<\/p>\n\t\t\t\t\t\t\n\t\t\t\t\t\t\t\t\t\t\t\t\t\t\t\t\t\t\t<div class=\"price-wrap\">\n\t\t\t\t\t\t\t\t<a href=\"https:\/\/mauritius.evolutiontravel.it\/it_IT\/900\/tab\/23497_oneonly-le-saint-geran.html\" target=\"_blank\" rel=\"noopener\"><button class=\"price\"> 4080<\/button><\/a>\n\t\t\t\t\t\t\t<\/div>\n\t\t\t\t\t\t\t\t\t\t\t<\/div>\n\t\t\t\t<\/div>\n\t\t\t<\/li>\n\t\t\t\t\t\t<li  style=\"padding: 23px 0 38px\" class=\"rss_item feedzy-rss-col-3\" >\n\t\t\t\t\t\t\t\t\t<div class=\"rss_image\" style=\"width:225px; height:225px;\">\n\t\t\t\t\t\t<a href=\"https:\/\/mauritius.evolutiontravel.it\/it_IT\/900\/tab\/23492_shangri-las-le-touessrok-resort-spa-5-stelle-lusso.html\" target=\"_blank\" \n\t\t\t\t\t\t\trel=\"noopener \"\n\t\t\t\t\t\t\ttitle=\"Shangri-la&#039;s - Le Touessrok Resort &amp; Spa 5 stelle Lusso\"\n\t\t\t\t\t\t\tstyle=\"width:225px; height:225px;\">\n\t\t\t\t\t\t\t<span class=\"fetched\" style=\"background-image:  url('http:\/\/etcdn.net\/thumbnails\/23492\/it-trou-deau-douce-shangri-las-le-touessrok-resort-spa-5-stelle-lusso-5166d.jpg');\" title=\"Shangri-la&#039;s - Le Touessrok Resort &amp; Spa 5 stelle Lusso\"><\/span><amp-img width=\"225\" height=\"225\" src=\"http:\/\/etcdn.net\/thumbnails\/23492\/it-trou-deau-douce-shangri-las-le-touessrok-resort-spa-5-stelle-lusso-5166d.jpg\">\t\t\t\t\t\t<\/a>\n\t\t\t\t\t<\/div>\n\t\t\t\t\t\t\t\t<div class=\"rss_content_wrap\">\n\t\t\t\t\t<span class=\"title\">\n\t\t\t\t\t\t<a href=\"https:\/\/mauritius.evolutiontravel.it\/it_IT\/900\/tab\/23492_shangri-las-le-touessrok-resort-spa-5-stelle-lusso.html\" target=\"_blank\"  rel=\"noopener \">\n\t\t\t\t\t\t\tShangri-la's - Le Touessrok Resort &amp; Spa 5 stelle Lusso\t\t\t\t\t\t<\/a>\n\t\t\t\t\t<\/span>\n\t\t\t\t\t<div class=\"rss_content\"\n\t\t\t\t\t\t\tstyle=\"\">\n\t\t\t\t\t\t\n\t\t\t\t\t\t\t\t\t\t\t\t<p class=\"description\">Uno dei capisaldi del lusso ai Tropici, \u00e8 tra i luoghi pi\u00f9 romantici al mondo. Particolarmente consigliata ad una clientela [&hellip;]<\/p>\n\t\t\t\t\t\t\n\t\t\t\t\t\t\t\t\t\t\t\t\t\t\t\t\t\t\t<div class=\"price-wrap\">\n\t\t\t\t\t\t\t\t<a href=\"https:\/\/mauritius.evolutiontravel.it\/it_IT\/900\/tab\/23492_shangri-las-le-touessrok-resort-spa-5-stelle-lusso.html\" target=\"_blank\" rel=\"noopener\"><button class=\"price\"> 3650<\/button><\/a>\n\t\t\t\t\t\t\t<\/div>\n\t\t\t\t\t\t\t\t\t\t\t<\/div>\n\t\t\t\t<\/div>\n\t\t\t<\/li>\n\t\t\t\t\t\t<li  style=\"padding: 23px 0 38px\" class=\"rss_item feedzy-rss-col-3\" >\n\t\t\t\t\t\t\t\t\t<div class=\"rss_image\" style=\"width:225px; height:225px;\">\n\t\t\t\t\t\t<a href=\"https:\/\/mauritius.evolutiontravel.it\/it_IT\/900\/tab\/33751_guesthouse-villa-abi.html\" target=\"_blank\" \n\t\t\t\t\t\t\trel=\"noopener \"\n\t\t\t\t\t\t\ttitle=\"Guesthouse Villa Abi\"\n\t\t\t\t\t\t\tstyle=\"width:225px; height:225px;\">\n\t\t\t\t\t\t\t<span class=\"fetched\" style=\"background-image:  url('http:\/\/etcdn.net\/thumbnails\/33751\/it-flic-en-flac-guesthouse-villa-abi-61bfe.jpg');\" title=\"Guesthouse Villa Abi\"><\/span><amp-img width=\"225\" height=\"225\" src=\"http:\/\/etcdn.net\/thumbnails\/33751\/it-flic-en-flac-guesthouse-villa-abi-61bfe.jpg\">\t\t\t\t\t\t<\/a>\n\t\t\t\t\t<\/div>\n\t\t\t\t\t\t\t\t<div class=\"rss_content_wrap\">\n\t\t\t\t\t<span class=\"title\">\n\t\t\t\t\t\t<a href=\"https:\/\/mauritius.evolutiontravel.it\/it_IT\/900\/tab\/33751_guesthouse-villa-abi.html\" target=\"_blank\"  rel=\"noopener \">\n\t\t\t\t\t\t\tGuesthouse Villa Abi\t\t\t\t\t\t<\/a>\n\t\t\t\t\t<\/span>\n\t\t\t\t\t<div class=\"rss_content\"\n\t\t\t\t\t\t\tstyle=\"\">\n\t\t\t\t\t\t\n\t\t\t\t\t\t\t\t\t\t\t\t<p class=\"description\">Graziosa guesthouse immersa in un giardino tropicale, a pochi passi da una delle spiagge pi\u00f9 belle di Mauritius: la spiaggia di [&hellip;]<\/p>\n\t\t\t\t\t\t\n\t\t\t\t\t\t\t\t\t\t\t\t\t\t\t\t\t\t\t<div class=\"price-wrap\">\n\t\t\t\t\t\t\t\t<a href=\"https:\/\/mauritius.evolutiontravel.it\/it_IT\/900\/tab\/33751_guesthouse-villa-abi.html\" target=\"_blank\" rel=\"noopener\"><button class=\"price\"> 1140<\/button><\/a>\n\t\t\t\t\t\t\t<\/div>\n\t\t\t\t\t\t\t\t\t\t\t<\/div>\n\t\t\t\t<\/div>\n\t\t\t<\/li>\n\t\t\t\t\t\t<li  style=\"padding: 23px 0 38px\" class=\"rss_item feedzy-rss-col-3\" >\n\t\t\t\t\t\t\t\t\t<div class=\"rss_image\" style=\"width:225px; height:225px;\">\n\t\t\t\t\t\t<a href=\"https:\/\/mauritius.evolutiontravel.it\/it_IT\/900\/tab\/28490_aanari-hotel-spa.html\" target=\"_blank\" \n\t\t\t\t\t\t\trel=\"noopener \"\n\t\t\t\t\t\t\ttitle=\"Aanari Hotel &amp; Spa\"\n\t\t\t\t\t\t\tstyle=\"width:225px; height:225px;\">\n\t\t\t\t\t\t\t<span class=\"fetched\" style=\"background-image:  url('http:\/\/etcdn.net\/thumbnails\/28490\/it-flic-en-flac-aanari-hotel-spa-7ee95.jpg');\" title=\"Aanari Hotel &amp; Spa\"><\/span><amp-img width=\"225\" height=\"225\" src=\"http:\/\/etcdn.net\/thumbnails\/28490\/it-flic-en-flac-aanari-hotel-spa-7ee95.jpg\">\t\t\t\t\t\t<\/a>\n\t\t\t\t\t<\/div>\n\t\t\t\t\t\t\t\t<div class=\"rss_content_wrap\">\n\t\t\t\t\t<span class=\"title\">\n\t\t\t\t\t\t<a href=\"https:\/\/mauritius.evolutiontravel.it\/it_IT\/900\/tab\/28490_aanari-hotel-spa.html\" target=\"_blank\"  rel=\"noopener \">\n\t\t\t\t\t\t\tAanari Hotel &amp; Spa\t\t\t\t\t\t<\/a>\n\t\t\t\t\t<\/span>\n\t\t\t\t\t<div class=\"rss_content\"\n\t\t\t\t\t\t\tstyle=\"\">\n\t\t\t\t\t\t\n\t\t\t\t\t\t\t\t\t\t\t\t<p class=\"description\">Hotel semplice consigliato a tutti coloro che da una vacanza a Mauritius si aspettano una buona sistemazione alberghiera come [&hellip;]<\/p>\n\t\t\t\t\t\t\n\t\t\t\t\t\t\t\t\t\t\t\t\t\t\t\t\t\t\t<div class=\"price-wrap\">\n\t\t\t\t\t\t\t\t<a href=\"https:\/\/mauritius.evolutiontravel.it\/it_IT\/900\/tab\/28490_aanari-hotel-spa.html\" target=\"_blank\" rel=\"noopener\"><button class=\"price\"> 1190<\/button><\/a>\n\t\t\t\t\t\t\t<\/div>\n\t\t\t\t\t\t\t\t\t\t\t<\/div>\n\t\t\t\t<\/div>\n\t\t\t<\/li>\n\t\t\t\t<\/ul>\n<\/div>\n<style type=\"text\/css\" media=\"all\">.feedzy-rss .rss_item .rss_image{float:left;position:relative;border:none;text-decoration:none;max-width:100%}.feedzy-rss .rss_item .rss_image span{display:inline-block;position:absolute;width:100%;height:100%;background-position:50%;background-size:cover}.feedzy-rss .rss_item .rss_image{margin:.3em 1em 0 0;content-visibility:auto}.feedzy-rss ul{list-style:none}.feedzy-rss ul li{display:inline-block}<\/style>\n<p>Per approfondire l&#8217;argomento &#8220;mare&#8221; leggi anche:<\/p>\n<ul>\n<li><a href=\"https:\/\/mauritius.evolutiontravel.it\/infovacanze\/racconti-di-viaggio\/spiagge\/\">Le pi\u00f9 belle spiagge di Mauritius<\/a><\/li>\n<li><a href=\"https:\/\/mauritius.evolutiontravel.it\/infovacanze\/vacanze\/periodo-migliore\/\">Il periodo migliore per andare a Mauritius<\/a><\/li>\n<\/ul>\n","protected":false},"excerpt":{"rendered":"<p>Se vuoi fare snorkeling i fondali di Mauritius sono tra i migliori dell&#8217;Oceano Indiano proprio per la variet\u00e0 di fauna marina e potrai addirittura nuotare con i delfini, con un po&#8217; di fortuna. La bellezza di Mauritius trova il suo massimo splendore proprio nelle acque che circondano l\u2019isola, dove i colori sono incredibili e la <a class=\"moretag\" href=\"https:\/\/mauritius.evolutiontravel.it\/infovacanze\/snorkeling\/\">[&#8230;]<\/a><\/p>\n","protected":false},"author":6,"featured_media":0,"parent":0,"menu_order":0,"comment_status":"closed","ping_status":"closed","template":"templates\/template-with-right-sidebar.php","meta":{"footnotes":""},"yoast_head":"<!-- This site is optimized with the Yoast SEO plugin v21.9.1 - https:\/\/yoast.com\/wordpress\/plugins\/seo\/ -->\n<title>Snorkeling a Mauritius: dove vedere i pesci dell&#039;Oceano Indiano<\/title>\n<meta name=\"description\" content=\"Una vacanza dedicata allo snorkeling? Alle Mauritius \u00e8 possibile! Leggi il nostro articolo e no perdere le occasioni della settimana!\" \/>\n<meta name=\"robots\" content=\"index, follow, max-snippet:-1, max-image-preview:large, max-video-preview:-1\" \/>\n<link rel=\"canonical\" href=\"https:\/\/mauritius.evolutiontravel.it\/infovacanze\/snorkeling\/\" \/>\n<meta name=\"twitter:label1\" content=\"Tempo di lettura stimato\" \/>\n\t<meta name=\"twitter:data1\" content=\"3 minuti\" \/>\n<script type=\"application\/ld+json\" class=\"yoast-schema-graph\">{\"@context\":\"https:\/\/schema.org\",\"@graph\":[{\"@type\":\"WebPage\",\"@id\":\"https:\/\/mauritius.evolutiontravel.it\/infovacanze\/snorkeling\/\",\"url\":\"https:\/\/mauritius.evolutiontravel.it\/infovacanze\/snorkeling\/\",\"name\":\"Snorkeling a Mauritius: dove vedere i pesci dell'Oceano Indiano\",\"isPartOf\":{\"@id\":\"https:\/\/mauritius.evolutiontravel.it\/infovacanze\/#website\"},\"datePublished\":\"2018-08-20T15:12:58+00:00\",\"dateModified\":\"2019-01-08T10:01:49+00:00\",\"description\":\"Una vacanza dedicata allo snorkeling? Alle Mauritius \u00e8 possibile! Leggi il nostro articolo e no perdere le occasioni della settimana!\",\"inLanguage\":\"it-IT\",\"potentialAction\":[{\"@type\":\"ReadAction\",\"target\":[\"https:\/\/mauritius.evolutiontravel.it\/infovacanze\/snorkeling\/\"]}]},{\"@type\":\"WebSite\",\"@id\":\"https:\/\/mauritius.evolutiontravel.it\/infovacanze\/#website\",\"url\":\"https:\/\/mauritius.evolutiontravel.it\/infovacanze\/\",\"name\":\"Mauritius\",\"description\":\"\",\"potentialAction\":[{\"@type\":\"SearchAction\",\"target\":{\"@type\":\"EntryPoint\",\"urlTemplate\":\"https:\/\/mauritius.evolutiontravel.it\/infovacanze\/?s={search_term_string}\"},\"query-input\":\"required name=search_term_string\"}],\"inLanguage\":\"it-IT\"}]}<\/script>\n<!-- \/ Yoast SEO plugin. -->","yoast_head_json":{"title":"Snorkeling a Mauritius: dove vedere i pesci dell'Oceano Indiano","description":"Una vacanza dedicata allo snorkeling? Alle Mauritius \u00e8 possibile! Leggi il nostro articolo e no perdere le occasioni della settimana!","robots":{"index":"index","follow":"follow","max-snippet":"max-snippet:-1","max-image-preview":"max-image-preview:large","max-video-preview":"max-video-preview:-1"},"canonical":"https:\/\/mauritius.evolutiontravel.it\/infovacanze\/snorkeling\/","twitter_misc":{"Tempo di lettura stimato":"3 minuti"},"schema":{"@context":"https:\/\/schema.org","@graph":[{"@type":"WebPage","@id":"https:\/\/mauritius.evolutiontravel.it\/infovacanze\/snorkeling\/","url":"https:\/\/mauritius.evolutiontravel.it\/infovacanze\/snorkeling\/","name":"Snorkeling a Mauritius: dove vedere i pesci dell'Oceano Indiano","isPartOf":{"@id":"https:\/\/mauritius.evolutiontravel.it\/infovacanze\/#website"},"datePublished":"2018-08-20T15:12:58+00:00","dateModified":"2019-01-08T10:01:49+00:00","description":"Una vacanza dedicata allo snorkeling? Alle Mauritius \u00e8 possibile! Leggi il nostro articolo e no perdere le occasioni della settimana!","inLanguage":"it-IT","potentialAction":[{"@type":"ReadAction","target":["https:\/\/mauritius.evolutiontravel.it\/infovacanze\/snorkeling\/"]}]},{"@type":"WebSite","@id":"https:\/\/mauritius.evolutiontravel.it\/infovacanze\/#website","url":"https:\/\/mauritius.evolutiontravel.it\/infovacanze\/","name":"Mauritius","description":"","potentialAction":[{"@type":"SearchAction","target":{"@type":"EntryPoint","urlTemplate":"https:\/\/mauritius.evolutiontravel.it\/infovacanze\/?s={search_term_string}"},"query-input":"required name=search_term_string"}],"inLanguage":"it-IT"}]}},"_links":{"self":[{"href":"https:\/\/mauritius.evolutiontravel.it\/infovacanze\/wp-json\/wp\/v2\/pages\/961"}],"collection":[{"href":"https:\/\/mauritius.evolutiontravel.it\/infovacanze\/wp-json\/wp\/v2\/pages"}],"about":[{"href":"https:\/\/mauritius.evolutiontravel.it\/infovacanze\/wp-json\/wp\/v2\/types\/page"}],"author":[{"embeddable":true,"href":"https:\/\/mauritius.evolutiontravel.it\/infovacanze\/wp-json\/wp\/v2\/users\/6"}],"replies":[{"embeddable":true,"href":"https:\/\/mauritius.evolutiontravel.it\/infovacanze\/wp-json\/wp\/v2\/comments?post=961"}],"version-history":[{"count":3,"href":"https:\/\/mauritius.evolutiontravel.it\/infovacanze\/wp-json\/wp\/v2\/pages\/961\/revisions"}],"predecessor-version":[{"id":1091,"href":"https:\/\/mauritius.evolutiontravel.it\/infovacanze\/wp-json\/wp\/v2\/pages\/961\/revisions\/1091"}],"wp:attachment":[{"href":"https:\/\/mauritius.evolutiontravel.it\/infovacanze\/wp-json\/wp\/v2\/media?parent=961"}],"curies":[{"name":"wp","href":"https:\/\/api.w.org\/{rel}","templated":true}]}}